{"id":289,"date":"2021-06-13T09:41:02","date_gmt":"2021-06-13T07:41:02","guid":{"rendered":"https:\/\/www.bibifood.sk\/?page_id=289"},"modified":"2021-06-16T18:43:23","modified_gmt":"2021-06-16T16:43:23","slug":"silmark-vitamin-c-90-tabliet","status":"publish","type":"page","link":"https:\/\/www.bibifood.sk\/index.php\/silmark-vitamin-c-90-tabliet\/","title":{"rendered":"SILMARK vitam\u00edn C 90 tabliet"},"content":{"rendered":"\t\t<div data-elementor-type=\"wp-page\" data-elementor-id=\"289\" class=\"elementor elementor-289\">\n\t\t\t\t\t\t\t\t\t<section class=\"elementor-section elementor-top-section elementor-element elementor-element-8807317 elementor-section-height-min-height elementor-section-content-middle elementor-section-boxed elementor-section-height-default elementor-section-items-middle\" data-id=\"8807317\" data-element_type=\"section\" data-settings=\"{&quot;background_background&quot;:&quot;classic&quot;,&quot;shape_divider_bottom&quot;:&quot;waves&quot;,&quot;shape_divider_bottom_negative&quot;:&quot;yes&quot;}\">\n\t\t\t\t\t\t\t<div class=\"elementor-background-overlay\"><\/div>\n\t\t\t\t\t\t<div class=\"elementor-shape elementor-shape-bottom\" data-negative=\"true\">\n\t\t\t<svg xmlns=\"http:\/\/www.w3.org\/2000\/svg\" viewBox=\"0 0 1000 100\" preserveAspectRatio=\"none\">\n\t<path class=\"elementor-shape-fill\" d=\"M790.5,93.1c-59.3-5.3-116.8-18-192.6-50c-29.6-12.7-76.9-31-100.5-35.9c-23.6-4.9-52.6-7.8-75.5-5.3\n\tc-10.2,1.1-22.6,1.4-50.1,7.4c-27.2,6.3-58.2,16.6-79.4,24.7c-41.3,15.9-94.9,21.9-134,22.6C72,58.2,0,25.8,0,25.8V100h1000V65.3\n\tc0,0-51.5,19.4-106.2,25.7C839.5,97,814.1,95.2,790.5,93.1z\"\/>\n<\/svg>\t\t<\/div>\n\t\t\t\t\t<div class=\"elementor-container elementor-column-gap-default\">\n\t\t\t\t\t<div class=\"elementor-column elementor-col-100 elementor-top-column elementor-element elementor-element-9080b3c\" data-id=\"9080b3c\" data-element_type=\"column\">\n\t\t\t<div class=\"elementor-widget-wrap elementor-element-populated\">\n\t\t\t\t\t\t\t\t<div class=\"elementor-element elementor-element-6dc1e38 elementor-invisible elementor-widget elementor-widget-text-editor\" data-id=\"6dc1e38\" data-element_type=\"widget\" data-settings=\"{&quot;_animation&quot;:&quot;fadeIn&quot;}\" data-widget_type=\"text-editor.default\">\n\t\t\t\t<div class=\"elementor-widget-container\">\n\t\t\t\t\t\t\t<p>SILMARK VITAM\u00cdN C 90 TABLIET<\/p>\t\t\t\t\t\t<\/div>\n\t\t\t\t<\/div>\n\t\t\t\t\t<\/div>\n\t\t<\/div>\n\t\t\t\t\t\t\t<\/div>\n\t\t<\/section>\n\t\t\t\t<section class=\"elementor-section elementor-top-section elementor-element elementor-element-bf93de6 elementor-section-boxed elementor-section-height-default elementor-section-height-default\" data-id=\"bf93de6\" data-element_type=\"section\">\n\t\t\t\t\t\t<div class=\"elementor-container elementor-column-gap-default\">\n\t\t\t\t\t<div class=\"elementor-column elementor-col-100 elementor-top-column elementor-element elementor-element-108a7d0\" data-id=\"108a7d0\" data-element_type=\"column\">\n\t\t\t<div class=\"elementor-widget-wrap elementor-element-populated\">\n\t\t\t\t\t\t\t\t<div class=\"elementor-element elementor-element-8096e87 elementor-widget elementor-widget-image\" data-id=\"8096e87\" data-element_type=\"widget\" data-widget_type=\"image.default\">\n\t\t\t\t<div class=\"elementor-widget-container\">\n\t\t\t\t\t\t\t\t\t\t\t\t\t\t\t<img width=\"300\" height=\"300\" src=\"https:\/\/www.bibifood.sk\/wp-content\/uploads\/2021\/06\/SILMARK-Vitamin-C-300x300.jpg\" class=\"attachment-medium size-medium wp-image-199\" alt=\"\" loading=\"lazy\" srcset=\"https:\/\/www.bibifood.sk\/wp-content\/uploads\/2021\/06\/SILMARK-Vitamin-C-300x300.jpg 300w, https:\/\/www.bibifood.sk\/wp-content\/uploads\/2021\/06\/SILMARK-Vitamin-C-150x150.jpg 150w, https:\/\/www.bibifood.sk\/wp-content\/uploads\/2021\/06\/SILMARK-Vitamin-C-768x768.jpg 768w, https:\/\/www.bibifood.sk\/wp-content\/uploads\/2021\/06\/SILMARK-Vitamin-C.jpg 800w\" sizes=\"(max-width: 300px) 100vw, 300px\" \/>\t\t\t\t\t\t\t\t\t\t\t\t\t\t\t<\/div>\n\t\t\t\t<\/div>\n\t\t\t\t\t<\/div>\n\t\t<\/div>\n\t\t\t\t\t\t\t<\/div>\n\t\t<\/section>\n\t\t\t\t<section class=\"elementor-section elementor-top-section elementor-element elementor-element-6ec0a9e elementor-section-boxed elementor-section-height-default elementor-section-height-default\" data-id=\"6ec0a9e\" data-element_type=\"section\">\n\t\t\t\t\t\t<div class=\"elementor-container elementor-column-gap-default\">\n\t\t\t\t\t<div class=\"elementor-column elementor-col-100 elementor-top-column elementor-element elementor-element-dfd9c0e\" data-id=\"dfd9c0e\" data-element_type=\"column\">\n\t\t\t<div class=\"elementor-widget-wrap elementor-element-populated\">\n\t\t\t\t\t\t\t\t<div class=\"elementor-element elementor-element-7dff74a elementor-widget elementor-widget-text-editor\" data-id=\"7dff74a\" data-element_type=\"widget\" data-widget_type=\"text-editor.default\">\n\t\t\t\t<div class=\"elementor-widget-container\">\n\t\t\t\t\t\t\t<div class=\"woocommerce-product-details__short-description\"><p>Vitam\u00edn C, tie\u017e zn\u00e1my ako kyselina askorbov\u00e1, je siln\u00fd vitam\u00edn, ktor\u00fd pri prekro\u010den\u00ed dennej d\u00e1vky nem\u00e1 \u017eiadne nebezpe\u010dn\u00e9 ved\u013eaj\u0161ie \u00fa\u010dinky.\u00a0Rozpustn\u00fd vo vode a jej prebytok odstr\u00e1nen\u00fd mo\u010dom.\u00a0Jeho podpora imunity a hojenie r\u00e1n s\u00fa dobre zn\u00e1me.\u00a0Z\u00e1rove\u0148 je to jeden z najd\u00f4le\u017eitej\u0161\u00edch vitam\u00ednov, bez ktor\u00e9ho nebude \u013eudsk\u00e9 telo spr\u00e1vne fungova\u0165.\u00a0Ako siln\u00fd antioxidant zni\u017euje \u00fanavu.<\/p><p>Je nevyhnutn\u00fd pri predch\u00e1dzan\u00ed probl\u00e9mom s krvn\u00fdmi cievami.\u00a0Odpor\u00fa\u010da sa pri zv\u00fd\u0161enej fyzickej n\u00e1mahe, preto\u017ee zni\u017euje hladinu kortizolu a chr\u00e1ni svalov\u00e9 vl\u00e1kna pred odb\u00faravan\u00edm bielkov\u00edn.\u00a0\u010eal\u0161ou v\u00fdhodou suplement\u00e1cie vitam\u00ednom C je efekt\u00edvnej\u0161ie spa\u013eovanie tukov po\u010das cvi\u010denia.\u00a0\u010eal\u0161ou v\u00fdhodou tohto vitam\u00ednu je jeho schopnos\u0165 vyplavova\u0165 zo svalov kyselinu mlie\u010dnu, ktor\u00e1 sa tvor\u00ed pri zv\u00fd\u0161enej n\u00e1mahe.<\/p><p>Jedn\u00fdm slovom, zabra\u0148uje vzniku bolesti a pom\u00e1ha telu r\u00fdchlej\u0161ie sa regenerova\u0165.\u00a0V\u010faka vitam\u00ednu sa \u017eelezo vstreb\u00e1va r\u00fdchlej\u0161ie, v\u010faka \u010domu sa zlep\u0161uje transport kysl\u00edka v tele a na\u0161a \u00fa\u010dinnos\u0165.\u00a0V\u010faka pravideln\u00e9mu pr\u00edjmu vitam\u00ednu C na\u0161e telo tie\u017e zv\u00fd\u0161i produkciu kolag\u00e9nu, ktor\u00fd udr\u017e\u00ed poko\u017eku perfektne vyzeraj\u00facu.<\/p><p>V\u010faka n\u00edzkej cene a antioxida\u010dn\u00fdm vlastnostiam je ob\u013e\u00faben\u00fdm doplnkom v\u00fd\u017eivy.\u00a0Je to pre n\u00e1\u0161 organizmus ve\u013emi d\u00f4le\u017eit\u00e1 l\u00e1tka.\u00a0Na\u0161a strava nemus\u00ed vyhovova\u0165 ka\u017edodenn\u00fdm po\u017eiadavk\u00e1m, preto stoj\u00ed za zv\u00e1\u017eenie jej doplnenie.<\/p><p><strong>Forma produktu:<\/strong><\/p><p>tabletky<\/p><p><strong>Po\u010det porci\u00ed:<\/strong><\/p><p>90<\/p><p><strong>Po\u010det polo\u017eiek:<\/strong><\/p><p>90<\/p><p><strong>\u010cist\u00e1 hmotnos\u0165:<\/strong><\/p><p>137 g<\/p><p><strong>Dominantn\u00e1 zlo\u017eka:<\/strong><\/p><p>vitam\u00edn C<\/p><p><strong>EAN k\u00f3d<\/strong><\/p><h3>SILMARK vitam\u00edn C 90 tabliet<\/h3><p><strong>SILMARK Vitam\u00edn C 90 tabliet Prirodzen\u00e1 podpora imunitn\u00e9ho syst\u00e9mu.\u00a0Vitam\u00edn C od spolo\u010dnosti SILMARK dod\u00e1va telu v ka\u017edej porcii 1 000 mg kyseliny askorbovej.\u00a0Posil\u0148uje ochrann\u00fa bari\u00e9ru a podporuje ju v boji proti mikroorganizmom a v\u00edrusom, \u010falej zlep\u0161uje stav spojivov\u00e9ho tkaniva a podporuje psychofyzick\u00fd stav.<\/strong><\/p><p><strong>\u00a0<\/strong><\/p><h3>Kyselina L-askorbov\u00e1 \u2013 vitam\u00edn C.<\/h3><p>Je to organick\u00e1 chemick\u00e1 zl\u00fa\u010denina zo skupiny polyhydroxyalkoholov.\u00a0Je to z\u00e1kladn\u00e1 \u017eivina v \u013eudskej strave, ktor\u00e1 je zodpovedn\u00e1 hlavne za spr\u00e1vne fungovanie spojivov\u00e9ho tkaniva a kost\u00ed.\u00a0Jeho biologicky akt\u00edvna forma \u2013 vitam\u00edn C, p\u00f4sob\u00ed ako reduk\u010dn\u00e9 \u010dinidlo a koenz\u00fdm v nieko\u013ek\u00fdch metabolick\u00fdch cest\u00e1ch \u013eudsk\u00e9ho tela.\u00a0Vitam\u00edn C je pova\u017eovan\u00fd za jeden z hlavn\u00fdch antioxidantov.<\/p><p>Objavte najv\u00e4\u010d\u0161ie v\u00fdhody doplnku v\u00fd\u017eivy SILMARK Vitamin C 90 tabs:<\/p><p><strong>1 porcia = 1 tableta <\/strong>Sta\u010d\u00ed u\u017ei\u0165 1 tabletu doplnku denne.<\/p><p><strong>90 porci\u00ed v\u00a0balen\u00ed <\/strong>Produkt sta\u010d\u00ed na 90 dn\u00ed \u00fa\u010dinn\u00e9ho dopl\u0148ovania.<\/p><p><strong>Jednoduch\u00e9 zlo\u017eenie <\/strong>\u00da\u010dinn\u00e1 l\u00e1tka a potrebn\u00e9 pr\u00edsady.<\/p><h3>\u00a0<\/h3><h3>Vlastnosti SILMARK \u00a0Vitam\u00edn C 90<\/h3><p>\u00a0<\/p><p>Ke\u010f hovor\u00edme, \u017ee kyselina askorbov\u00e1 je nevyhnutnou exog\u00e9nnou zl\u00fa\u010deninou, m\u00e1me na mysli skuto\u010dnos\u0165, \u017ee v na\u0161om tele neexistuje \u017eiadny mechanizmus synt\u00e9zy vitam\u00ednu C a je potrebn\u00e9 ho dod\u00e1va\u0165 potravou alebo suplement\u00e1ciou.\u00a0Vitam\u00edn C m\u00e1 ve\u013ea prospe\u0161n\u00fdch vlastnost\u00ed a v\u00fdhod.\u00a0Tu je nieko\u013eko z nich:<\/p><ul><li>Pozit\u00edvne p\u00f4sob\u00ed pri poruch\u00e1ch prietoku krvi<\/li><li>Je to siln\u00fd antioxidant, ktor\u00fd odstra\u0148uje prebyto\u010dn\u00e9 vo\u013en\u00e9 radik\u00e1ly z na\u0161ich buniek<\/li><li>Blahod\u00e1rne p\u00f4sob\u00ed na nervov\u00fd a imunitn\u00fd syst\u00e9m<\/li><li>Vitam\u00edn C m\u00f4\u017ee ur\u00fdchli\u0165 regener\u00e1ciu a rast svalov, preto\u017ee sa priamo podie\u013ea na produkcii kolag\u00e9nu (vytv\u00e1ra svalov\u00e9 tkanivo)<\/li><li>Preuk\u00e1zate\u013ene priazniv\u00fd \u00fa\u010dinok medzi \u0161portovcami<\/li><li>Inhibuje tvorbu nitrozam\u00ednov (vznikaj\u00fa p\u00f4soben\u00edm vysokej teploty, napr. Na dusi\u010dnany), ktor\u00e9 m\u00f4\u017eu by\u0165 priamou pr\u00ed\u010dinou rakoviny<\/li><li>Blahod\u00e1rne p\u00f4sob\u00ed pri starostlivosti o na\u0161u poko\u017eku \u2013 vitam\u00ednov\u00e1 kozmetika<\/li><\/ul><h3>\u00a0<\/h3><h3>Laborat\u00f3rne potvrden\u00e1 kvalita<\/h3><p>\u00a0<\/p><p><strong>Z d\u00f4vodu ochrany zdravia na\u0161ich z\u00e1kazn\u00edkov s\u00fa na\u0161e v\u00fdrobky pravidelne testovan\u00e9 v nez\u00e1vislom akreditovanom laborat\u00f3riu s cie\u013eom zabezpe\u010di\u0165 a udr\u017ea\u0165 najvy\u0161\u0161iu kvalitu.<\/strong><\/p><p><strong>\u00a0<\/strong><\/p><p><strong>Met\u00f3da pou\u017eitia<\/strong><\/p><p>U\u017e\u00edvajte 1 d\u00e1vku (1 tabletu) denne pred prv\u00fdm jedlom.<\/p><p><strong>Nepou\u017e\u00edva\u0165 u \u013eud\u00ed, ktor\u00ed s\u00fa n\u00e1chyln\u00ed na tvorbu obli\u010dkov\u00fdch kame\u0148ov alebo trpia obli\u010dkov\u00fdmi kame\u0148mi.<\/strong><\/p><p>Neprekra\u010dujte odpor\u00fa\u010dan\u00fa denn\u00fa d\u00e1vku.\u00a0Doplnok v\u00fd\u017eivy nemo\u017eno pou\u017ei\u0165 ako n\u00e1hradu (n\u00e1hradu) pestrej stravy.\u00a0Odpor\u00fa\u010da sa vyv\u00e1\u017een\u00e1 strava a zdrav\u00fd \u017eivotn\u00fd \u0161t\u00fdl.\u00a0Nejedzte, ak ste alergick\u00fd na niektor\u00fa zo zlo\u017eiek lieku.\u00a0V\u00fdrobok by nemali pou\u017e\u00edva\u0165 deti, tehotn\u00e9 \u017eeny a doj\u010diace matky.\u00a0Skladujte mimo dosahu mal\u00fdch det\u00ed.\u00a0V\u00fdrobok je ur\u010den\u00fd pre dospel\u00fdch.<\/p><p><strong>\u00a0<\/strong><strong>\u00a0<\/strong><\/p><p><strong>Inform\u00e1cie o v\u00fd\u017eivovej hodnote<\/strong><\/p><h3><strong>Zlo\u017eenie<\/strong><\/h3><p>Kyselina L-askorbov\u00e1 (vitam\u00edn C), objemov\u00e9 \u010dinidlo: mikrokry\u0161talick\u00e1 celul\u00f3za;\u00a0\u0161krob, protihrudkuj\u00face l\u00e1tky: oxid kremi\u010dit\u00fd, hore\u010dnat\u00e9 soli mastn\u00fdch kysel\u00edn.<\/p><p>V\u00fdrobok m\u00f4\u017ee obsahova\u0165 mlieko (vr\u00e1tane lakt\u00f3zy), s\u00f3jov\u00e9 b\u00f4by, ara\u0161idy, in\u00e9 orechy, sezamov\u00e9 semia\u010dko, ovos, vajcia, k\u00f4rovce, ryby.<\/p><h3><strong>Nutri\u010dn\u00e1 hodnota<\/strong><\/h3><p>\u010cist\u00e1 hmotnos\u0165 balenia: 137 g<\/p><p>Po\u010det porci\u00ed v balen\u00ed: 90<\/p><p>Ve\u013ekos\u0165 d\u00e1vky: 1 tableta<\/p><\/div>\t\t\t\t\t\t<\/div>\n\t\t\t\t<\/div>\n\t\t\t\t\t<\/div>\n\t\t<\/div>\n\t\t\t\t\t\t\t<\/div>\n\t\t<\/section>\n\t\t\t\t<section class=\"elementor-section elementor-top-section elementor-element elementor-element-2f6f942 elementor-section-boxed elementor-section-height-default elementor-section-height-default\" data-id=\"2f6f942\" data-element_type=\"section\">\n\t\t\t\t\t\t<div class=\"elementor-container elementor-column-gap-default\">\n\t\t\t\t\t<div class=\"elementor-column elementor-col-100 elementor-top-column elementor-element elementor-element-06c2dcc\" data-id=\"06c2dcc\" data-element_type=\"column\">\n\t\t\t<div class=\"elementor-widget-wrap elementor-element-populated\">\n\t\t\t\t\t\t\t\t<div class=\"elementor-element elementor-element-c97b171 elementor-widget elementor-widget-image\" data-id=\"c97b171\" data-element_type=\"widget\" data-widget_type=\"image.default\">\n\t\t\t\t<div class=\"elementor-widget-container\">\n\t\t\t\t\t\t\t\t\t\t\t\t\t\t\t<img width=\"800\" height=\"72\" src=\"https:\/\/www.bibifood.sk\/wp-content\/uploads\/2021\/06\/Screenshot-2021-06-13-at-09-45-11-SILMARK-vitamin-C-90-tabliet-\u2013-SILMARK-s-r-o-.png\" class=\"attachment-large size-large wp-image-291\" alt=\"\" loading=\"lazy\" srcset=\"https:\/\/www.bibifood.sk\/wp-content\/uploads\/2021\/06\/Screenshot-2021-06-13-at-09-45-11-SILMARK-vitamin-C-90-tabliet-\u2013-SILMARK-s-r-o-.png 999w, https:\/\/www.bibifood.sk\/wp-content\/uploads\/2021\/06\/Screenshot-2021-06-13-at-09-45-11-SILMARK-vitamin-C-90-tabliet-\u2013-SILMARK-s-r-o--300x27.png 300w, https:\/\/www.bibifood.sk\/wp-content\/uploads\/2021\/06\/Screenshot-2021-06-13-at-09-45-11-SILMARK-vitamin-C-90-tabliet-\u2013-SILMARK-s-r-o--768x69.png 768w\" sizes=\"(max-width: 800px) 100vw, 800px\" \/>\t\t\t\t\t\t\t\t\t\t\t\t\t\t\t<\/div>\n\t\t\t\t<\/div>\n\t\t\t\t\t<\/div>\n\t\t<\/div>\n\t\t\t\t\t\t\t<\/div>\n\t\t<\/section>\n\t\t\t\t<section class=\"elementor-section elementor-top-section elementor-element elementor-element-cafa6bd elementor-section-content-middle elementor-section-boxed elementor-section-height-default elementor-section-height-default\" data-id=\"cafa6bd\" data-element_type=\"section\">\n\t\t\t\t\t\t<div class=\"elementor-container elementor-column-gap-default\">\n\t\t\t\t\t<div class=\"elementor-column elementor-col-25 elementor-top-column elementor-element elementor-element-69a514d\" data-id=\"69a514d\" data-element_type=\"column\">\n\t\t\t<div class=\"elementor-widget-wrap elementor-element-populated\">\n\t\t\t\t\t\t\t\t<div class=\"elementor-element elementor-element-8c38deb elementor-widget elementor-widget-text-editor\" data-id=\"8c38deb\" data-element_type=\"widget\" data-widget_type=\"text-editor.default\">\n\t\t\t\t<div class=\"elementor-widget-container\">\n\t\t\t\t\t\t\t<p><a href=\"https:\/\/www.bibifood.sk\/index.php\/vseobecne-obchodne-a-reklamacne-podmienky\/\" target=\"_blank\" rel=\"noopener\">V\u0161eobecn\u00e9 obchodn\u00e9 podmienky<\/a><\/p><p><a href=\"https:\/\/www.bibifood.sk\/index.php\/kontaktujte-nas\/\" target=\"_blank\" rel=\"noopener\">Nap\u00ed\u0161te n\u00e1m<\/a><\/p>\t\t\t\t\t\t<\/div>\n\t\t\t\t<\/div>\n\t\t\t\t<div class=\"elementor-element elementor-element-cb403c4 elementor-widget elementor-widget-text-editor\" data-id=\"cb403c4\" data-element_type=\"widget\" data-widget_type=\"text-editor.default\">\n\t\t\t\t<div class=\"elementor-widget-container\">\n\t\t\t\t\t\t\t<p>Kontakt:<br \/>SILMARK SK s.r.o.<br \/>Po\u013en\u00e1 850\/4<br \/>Ve\u013ek\u00fd Krt\u00ed\u0161 99001<\/p>\t\t\t\t\t\t<\/div>\n\t\t\t\t<\/div>\n\t\t\t\t\t<\/div>\n\t\t<\/div>\n\t\t\t\t<div class=\"elementor-column elementor-col-25 elementor-top-column elementor-element elementor-element-e320b64\" data-id=\"e320b64\" data-element_type=\"column\">\n\t\t\t<div class=\"elementor-widget-wrap elementor-element-populated\">\n\t\t\t\t\t\t\t\t<div class=\"elementor-element elementor-element-35228bd elementor-widget elementor-widget-wp-widget-zoom-social-icons-widget\" data-id=\"35228bd\" data-element_type=\"widget\" data-widget_type=\"wp-widget-zoom-social-icons-widget.default\">\n\t\t\t\t<div class=\"elementor-widget-container\">\n\t\t\t<h5>Sleduj n\u00e1s<\/h5>\n\t\t\n<ul class=\"zoom-social-icons-list zoom-social-icons-list--with-canvas zoom-social-icons-list--round zoom-social-icons-list--no-labels\">\n\n\t\t\n\t\t\t\t<li class=\"zoom-social_icons-list__item\">\n\t\t<a class=\"zoom-social_icons-list__link\" href=\"https:\/\/www.facebook.com\/bibifood.sk\/\" target=\"_blank\" title=\"Facebook\" >\n\t\t\t\t\t\t\t\t\t\n\t\t\t\t\t\t<span class=\"screen-reader-text\">facebook<\/span>\n\t\t\t\n\t\t\t\t\t\t<span class=\"zoom-social_icons-list-span social-icon socicon socicon-facebook\" data-hover-rule=\"background-color\" data-hover-color=\"#1877F2\" style=\"background-color : #1877F2; font-size: 18px; padding:8px\" ><\/span>\n\t\t\t\n\t\t\t\t\t<\/a>\n\t<\/li>\n\n\t\n\t\t\t\t<li class=\"zoom-social_icons-list__item\">\n\t\t<a class=\"zoom-social_icons-list__link\" href=\"https:\/\/www.youtube.com\/channel\/UCTQJpfVjcCYNvA5DkWhTRPA\" target=\"_blank\" title=\"Twitter\" >\n\t\t\t\t\t\t\t\t\t\n\t\t\t\t\t\t<span class=\"screen-reader-text\">youtube<\/span>\n\t\t\t\n\t\t\t\t\t\t<span class=\"zoom-social_icons-list-span social-icon socicon socicon-youtube\" data-hover-rule=\"background-color\" data-hover-color=\"#e02a20\" style=\"background-color : #e02a20; font-size: 18px; padding:8px\" ><\/span>\n\t\t\t\n\t\t\t\t\t<\/a>\n\t<\/li>\n\n\t\n\t\t\t\t<li class=\"zoom-social_icons-list__item\">\n\t\t<a class=\"zoom-social_icons-list__link\" href=\"https:\/\/www.instagram.com\/invites\/contact\/?i=161p9q7kd3cgy&#038;utm_content=lg2elnn\" target=\"_blank\" title=\"Instagram\" >\n\t\t\t\t\t\t\t\t\t\n\t\t\t\t\t\t<span class=\"screen-reader-text\">instagram<\/span>\n\t\t\t\n\t\t\t\t\t\t<span class=\"zoom-social_icons-list-span social-icon socicon socicon-instagram\" data-hover-rule=\"background-color\" data-hover-color=\"#e4405f\" style=\"background-color : #e4405f; font-size: 18px; padding:8px\" ><\/span>\n\t\t\t\n\t\t\t\t\t<\/a>\n\t<\/li>\n\n\t\n\t\t\t\t<li class=\"zoom-social_icons-list__item\">\n\t\t<a class=\"zoom-social_icons-list__link\" href=\"https:\/\/g.page\/r\/CR_4e9kw-7k8EA0\" target=\"_blank\" title=\"Default Label\" >\n\t\t\t\t\t\t\t\t\t\n\t\t\t\t\t\t<span class=\"screen-reader-text\">angieslist<\/span>\n\t\t\t\n\t\t\t\t\t\t<span class=\"zoom-social_icons-list-span social-icon socicon socicon-angieslist\" data-hover-rule=\"background-color\" data-hover-color=\"#299F37\" style=\"background-color : #299F37; font-size: 18px; padding:8px\" ><\/span>\n\t\t\t\n\t\t\t\t\t<\/a>\n\t<\/li>\n\n\t\n\t\t\t\t<li class=\"zoom-social_icons-list__item\">\n\t\t<a class=\"zoom-social_icons-list__link\" href=\"https:\/\/g.page\/r\/CZDT_sKOKcdYEA0\" target=\"_blank\" title=\"Default Label\" >\n\t\t\t\t\t\t\t\t\t\n\t\t\t\t\t\t<span class=\"screen-reader-text\">angieslist<\/span>\n\t\t\t\n\t\t\t\t\t\t<span class=\"zoom-social_icons-list-span social-icon socicon socicon-angieslist\" data-hover-rule=\"background-color\" data-hover-color=\"#299F37\" style=\"background-color : #299F37; font-size: 18px; padding:8px\" ><\/span>\n\t\t\t\n\t\t\t\t\t<\/a>\n\t<\/li>\n\n\t\n<\/ul>\n\n\t\t\t\t<\/div>\n\t\t\t\t<\/div>\n\t\t\t\t\t<\/div>\n\t\t<\/div>\n\t\t\t\t<div class=\"elementor-column elementor-col-25 elementor-top-column elementor-element elementor-element-b242713\" data-id=\"b242713\" data-element_type=\"column\">\n\t\t\t<div class=\"elementor-widget-wrap elementor-element-populated\">\n\t\t\t\t\t\t\t\t<div class=\"elementor-element elementor-element-794a966 elementor-widget elementor-widget-image\" data-id=\"794a966\" data-element_type=\"widget\" data-widget_type=\"image.default\">\n\t\t\t\t<div class=\"elementor-widget-container\">\n\t\t\t\t\t\t\t\t\t\t\t\t\t\t\t<img width=\"696\" height=\"1024\" src=\"https:\/\/www.bibifood.sk\/wp-content\/uploads\/2021\/06\/Macko-zeleny-696x1024.jpg\" class=\"attachment-large size-large wp-image-443\" alt=\"\" loading=\"lazy\" srcset=\"https:\/\/www.bibifood.sk\/wp-content\/uploads\/2021\/06\/Macko-zeleny-696x1024.jpg 696w, https:\/\/www.bibifood.sk\/wp-content\/uploads\/2021\/06\/Macko-zeleny-204x300.jpg 204w, https:\/\/www.bibifood.sk\/wp-content\/uploads\/2021\/06\/Macko-zeleny-768x1130.jpg 768w, https:\/\/www.bibifood.sk\/wp-content\/uploads\/2021\/06\/Macko-zeleny.jpg 922w\" sizes=\"(max-width: 696px) 100vw, 696px\" \/>\t\t\t\t\t\t\t\t\t\t\t\t\t\t\t<\/div>\n\t\t\t\t<\/div>\n\t\t\t\t\t<\/div>\n\t\t<\/div>\n\t\t\t\t<div class=\"elementor-column elementor-col-25 elementor-top-column elementor-element elementor-element-2823168\" data-id=\"2823168\" data-element_type=\"column\">\n\t\t\t<div class=\"elementor-widget-wrap elementor-element-populated\">\n\t\t\t\t\t\t\t\t<div class=\"elementor-element elementor-element-c6c47fb elementor-view-default elementor-mobile-position-top elementor-vertical-align-top elementor-widget elementor-widget-icon-box\" data-id=\"c6c47fb\" data-element_type=\"widget\" data-widget_type=\"icon-box.default\">\n\t\t\t\t<div class=\"elementor-widget-container\">\n\t\t\t\t\t<div class=\"elementor-icon-box-wrapper\">\n\t\t\t\t\t\t<div class=\"elementor-icon-box-icon\">\n\t\t\t\t<span class=\"elementor-icon elementor-animation-\" >\n\t\t\t\t<i aria-hidden=\"true\" class=\"fas fa-phone\"><\/i>\t\t\t\t<\/span>\n\t\t\t<\/div>\n\t\t\t\t\t\t<div class=\"elementor-icon-box-content\">\n\t\t\t\t<h3 class=\"elementor-icon-box-title\">\n\t\t\t\t\t<span  >\n\t\t\t\t\t\t\t\t\t\t\t<\/span>\n\t\t\t\t<\/h3>\n\t\t\t\t\t\t\t\t\t<p class=\"elementor-icon-box-description\">\n\t\t\t\t\t\t<a href=\"tel:+421474882222\">+421 47 4882222<\/a>\t\t\t\t\t<\/p>\n\t\t\t\t\t\t\t<\/div>\n\t\t<\/div>\n\t\t\t\t<\/div>\n\t\t\t\t<\/div>\n\t\t\t\t<div class=\"elementor-element elementor-element-e0d0c3c elementor-view-default elementor-vertical-align-top elementor-widget elementor-widget-icon-box\" data-id=\"e0d0c3c\" data-element_type=\"widget\" data-widget_type=\"icon-box.default\">\n\t\t\t\t<div class=\"elementor-widget-container\">\n\t\t\t\t\t<div class=\"elementor-icon-box-wrapper\">\n\t\t\t\t\t\t<div class=\"elementor-icon-box-content\">\n\t\t\t\t<h3 class=\"elementor-icon-box-title\">\n\t\t\t\t\t<span  >\n\t\t\t\t\t\t\t\t\t\t\t<\/span>\n\t\t\t\t<\/h3>\n\t\t\t\t\t\t\t\t\t<p class=\"elementor-icon-box-description\">\n\t\t\t\t\t\t<a href=\"tel:+421917717727\">+421 47 4882222<\/a>\t\t\t\t\t<\/p>\n\t\t\t\t\t\t\t<\/div>\n\t\t<\/div>\n\t\t\t\t<\/div>\n\t\t\t\t<\/div>\n\t\t\t\t<div class=\"elementor-element elementor-element-fe8e173 elementor-view-default elementor-mobile-position-top elementor-vertical-align-top elementor-widget elementor-widget-icon-box\" data-id=\"fe8e173\" data-element_type=\"widget\" data-widget_type=\"icon-box.default\">\n\t\t\t\t<div class=\"elementor-widget-container\">\n\t\t\t\t\t<div class=\"elementor-icon-box-wrapper\">\n\t\t\t\t\t\t<div class=\"elementor-icon-box-icon\">\n\t\t\t\t<span class=\"elementor-icon elementor-animation-\" >\n\t\t\t\t<i aria-hidden=\"true\" class=\"far fa-envelope\"><\/i>\t\t\t\t<\/span>\n\t\t\t<\/div>\n\t\t\t\t\t\t<div class=\"elementor-icon-box-content\">\n\t\t\t\t<h3 class=\"elementor-icon-box-title\">\n\t\t\t\t\t<span  >\n\t\t\t\t\t\t\t\t\t\t\t<\/span>\n\t\t\t\t<\/h3>\n\t\t\t\t\t\t\t\t\t<p class=\"elementor-icon-box-description\">\n\t\t\t\t\t\t<a href=\"mailto:bibi@bibifood.sk\">bibi@bibifood.sk<a\/>\t\t\t\t\t<\/p>\n\t\t\t\t\t\t\t<\/div>\n\t\t<\/div>\n\t\t\t\t<\/div>\n\t\t\t\t<\/div>\n\t\t\t\t\t<\/div>\n\t\t<\/div>\n\t\t\t\t\t\t\t<\/div>\n\t\t<\/section>\n\t\t\t\t\t\t\t<\/div>\n\t\t","protected":false},"excerpt":{"rendered":"<p>SILMARK VITAM\u00cdN C 90 TABLIET Vitam\u00edn C, tie\u017e zn\u00e1my ako kyselina askorbov\u00e1, je siln\u00fd vitam\u00edn, ktor\u00fd pri prekro\u010den\u00ed dennej d\u00e1vky nem\u00e1 \u017eiadne nebezpe\u010dn\u00e9 ved\u013eaj\u0161ie \u00fa\u010dinky.\u00a0Rozpustn\u00fd vo vode a jej prebytok odstr\u00e1nen\u00fd mo\u010dom.\u00a0Jeho podpora imunity a hojenie r\u00e1n s\u00fa dobre zn\u00e1me.\u00a0Z\u00e1rove\u0148 je to jeden z najd\u00f4le\u017eitej\u0161\u00edch vitam\u00ednov, bez ktor\u00e9ho nebude \u013eudsk\u00e9 telo spr\u00e1vne fungova\u0165.\u00a0Ako siln\u00fd antioxidant zni\u017euje \u00fanavu. Je nevyhnutn\u00fd pri predch\u00e1dzan\u00ed probl\u00e9mom s krvn\u00fdmi cievami.\u00a0Odpor\u00fa\u010da sa pri zv\u00fd\u0161enej fyzickej n\u00e1mahe, preto\u017ee zni\u017euje hladinu kortizolu a chr\u00e1ni svalov\u00e9 vl\u00e1kna pred odb\u00faravan\u00edm bielkov\u00edn.\u00a0\u010eal\u0161ou v\u00fdhodou suplement\u00e1cie vitam\u00ednom C je efekt\u00edvnej\u0161ie spa\u013eovanie tukov po\u010das cvi\u010denia.\u00a0\u010eal\u0161ou v\u00fdhodou tohto vitam\u00ednu je jeho schopnos\u0165 vyplavova\u0165 zo svalov kyselinu mlie\u010dnu, ktor\u00e1 sa tvor\u00ed pri zv\u00fd\u0161enej n\u00e1mahe. Jedn\u00fdm slovom, zabra\u0148uje vzniku bolesti a pom\u00e1ha telu r\u00fdchlej\u0161ie sa regenerova\u0165.\u00a0V\u010faka vitam\u00ednu sa \u017eelezo vstreb\u00e1va r\u00fdchlej\u0161ie, v\u010faka \u010domu sa zlep\u0161uje transport kysl\u00edka v tele a na\u0161a \u00fa\u010dinnos\u0165.\u00a0V\u010faka pravideln\u00e9mu pr\u00edjmu vitam\u00ednu C na\u0161e telo tie\u017e zv\u00fd\u0161i produkciu kolag\u00e9nu, ktor\u00fd udr\u017e\u00ed poko\u017eku perfektne vyzeraj\u00facu.&hellip;<\/p>\n<p> <a class=\"more-link\" href=\"https:\/\/www.bibifood.sk\/index.php\/silmark-vitamin-c-90-tabliet\/\">Read more<\/a><\/p>\n","protected":false},"author":1,"featured_media":0,"parent":0,"menu_order":0,"comment_status":"closed","ping_status":"closed","template":"elementor_header_footer","meta":[],"_links":{"self":[{"href":"https:\/\/www.bibifood.sk\/index.php\/wp-json\/wp\/v2\/pages\/289"}],"collection":[{"href":"https:\/\/www.bibifood.sk\/index.php\/wp-json\/wp\/v2\/pages"}],"about":[{"href":"https:\/\/www.bibifood.sk\/index.php\/wp-json\/wp\/v2\/types\/page"}],"author":[{"embeddable":true,"href":"https:\/\/www.bibifood.sk\/index.php\/wp-json\/wp\/v2\/users\/1"}],"replies":[{"embeddable":true,"href":"https:\/\/www.bibifood.sk\/index.php\/wp-json\/wp\/v2\/comments?post=289"}],"version-history":[{"count":7,"href":"https:\/\/www.bibifood.sk\/index.php\/wp-json\/wp\/v2\/pages\/289\/revisions"}],"predecessor-version":[{"id":549,"href":"https:\/\/www.bibifood.sk\/index.php\/wp-json\/wp\/v2\/pages\/289\/revisions\/549"}],"wp:attachment":[{"href":"https:\/\/www.bibifood.sk\/index.php\/wp-json\/wp\/v2\/media?parent=289"}],"curies":[{"name":"wp","href":"https:\/\/api.w.org\/{rel}","templated":true}]}}