{"id":295,"date":"2021-06-13T09:46:47","date_gmt":"2021-06-13T07:46:47","guid":{"rendered":"https:\/\/www.bibifood.sk\/?page_id=295"},"modified":"2021-06-16T18:44:18","modified_gmt":"2021-06-16T16:44:18","slug":"silmark-zinok-15mg-150tabliet","status":"publish","type":"page","link":"https:\/\/www.bibifood.sk\/index.php\/silmark-zinok-15mg-150tabliet\/","title":{"rendered":"SILMARK Zinok 15mg 150tabliet"},"content":{"rendered":"\t\t<div data-elementor-type=\"wp-page\" data-elementor-id=\"295\" class=\"elementor elementor-295\">\n\t\t\t\t\t\t\t\t\t<section class=\"elementor-section elementor-top-section elementor-element elementor-element-8311588 elementor-section-height-min-height elementor-section-content-middle elementor-section-boxed elementor-section-height-default elementor-section-items-middle\" data-id=\"8311588\" data-element_type=\"section\" data-settings=\"{&quot;background_background&quot;:&quot;classic&quot;,&quot;shape_divider_bottom&quot;:&quot;waves&quot;,&quot;shape_divider_bottom_negative&quot;:&quot;yes&quot;}\">\n\t\t\t\t\t\t\t<div class=\"elementor-background-overlay\"><\/div>\n\t\t\t\t\t\t<div class=\"elementor-shape elementor-shape-bottom\" data-negative=\"true\">\n\t\t\t<svg xmlns=\"http:\/\/www.w3.org\/2000\/svg\" viewBox=\"0 0 1000 100\" preserveAspectRatio=\"none\">\n\t<path class=\"elementor-shape-fill\" d=\"M790.5,93.1c-59.3-5.3-116.8-18-192.6-50c-29.6-12.7-76.9-31-100.5-35.9c-23.6-4.9-52.6-7.8-75.5-5.3\n\tc-10.2,1.1-22.6,1.4-50.1,7.4c-27.2,6.3-58.2,16.6-79.4,24.7c-41.3,15.9-94.9,21.9-134,22.6C72,58.2,0,25.8,0,25.8V100h1000V65.3\n\tc0,0-51.5,19.4-106.2,25.7C839.5,97,814.1,95.2,790.5,93.1z\"\/>\n<\/svg>\t\t<\/div>\n\t\t\t\t\t<div class=\"elementor-container elementor-column-gap-default\">\n\t\t\t\t\t<div class=\"elementor-column elementor-col-100 elementor-top-column elementor-element elementor-element-302a877\" data-id=\"302a877\" data-element_type=\"column\">\n\t\t\t<div class=\"elementor-widget-wrap elementor-element-populated\">\n\t\t\t\t\t\t\t\t<div class=\"elementor-element elementor-element-e37a7c1 elementor-invisible elementor-widget elementor-widget-text-editor\" data-id=\"e37a7c1\" data-element_type=\"widget\" data-settings=\"{&quot;_animation&quot;:&quot;fadeIn&quot;}\" data-widget_type=\"text-editor.default\">\n\t\t\t\t<div class=\"elementor-widget-container\">\n\t\t\t\t\t\t\t<p>SILMAROK Zinok 15mg 150 tabliet<\/p>\t\t\t\t\t\t<\/div>\n\t\t\t\t<\/div>\n\t\t\t\t\t<\/div>\n\t\t<\/div>\n\t\t\t\t\t\t\t<\/div>\n\t\t<\/section>\n\t\t\t\t<section class=\"elementor-section elementor-top-section elementor-element elementor-element-1a1530d elementor-section-boxed elementor-section-height-default elementor-section-height-default\" data-id=\"1a1530d\" data-element_type=\"section\">\n\t\t\t\t\t\t<div class=\"elementor-container elementor-column-gap-default\">\n\t\t\t\t\t<div class=\"elementor-column elementor-col-100 elementor-top-column elementor-element elementor-element-b76cf1e\" data-id=\"b76cf1e\" data-element_type=\"column\">\n\t\t\t<div class=\"elementor-widget-wrap elementor-element-populated\">\n\t\t\t\t\t\t\t\t<div class=\"elementor-element elementor-element-221877c elementor-widget elementor-widget-image\" data-id=\"221877c\" data-element_type=\"widget\" data-widget_type=\"image.default\">\n\t\t\t\t<div class=\"elementor-widget-container\">\n\t\t\t\t\t\t\t\t\t\t\t\t\t\t\t<img width=\"300\" height=\"300\" src=\"https:\/\/www.bibifood.sk\/wp-content\/uploads\/2021\/06\/SILMARK-ZINOK-300x300.jpg\" class=\"attachment-medium size-medium wp-image-198\" alt=\"\" loading=\"lazy\" srcset=\"https:\/\/www.bibifood.sk\/wp-content\/uploads\/2021\/06\/SILMARK-ZINOK-300x300.jpg 300w, https:\/\/www.bibifood.sk\/wp-content\/uploads\/2021\/06\/SILMARK-ZINOK-150x150.jpg 150w, https:\/\/www.bibifood.sk\/wp-content\/uploads\/2021\/06\/SILMARK-ZINOK-768x768.jpg 768w, https:\/\/www.bibifood.sk\/wp-content\/uploads\/2021\/06\/SILMARK-ZINOK.jpg 800w\" sizes=\"(max-width: 300px) 100vw, 300px\" \/>\t\t\t\t\t\t\t\t\t\t\t\t\t\t\t<\/div>\n\t\t\t\t<\/div>\n\t\t\t\t\t<\/div>\n\t\t<\/div>\n\t\t\t\t\t\t\t<\/div>\n\t\t<\/section>\n\t\t\t\t<section class=\"elementor-section elementor-top-section elementor-element elementor-element-2c4720b elementor-section-boxed elementor-section-height-default elementor-section-height-default\" data-id=\"2c4720b\" data-element_type=\"section\">\n\t\t\t\t\t\t<div class=\"elementor-container elementor-column-gap-default\">\n\t\t\t\t\t<div class=\"elementor-column elementor-col-100 elementor-top-column elementor-element elementor-element-d1a90e3\" data-id=\"d1a90e3\" data-element_type=\"column\">\n\t\t\t<div class=\"elementor-widget-wrap elementor-element-populated\">\n\t\t\t\t\t\t\t\t<div class=\"elementor-element elementor-element-8acf885 elementor-widget elementor-widget-text-editor\" data-id=\"8acf885\" data-element_type=\"widget\" data-widget_type=\"text-editor.default\">\n\t\t\t\t<div class=\"elementor-widget-container\">\n\t\t\t\t\t\t\t<div class=\"woocommerce-product-details__short-description\"><p>Pre spr\u00e1vne fungovanie potrebuje \u013eudsk\u00e9 telo mno\u017estvo v\u00fd\u017eivn\u00fdch l\u00e1tok a vitam\u00ednov.\u00a0Medzi nimi jeden z najd\u00f4le\u017eitej\u0161\u00edch, ktor\u00fd sa nie v\u017edy pam\u00e4t\u00e1, je zinok.\u00a0Tento prvok hr\u00e1 d\u00f4le\u017eit\u00fa \u00falohu pri posil\u0148ovan\u00ed imunitn\u00e9ho syst\u00e9mu a reguluje pr\u00e1cu obehov\u00e9ho a kostn\u00e9ho syst\u00e9mu.\u00a0Nedostatok tejto mikro\u017eiviny m\u00f4\u017ee ma\u0165 za n\u00e1sledok po\u0161kodenie \u010duchov\u00fdch a chu\u0165ov\u00fdch zmyslov alebo ko\u017en\u00e9 ochorenia vr\u00e1tane alop\u00e9cie a alergick\u00fdch stavov.\u00a0Zinok zlep\u0161uje \u0161trukt\u00faru poko\u017eky, nechtov a vlasov a tie\u017e podporuje lie\u010dbu an\u00e9mie.\u00a0Tento prvok do zna\u010dnej miery tie\u017e zvy\u0161uje odolnos\u0165 proti stresu a zlep\u0161uje pam\u00e4\u0165.<\/p><p>Svetov\u00e1 zdravotn\u00edcka organiz\u00e1cia ozn\u00e1mila, \u017ee denn\u00e1 potreba zinku je asi 10 miligramov.\u00a0Tento prvok sa prirodzene nach\u00e1dza vo ve\u013ekom mno\u017estve v m\u00e4se, ryb\u00e1ch a morsk\u00fdch plodoch, ako aj v strukovin\u00e1ch a slne\u010dnicov\u00fdch semen\u00e1ch.\u00a0Probl\u00e9mom v\u0161ak je absorpcia zinku, ktor\u00fd sa nie v\u017edy absorbuje dostato\u010dne na to, aby splnil denn\u00fa potrebu.\u00a0\u010co ak teda m\u00e1me nedostatok tohto prvku a na\u0161a ka\u017edodenn\u00e1 strava neposkytuje dostatok zinku?\u00a0V takom pr\u00edpade s\u00fa ide\u00e1lnym rie\u0161en\u00edm doplnky, ktor\u00e9 telu dodaj\u00fa t\u00fato cenn\u00fa zlo\u017eku.<\/p><p>Stoj\u00ed za to siahnu\u0165 po zinku vo forme doplnku, ktor\u00fd je s\u00fa\u010das\u0165ou va\u0161ej ka\u017edodennej stravy.\u00a0Pam\u00e4tajte v\u0161ak, \u017ee ho mus\u00edte bra\u0165 v spr\u00e1vnych d\u00e1vkach.\u00a0T\u00fdm, \u017ee telu dod\u00e1te zinok vo forme doplnku, m\u00f4\u017eete si by\u0165 ist\u00ed, \u017ee telo nebude trpie\u0165 nedostatkom tejto d\u00f4le\u017eitej mikro\u017eiviny a regul\u00e1tora mnoh\u00fdch d\u00f4le\u017eit\u00fdch \u017eivotn\u00fdch funkci\u00ed.<\/p><p><strong>Forma produktu:<\/strong><\/p><p>tabletky<\/p><p><strong>Po\u010det porci\u00ed:<\/strong><\/p><p>150<\/p><p><strong>Po\u010det polo\u017eiek:<\/strong><\/p><p>150<\/p><p><strong>\u010cist\u00e1 hmotnos\u0165:<\/strong><\/p><p>71 g<\/p><p><strong>Dominantn\u00e1 zlo\u017eka:<\/strong><\/p><p>zinok<\/p><h3>SILMARK ZINOK ZN 150 tabliet<\/h3><p><strong>SILMARK ZINOK ZN je doplnok v\u00fd\u017eivy v tablet\u00e1ch obsahuj\u00facich zinok vo vysoko biologicky dostupnej forme, ktor\u00fdm je pikolin\u00e1t zino\u010dnat\u00fd.\u00a0Zinok pom\u00e1ha udr\u017eiava\u0165 zdrav\u00e9 vlasy, poko\u017eku a nechty.\u00a0Okrem toho zinok pom\u00e1ha udr\u017eiava\u0165 spr\u00e1vnu hladinu testoster\u00f3nu v krvi a prispieva k spr\u00e1vnemu metabolizmu makro\u017eiv\u00edn.<\/strong><\/p><p><strong>\u00a0<\/strong><\/p><ul><li>1 balenie obsahuje a\u017e 150 tabliet<\/li><li>1 porcia = 1 tableta<\/li><li>150 porci\u00ed v balen\u00ed<\/li><li>Mal\u00e9 tablety, vhodn\u00e9 na konzum\u00e1ciu<\/li><\/ul><h3>Pikolin\u00e1t \u00a0zino\u010dnat\u00fd SILMARK<\/h3><p><strong>Zinok<\/strong>\u00a0je prvok, ktor\u00fd je jedn\u00fdm z z\u00e1kladn\u00fdch miner\u00e1lov v \u013eudskej strave.\u00a0Hr\u00e1 d\u00f4le\u017eit\u00fa \u00falohu ako s\u00fa\u010das\u0165 desiatok r\u00f4znych enz\u00fdmov.\u00a0Nach\u00e1dza sa hlavne v m\u00e4sov\u00fdch v\u00fdrobkoch a vajciach, ustriciach, ryb\u00e1ch a strukovin\u00e1ch.\u00a0V\u00fdskum nazna\u010duje, \u017ee n\u00edzka hladina zinku m\u00f4\u017ee zn\u00ed\u017ei\u0165 citlivos\u0165 na inzul\u00edn, ale aj vysok\u00fa hladinu testoster\u00f3nu.\u00a0Zinok naj\u010dastej\u0161ie \u201eop\u00fa\u0161\u0165a\u201c na\u0161e telo potom, v\u010faka \u010domu je doplnenie tohto miner\u00e1lu tak\u00e9 d\u00f4le\u017eit\u00e9 pre \u0161portovcov, ktor\u00ed telu nedostato\u010dne dod\u00e1vaj\u00fa zinok.\u00a0Nedostatok zinku sa m\u00f4\u017ee prejavi\u0165 ko\u017en\u00fdmi l\u00e9ziami, ako s\u00fa akn\u00e9 alebo ulcer\u00e1cie.<\/p><h3>Vlastnosti pikolin\u00e1tu zino\u010dnat\u00e9ho SILMARK<\/h3><ul><li>Zinok pom\u00e1ha udr\u017eiava\u0165 spr\u00e1vnu acidob\u00e1zick\u00fa rovnov\u00e1hu<\/li><li>Zinok pom\u00e1ha udr\u017eiava\u0165 spr\u00e1vny metabolizmus uh\u013eohydr\u00e1tov<\/li><li>Zinok pom\u00e1ha pri udr\u017eiavan\u00ed spr\u00e1vnych kognit\u00edvnych funkci\u00ed<\/li><li>Zinok pom\u00e1ha pri spr\u00e1vnej synt\u00e9ze DNA<\/li><li>Zinok pom\u00e1ha udr\u017eiava\u0165 spr\u00e1vnu plodnos\u0165 a spr\u00e1vne reproduk\u010dn\u00e9 funkcie<\/li><li>Prispieva k udr\u017eaniu spr\u00e1vneho metabolizmu makro\u017eiv\u00edn<\/li><li>Zinok prispieva k udr\u017eaniu norm\u00e1lneho metabolizmu mastn\u00fdch kysel\u00edn<\/li><li>Prispieva k udr\u017eaniu norm\u00e1lneho metabolizmu vitam\u00ednu A.<\/li><li>Pom\u00e1ha pri spr\u00e1vnej synt\u00e9ze bielkov\u00edn<\/li><li>Pom\u00e1ha pri udr\u017eiavan\u00ed zdrav\u00fdch kost\u00ed<\/li><li>Pom\u00e1ha udr\u017eiava\u0165 zdrav\u00e9 vlasy, nechty a poko\u017eku<\/li><li>Pom\u00e1ha udr\u017eiava\u0165 spr\u00e1vnu hladinu testoster\u00f3nu v krvi<\/li><li>Pom\u00e1ha udr\u017eiava\u0165 spr\u00e1vne videnie<\/li><li>Pom\u00e1ha pri spr\u00e1vnom fungovan\u00ed imunitn\u00e9ho syst\u00e9mu<\/li><li>Zinok pom\u00e1ha chr\u00e1ni\u0165 bunky pred oxida\u010dn\u00fdm stresom<\/li><li>Zinok sa podie\u013ea na procese bunkov\u00e9ho delenia<\/li><\/ul><p>\u00a0<\/p><p>\u00a0<\/p><p>\u00a0<\/p><p><strong>Met\u00f3da pou\u017eitia<\/strong><\/p><p>Konzumujte 1 d\u00e1vku (1 tabletu) denne po jedle.<\/p><p>Neprekra\u010dujte odpor\u00fa\u010dan\u00fa denn\u00fa d\u00e1vku.\u00a0Doplnok v\u00fd\u017eivy nemo\u017eno pou\u017ei\u0165 ako n\u00e1hradu (n\u00e1hradu) pestrej stravy.\u00a0Odpor\u00fa\u010da sa vyv\u00e1\u017een\u00e1 strava a zdrav\u00fd \u017eivotn\u00fd \u0161t\u00fdl.\u00a0Nejedzte, ak ste alergick\u00fd na niektor\u00fa zo zlo\u017eiek lieku.\u00a0V\u00fdrobok by nemali pou\u017e\u00edva\u0165 deti, tehotn\u00e9 \u017eeny a doj\u010diace matky.\u00a0Skladujte mimo dosahu mal\u00fdch det\u00ed.<\/p><p>\u00a0<\/p><p><strong>Inform\u00e1cie o v\u00fd\u017eivovej hodnote<\/strong><\/p><h3><strong>Zlo\u017eenie<\/strong><\/h3><p>Objemov\u00e9 \u010dinidlo: mikrokry\u0161talick\u00e1 celul\u00f3za;\u00a0\u0161krob, protihrudkuj\u00faca l\u00e1tka: fosfore\u010dnany<\/p><p>v\u00e1penat\u00e9;\u00a0pikolin\u00e1t zino\u010dnat\u00fd (zinok), protihrudkuj\u00face l\u00e1tky: oxid kremi\u010dit\u00fd, hore\u010dnat\u00e9 soli mastn\u00fdch kysel\u00edn.<\/p><p>V\u00fdrobok m\u00f4\u017ee obsahova\u0165 mlieko (vr\u00e1tane lakt\u00f3zy), s\u00f3ju, ara\u0161idy, in\u00e9 orechy, sezamov\u00e9 semia\u010dko, obilniny obsahuj\u00face lepok, vajcia, zeler, hor\u010dica, k\u00f4rovce, ryby.<\/p><h3><strong>Nutri\u010dn\u00e1 hodnota<\/strong><\/h3><p>\u010cist\u00e1 hmotnos\u0165 produktu: 71 g<\/p><p>Porcie v balen\u00ed: 150<\/p><p>Ve\u013ekos\u0165 d\u00e1vky: 1 tableta<\/p><\/div>\t\t\t\t\t\t<\/div>\n\t\t\t\t<\/div>\n\t\t\t\t\t<\/div>\n\t\t<\/div>\n\t\t\t\t\t\t\t<\/div>\n\t\t<\/section>\n\t\t\t\t<section class=\"elementor-section elementor-top-section elementor-element elementor-element-9cdb7d5 elementor-section-boxed elementor-section-height-default elementor-section-height-default\" data-id=\"9cdb7d5\" data-element_type=\"section\">\n\t\t\t\t\t\t<div class=\"elementor-container elementor-column-gap-default\">\n\t\t\t\t\t<div class=\"elementor-column elementor-col-100 elementor-top-column elementor-element elementor-element-f9f8bed\" data-id=\"f9f8bed\" data-element_type=\"column\">\n\t\t\t<div class=\"elementor-widget-wrap elementor-element-populated\">\n\t\t\t\t\t\t\t\t<div class=\"elementor-element elementor-element-080f640 elementor-widget elementor-widget-image\" data-id=\"080f640\" data-element_type=\"widget\" data-widget_type=\"image.default\">\n\t\t\t\t<div class=\"elementor-widget-container\">\n\t\t\t\t\t\t\t\t\t\t\t\t\t\t\t<img width=\"800\" height=\"72\" src=\"https:\/\/www.bibifood.sk\/wp-content\/uploads\/2021\/06\/Screenshot-2021-06-13-at-09-50-02-SILMARK-Zinok-15mg-150tabliet-\u2013-SILMARK-s-r-o-.png\" class=\"attachment-large size-large wp-image-298\" alt=\"\" loading=\"lazy\" srcset=\"https:\/\/www.bibifood.sk\/wp-content\/uploads\/2021\/06\/Screenshot-2021-06-13-at-09-50-02-SILMARK-Zinok-15mg-150tabliet-\u2013-SILMARK-s-r-o-.png 999w, https:\/\/www.bibifood.sk\/wp-content\/uploads\/2021\/06\/Screenshot-2021-06-13-at-09-50-02-SILMARK-Zinok-15mg-150tabliet-\u2013-SILMARK-s-r-o--300x27.png 300w, https:\/\/www.bibifood.sk\/wp-content\/uploads\/2021\/06\/Screenshot-2021-06-13-at-09-50-02-SILMARK-Zinok-15mg-150tabliet-\u2013-SILMARK-s-r-o--768x69.png 768w\" sizes=\"(max-width: 800px) 100vw, 800px\" \/>\t\t\t\t\t\t\t\t\t\t\t\t\t\t\t<\/div>\n\t\t\t\t<\/div>\n\t\t\t\t\t<\/div>\n\t\t<\/div>\n\t\t\t\t\t\t\t<\/div>\n\t\t<\/section>\n\t\t\t\t<section class=\"elementor-section elementor-top-section elementor-element elementor-element-28471cc elementor-section-content-middle elementor-section-boxed elementor-section-height-default elementor-section-height-default\" data-id=\"28471cc\" data-element_type=\"section\">\n\t\t\t\t\t\t<div class=\"elementor-container elementor-column-gap-default\">\n\t\t\t\t\t<div class=\"elementor-column elementor-col-25 elementor-top-column elementor-element elementor-element-ed82457\" data-id=\"ed82457\" data-element_type=\"column\">\n\t\t\t<div class=\"elementor-widget-wrap elementor-element-populated\">\n\t\t\t\t\t\t\t\t<div class=\"elementor-element elementor-element-2e3e319 elementor-widget elementor-widget-text-editor\" data-id=\"2e3e319\" data-element_type=\"widget\" data-widget_type=\"text-editor.default\">\n\t\t\t\t<div class=\"elementor-widget-container\">\n\t\t\t\t\t\t\t<p><a href=\"https:\/\/www.bibifood.sk\/index.php\/vseobecne-obchodne-a-reklamacne-podmienky\/\" target=\"_blank\" rel=\"noopener\">V\u0161eobecn\u00e9 obchodn\u00e9 podmienky<\/a><\/p><p><a href=\"https:\/\/www.bibifood.sk\/index.php\/kontaktujte-nas\/\" target=\"_blank\" rel=\"noopener\">Nap\u00ed\u0161te n\u00e1m<\/a><\/p>\t\t\t\t\t\t<\/div>\n\t\t\t\t<\/div>\n\t\t\t\t<div class=\"elementor-element elementor-element-d7a0408 elementor-widget elementor-widget-text-editor\" data-id=\"d7a0408\" data-element_type=\"widget\" data-widget_type=\"text-editor.default\">\n\t\t\t\t<div class=\"elementor-widget-container\">\n\t\t\t\t\t\t\t<p>Kontakt:<br \/>SILMARK SK s.r.o.<br \/>Po\u013en\u00e1 850\/4<br \/>Ve\u013ek\u00fd Krt\u00ed\u0161 99001<\/p>\t\t\t\t\t\t<\/div>\n\t\t\t\t<\/div>\n\t\t\t\t\t<\/div>\n\t\t<\/div>\n\t\t\t\t<div class=\"elementor-column elementor-col-25 elementor-top-column elementor-element elementor-element-fd43669\" data-id=\"fd43669\" data-element_type=\"column\">\n\t\t\t<div class=\"elementor-widget-wrap elementor-element-populated\">\n\t\t\t\t\t\t\t\t<div class=\"elementor-element elementor-element-e8aa6c7 elementor-widget elementor-widget-wp-widget-zoom-social-icons-widget\" data-id=\"e8aa6c7\" data-element_type=\"widget\" data-widget_type=\"wp-widget-zoom-social-icons-widget.default\">\n\t\t\t\t<div class=\"elementor-widget-container\">\n\t\t\t<h5>Sleduj n\u00e1s<\/h5>\n\t\t\n<ul class=\"zoom-social-icons-list zoom-social-icons-list--with-canvas zoom-social-icons-list--round zoom-social-icons-list--no-labels\">\n\n\t\t\n\t\t\t\t<li class=\"zoom-social_icons-list__item\">\n\t\t<a class=\"zoom-social_icons-list__link\" href=\"https:\/\/www.facebook.com\/bibifood.sk\/\" target=\"_blank\" title=\"Facebook\" >\n\t\t\t\t\t\t\t\t\t\n\t\t\t\t\t\t<span class=\"screen-reader-text\">facebook<\/span>\n\t\t\t\n\t\t\t\t\t\t<span class=\"zoom-social_icons-list-span social-icon socicon socicon-facebook\" data-hover-rule=\"background-color\" data-hover-color=\"#1877F2\" style=\"background-color : #1877F2; font-size: 18px; padding:8px\" ><\/span>\n\t\t\t\n\t\t\t\t\t<\/a>\n\t<\/li>\n\n\t\n\t\t\t\t<li class=\"zoom-social_icons-list__item\">\n\t\t<a class=\"zoom-social_icons-list__link\" href=\"https:\/\/www.youtube.com\/channel\/UCTQJpfVjcCYNvA5DkWhTRPA\" target=\"_blank\" title=\"Twitter\" >\n\t\t\t\t\t\t\t\t\t\n\t\t\t\t\t\t<span class=\"screen-reader-text\">youtube<\/span>\n\t\t\t\n\t\t\t\t\t\t<span class=\"zoom-social_icons-list-span social-icon socicon socicon-youtube\" data-hover-rule=\"background-color\" data-hover-color=\"#e02a20\" style=\"background-color : #e02a20; font-size: 18px; padding:8px\" ><\/span>\n\t\t\t\n\t\t\t\t\t<\/a>\n\t<\/li>\n\n\t\n\t\t\t\t<li class=\"zoom-social_icons-list__item\">\n\t\t<a class=\"zoom-social_icons-list__link\" href=\"https:\/\/www.instagram.com\/invites\/contact\/?i=161p9q7kd3cgy&#038;utm_content=lg2elnn\" target=\"_blank\" title=\"Instagram\" >\n\t\t\t\t\t\t\t\t\t\n\t\t\t\t\t\t<span class=\"screen-reader-text\">instagram<\/span>\n\t\t\t\n\t\t\t\t\t\t<span class=\"zoom-social_icons-list-span social-icon socicon socicon-instagram\" data-hover-rule=\"background-color\" data-hover-color=\"#e4405f\" style=\"background-color : #e4405f; font-size: 18px; padding:8px\" ><\/span>\n\t\t\t\n\t\t\t\t\t<\/a>\n\t<\/li>\n\n\t\n\t\t\t\t<li class=\"zoom-social_icons-list__item\">\n\t\t<a class=\"zoom-social_icons-list__link\" href=\"https:\/\/g.page\/r\/CR_4e9kw-7k8EA0\" target=\"_blank\" title=\"Default Label\" >\n\t\t\t\t\t\t\t\t\t\n\t\t\t\t\t\t<span class=\"screen-reader-text\">angieslist<\/span>\n\t\t\t\n\t\t\t\t\t\t<span class=\"zoom-social_icons-list-span social-icon socicon socicon-angieslist\" data-hover-rule=\"background-color\" data-hover-color=\"#299F37\" style=\"background-color : #299F37; font-size: 18px; padding:8px\" ><\/span>\n\t\t\t\n\t\t\t\t\t<\/a>\n\t<\/li>\n\n\t\n\t\t\t\t<li class=\"zoom-social_icons-list__item\">\n\t\t<a class=\"zoom-social_icons-list__link\" href=\"https:\/\/g.page\/r\/CZDT_sKOKcdYEA0\" target=\"_blank\" title=\"Default Label\" >\n\t\t\t\t\t\t\t\t\t\n\t\t\t\t\t\t<span class=\"screen-reader-text\">angieslist<\/span>\n\t\t\t\n\t\t\t\t\t\t<span class=\"zoom-social_icons-list-span social-icon socicon socicon-angieslist\" data-hover-rule=\"background-color\" data-hover-color=\"#299F37\" style=\"background-color : #299F37; font-size: 18px; padding:8px\" ><\/span>\n\t\t\t\n\t\t\t\t\t<\/a>\n\t<\/li>\n\n\t\n<\/ul>\n\n\t\t\t\t<\/div>\n\t\t\t\t<\/div>\n\t\t\t\t\t<\/div>\n\t\t<\/div>\n\t\t\t\t<div class=\"elementor-column elementor-col-25 elementor-top-column elementor-element elementor-element-2e2f969\" data-id=\"2e2f969\" data-element_type=\"column\">\n\t\t\t<div class=\"elementor-widget-wrap elementor-element-populated\">\n\t\t\t\t\t\t\t\t<div class=\"elementor-element elementor-element-059ecfc elementor-widget elementor-widget-image\" data-id=\"059ecfc\" data-element_type=\"widget\" data-widget_type=\"image.default\">\n\t\t\t\t<div class=\"elementor-widget-container\">\n\t\t\t\t\t\t\t\t\t\t\t\t\t\t\t<img width=\"696\" height=\"1024\" src=\"https:\/\/www.bibifood.sk\/wp-content\/uploads\/2021\/06\/Macko-zeleny-696x1024.jpg\" class=\"attachment-large size-large wp-image-443\" alt=\"\" loading=\"lazy\" srcset=\"https:\/\/www.bibifood.sk\/wp-content\/uploads\/2021\/06\/Macko-zeleny-696x1024.jpg 696w, https:\/\/www.bibifood.sk\/wp-content\/uploads\/2021\/06\/Macko-zeleny-204x300.jpg 204w, https:\/\/www.bibifood.sk\/wp-content\/uploads\/2021\/06\/Macko-zeleny-768x1130.jpg 768w, https:\/\/www.bibifood.sk\/wp-content\/uploads\/2021\/06\/Macko-zeleny.jpg 922w\" sizes=\"(max-width: 696px) 100vw, 696px\" \/>\t\t\t\t\t\t\t\t\t\t\t\t\t\t\t<\/div>\n\t\t\t\t<\/div>\n\t\t\t\t\t<\/div>\n\t\t<\/div>\n\t\t\t\t<div class=\"elementor-column elementor-col-25 elementor-top-column elementor-element elementor-element-8aaea0b\" data-id=\"8aaea0b\" data-element_type=\"column\">\n\t\t\t<div class=\"elementor-widget-wrap elementor-element-populated\">\n\t\t\t\t\t\t\t\t<div class=\"elementor-element elementor-element-adea5d3 elementor-view-default elementor-mobile-position-top elementor-vertical-align-top elementor-widget elementor-widget-icon-box\" data-id=\"adea5d3\" data-element_type=\"widget\" data-widget_type=\"icon-box.default\">\n\t\t\t\t<div class=\"elementor-widget-container\">\n\t\t\t\t\t<div class=\"elementor-icon-box-wrapper\">\n\t\t\t\t\t\t<div class=\"elementor-icon-box-icon\">\n\t\t\t\t<span class=\"elementor-icon elementor-animation-\" >\n\t\t\t\t<i aria-hidden=\"true\" class=\"fas fa-phone\"><\/i>\t\t\t\t<\/span>\n\t\t\t<\/div>\n\t\t\t\t\t\t<div class=\"elementor-icon-box-content\">\n\t\t\t\t<h3 class=\"elementor-icon-box-title\">\n\t\t\t\t\t<span  >\n\t\t\t\t\t\t\t\t\t\t\t<\/span>\n\t\t\t\t<\/h3>\n\t\t\t\t\t\t\t\t\t<p class=\"elementor-icon-box-description\">\n\t\t\t\t\t\t<a href=\"tel:+421474882222\">+421 47 4882222<\/a>\t\t\t\t\t<\/p>\n\t\t\t\t\t\t\t<\/div>\n\t\t<\/div>\n\t\t\t\t<\/div>\n\t\t\t\t<\/div>\n\t\t\t\t<div class=\"elementor-element elementor-element-808c0af elementor-view-default elementor-vertical-align-top elementor-widget elementor-widget-icon-box\" data-id=\"808c0af\" data-element_type=\"widget\" data-widget_type=\"icon-box.default\">\n\t\t\t\t<div class=\"elementor-widget-container\">\n\t\t\t\t\t<div class=\"elementor-icon-box-wrapper\">\n\t\t\t\t\t\t<div class=\"elementor-icon-box-content\">\n\t\t\t\t<h3 class=\"elementor-icon-box-title\">\n\t\t\t\t\t<span  >\n\t\t\t\t\t\t\t\t\t\t\t<\/span>\n\t\t\t\t<\/h3>\n\t\t\t\t\t\t\t\t\t<p class=\"elementor-icon-box-description\">\n\t\t\t\t\t\t<a href=\"tel:+421917717727\">+421 47 4882222<\/a>\t\t\t\t\t<\/p>\n\t\t\t\t\t\t\t<\/div>\n\t\t<\/div>\n\t\t\t\t<\/div>\n\t\t\t\t<\/div>\n\t\t\t\t<div class=\"elementor-element elementor-element-3827eea elementor-view-default elementor-mobile-position-top elementor-vertical-align-top elementor-widget elementor-widget-icon-box\" data-id=\"3827eea\" data-element_type=\"widget\" data-widget_type=\"icon-box.default\">\n\t\t\t\t<div class=\"elementor-widget-container\">\n\t\t\t\t\t<div class=\"elementor-icon-box-wrapper\">\n\t\t\t\t\t\t<div class=\"elementor-icon-box-icon\">\n\t\t\t\t<span class=\"elementor-icon elementor-animation-\" >\n\t\t\t\t<i aria-hidden=\"true\" class=\"far fa-envelope\"><\/i>\t\t\t\t<\/span>\n\t\t\t<\/div>\n\t\t\t\t\t\t<div class=\"elementor-icon-box-content\">\n\t\t\t\t<h3 class=\"elementor-icon-box-title\">\n\t\t\t\t\t<span  >\n\t\t\t\t\t\t\t\t\t\t\t<\/span>\n\t\t\t\t<\/h3>\n\t\t\t\t\t\t\t\t\t<p class=\"elementor-icon-box-description\">\n\t\t\t\t\t\t<a href=\"mailto:bibi@bibifood.sk\">bibi@bibifood.sk<a\/>\t\t\t\t\t<\/p>\n\t\t\t\t\t\t\t<\/div>\n\t\t<\/div>\n\t\t\t\t<\/div>\n\t\t\t\t<\/div>\n\t\t\t\t\t<\/div>\n\t\t<\/div>\n\t\t\t\t\t\t\t<\/div>\n\t\t<\/section>\n\t\t\t\t\t\t\t<\/div>\n\t\t","protected":false},"excerpt":{"rendered":"<p>SILMAROK Zinok 15mg 150 tabliet Pre spr\u00e1vne fungovanie potrebuje \u013eudsk\u00e9 telo mno\u017estvo v\u00fd\u017eivn\u00fdch l\u00e1tok a vitam\u00ednov.\u00a0Medzi nimi jeden z najd\u00f4le\u017eitej\u0161\u00edch, ktor\u00fd sa nie v\u017edy pam\u00e4t\u00e1, je zinok.\u00a0Tento prvok hr\u00e1 d\u00f4le\u017eit\u00fa \u00falohu pri posil\u0148ovan\u00ed imunitn\u00e9ho syst\u00e9mu a reguluje pr\u00e1cu obehov\u00e9ho a kostn\u00e9ho syst\u00e9mu.\u00a0Nedostatok tejto mikro\u017eiviny m\u00f4\u017ee ma\u0165 za n\u00e1sledok po\u0161kodenie \u010duchov\u00fdch a chu\u0165ov\u00fdch zmyslov alebo ko\u017en\u00e9 ochorenia vr\u00e1tane alop\u00e9cie a alergick\u00fdch stavov.\u00a0Zinok zlep\u0161uje \u0161trukt\u00faru poko\u017eky, nechtov a vlasov a tie\u017e podporuje lie\u010dbu an\u00e9mie.\u00a0Tento prvok do zna\u010dnej miery tie\u017e zvy\u0161uje odolnos\u0165 proti stresu a zlep\u0161uje pam\u00e4\u0165. Svetov\u00e1 zdravotn\u00edcka organiz\u00e1cia ozn\u00e1mila, \u017ee denn\u00e1 potreba zinku je asi 10 miligramov.\u00a0Tento prvok sa prirodzene nach\u00e1dza vo ve\u013ekom mno\u017estve v m\u00e4se, ryb\u00e1ch a morsk\u00fdch plodoch, ako aj v strukovin\u00e1ch a slne\u010dnicov\u00fdch semen\u00e1ch.\u00a0Probl\u00e9mom v\u0161ak je absorpcia zinku, ktor\u00fd sa nie v\u017edy absorbuje dostato\u010dne na to, aby splnil denn\u00fa potrebu.\u00a0\u010co ak teda m\u00e1me nedostatok tohto prvku a na\u0161a ka\u017edodenn\u00e1 strava neposkytuje dostatok zinku?\u00a0V takom pr\u00edpade s\u00fa ide\u00e1lnym rie\u0161en\u00edm&hellip;<\/p>\n<p> <a class=\"more-link\" href=\"https:\/\/www.bibifood.sk\/index.php\/silmark-zinok-15mg-150tabliet\/\">Read more<\/a><\/p>\n","protected":false},"author":1,"featured_media":0,"parent":0,"menu_order":0,"comment_status":"closed","ping_status":"closed","template":"elementor_header_footer","meta":[],"_links":{"self":[{"href":"https:\/\/www.bibifood.sk\/index.php\/wp-json\/wp\/v2\/pages\/295"}],"collection":[{"href":"https:\/\/www.bibifood.sk\/index.php\/wp-json\/wp\/v2\/pages"}],"about":[{"href":"https:\/\/www.bibifood.sk\/index.php\/wp-json\/wp\/v2\/types\/page"}],"author":[{"embeddable":true,"href":"https:\/\/www.bibifood.sk\/index.php\/wp-json\/wp\/v2\/users\/1"}],"replies":[{"embeddable":true,"href":"https:\/\/www.bibifood.sk\/index.php\/wp-json\/wp\/v2\/comments?post=295"}],"version-history":[{"count":7,"href":"https:\/\/www.bibifood.sk\/index.php\/wp-json\/wp\/v2\/pages\/295\/revisions"}],"predecessor-version":[{"id":558,"href":"https:\/\/www.bibifood.sk\/index.php\/wp-json\/wp\/v2\/pages\/295\/revisions\/558"}],"wp:attachment":[{"href":"https:\/\/www.bibifood.sk\/index.php\/wp-json\/wp\/v2\/media?parent=295"}],"curies":[{"name":"wp","href":"https:\/\/api.w.org\/{rel}","templated":true}]}}