{"id":302,"date":"2021-06-13T09:51:10","date_gmt":"2021-06-13T07:51:10","guid":{"rendered":"https:\/\/www.bibifood.sk\/?page_id=302"},"modified":"2021-06-16T18:42:39","modified_gmt":"2021-06-16T16:42:39","slug":"silmark-mg-horcik-b6-90-tabliet","status":"publish","type":"page","link":"https:\/\/www.bibifood.sk\/index.php\/silmark-mg-horcik-b6-90-tabliet\/","title":{"rendered":"SILMARK Mg (Hor\u010d\u00edk) + B6 90 tabliet"},"content":{"rendered":"\t\t<div data-elementor-type=\"wp-page\" data-elementor-id=\"302\" class=\"elementor elementor-302\">\n\t\t\t\t\t\t\t\t\t<section class=\"elementor-section elementor-top-section elementor-element elementor-element-412209a elementor-section-height-min-height elementor-section-content-middle elementor-section-boxed elementor-section-height-default elementor-section-items-middle\" data-id=\"412209a\" data-element_type=\"section\" data-settings=\"{&quot;background_background&quot;:&quot;classic&quot;,&quot;shape_divider_bottom&quot;:&quot;waves&quot;,&quot;shape_divider_bottom_negative&quot;:&quot;yes&quot;}\">\n\t\t\t\t\t\t\t<div class=\"elementor-background-overlay\"><\/div>\n\t\t\t\t\t\t<div class=\"elementor-shape elementor-shape-bottom\" data-negative=\"true\">\n\t\t\t<svg xmlns=\"http:\/\/www.w3.org\/2000\/svg\" viewBox=\"0 0 1000 100\" preserveAspectRatio=\"none\">\n\t<path class=\"elementor-shape-fill\" d=\"M790.5,93.1c-59.3-5.3-116.8-18-192.6-50c-29.6-12.7-76.9-31-100.5-35.9c-23.6-4.9-52.6-7.8-75.5-5.3\n\tc-10.2,1.1-22.6,1.4-50.1,7.4c-27.2,6.3-58.2,16.6-79.4,24.7c-41.3,15.9-94.9,21.9-134,22.6C72,58.2,0,25.8,0,25.8V100h1000V65.3\n\tc0,0-51.5,19.4-106.2,25.7C839.5,97,814.1,95.2,790.5,93.1z\"\/>\n<\/svg>\t\t<\/div>\n\t\t\t\t\t<div class=\"elementor-container elementor-column-gap-default\">\n\t\t\t\t\t<div class=\"elementor-column elementor-col-100 elementor-top-column elementor-element elementor-element-83eac25\" data-id=\"83eac25\" data-element_type=\"column\">\n\t\t\t<div class=\"elementor-widget-wrap elementor-element-populated\">\n\t\t\t\t\t\t\t\t<div class=\"elementor-element elementor-element-6b1f9cd elementor-invisible elementor-widget elementor-widget-text-editor\" data-id=\"6b1f9cd\" data-element_type=\"widget\" data-settings=\"{&quot;_animation&quot;:&quot;fadeIn&quot;}\" data-widget_type=\"text-editor.default\">\n\t\t\t\t<div class=\"elementor-widget-container\">\n\t\t\t\t\t\t\t<p>SILMARK Mg (Hor\u010d\u00edk) + B6 90 tabliet<\/p>\t\t\t\t\t\t<\/div>\n\t\t\t\t<\/div>\n\t\t\t\t\t<\/div>\n\t\t<\/div>\n\t\t\t\t\t\t\t<\/div>\n\t\t<\/section>\n\t\t\t\t<section class=\"elementor-section elementor-top-section elementor-element elementor-element-dabeb8f elementor-section-boxed elementor-section-height-default elementor-section-height-default\" data-id=\"dabeb8f\" data-element_type=\"section\">\n\t\t\t\t\t\t<div class=\"elementor-container elementor-column-gap-default\">\n\t\t\t\t\t<div class=\"elementor-column elementor-col-100 elementor-top-column elementor-element elementor-element-c369ad0\" data-id=\"c369ad0\" data-element_type=\"column\">\n\t\t\t<div class=\"elementor-widget-wrap elementor-element-populated\">\n\t\t\t\t\t\t\t\t<div class=\"elementor-element elementor-element-6f5c5be elementor-widget elementor-widget-image\" data-id=\"6f5c5be\" data-element_type=\"widget\" data-widget_type=\"image.default\">\n\t\t\t\t<div class=\"elementor-widget-container\">\n\t\t\t\t\t\t\t\t\t\t\t\t\t\t\t<img width=\"300\" height=\"300\" src=\"https:\/\/www.bibifood.sk\/wp-content\/uploads\/2021\/06\/SILMARK-MAGNEZIUM-300x300.jpg\" class=\"attachment-medium size-medium wp-image-197\" alt=\"\" loading=\"lazy\" srcset=\"https:\/\/www.bibifood.sk\/wp-content\/uploads\/2021\/06\/SILMARK-MAGNEZIUM-300x300.jpg 300w, https:\/\/www.bibifood.sk\/wp-content\/uploads\/2021\/06\/SILMARK-MAGNEZIUM-150x150.jpg 150w, https:\/\/www.bibifood.sk\/wp-content\/uploads\/2021\/06\/SILMARK-MAGNEZIUM-768x768.jpg 768w, https:\/\/www.bibifood.sk\/wp-content\/uploads\/2021\/06\/SILMARK-MAGNEZIUM.jpg 800w\" sizes=\"(max-width: 300px) 100vw, 300px\" \/>\t\t\t\t\t\t\t\t\t\t\t\t\t\t\t<\/div>\n\t\t\t\t<\/div>\n\t\t\t\t\t<\/div>\n\t\t<\/div>\n\t\t\t\t\t\t\t<\/div>\n\t\t<\/section>\n\t\t\t\t<section class=\"elementor-section elementor-top-section elementor-element elementor-element-abcf7dc elementor-section-boxed elementor-section-height-default elementor-section-height-default\" data-id=\"abcf7dc\" data-element_type=\"section\">\n\t\t\t\t\t\t<div class=\"elementor-container elementor-column-gap-default\">\n\t\t\t\t\t<div class=\"elementor-column elementor-col-100 elementor-top-column elementor-element elementor-element-c6d2c9f\" data-id=\"c6d2c9f\" data-element_type=\"column\">\n\t\t\t<div class=\"elementor-widget-wrap elementor-element-populated\">\n\t\t\t\t\t\t\t\t<div class=\"elementor-element elementor-element-f98b74a elementor-widget elementor-widget-text-editor\" data-id=\"f98b74a\" data-element_type=\"widget\" data-widget_type=\"text-editor.default\">\n\t\t\t\t<div class=\"elementor-widget-container\">\n\t\t\t\t\t\t\t<p>Forma produktu:<br \/>tabletky<br \/>Po\u010det porci\u00ed:<br \/>tridsa\u0165<br \/>Po\u010det polo\u017eiek:<br \/>90<br \/>\u010cist\u00e1 hmotnos\u0165:<br \/>120 g<br \/>Dominantn\u00e1 zlo\u017eka:<br \/>hor\u010d\u00edk<br \/>EAN k\u00f3d:<br \/>SILMARK Mg + B6 90 tabliet<br \/>SILMARK Mg + B6 je doplnok v\u00fd\u017eivy vyvinut\u00fd s pou\u017eit\u00edm najkvalitnej\u0161\u00edch surov\u00edn, ktor\u00fd<br \/>vo svojom zlo\u017een\u00ed obsahuje vysoko str\u00e1vite\u013en\u00fa formu hor\u010d\u00edka (citr\u00e1tu) a vitam\u00ednu<br \/>B6. Doplnok je ur\u010den\u00fd pre fyzicky akt\u00edvnych dospel\u00fdch, najm\u00e4 \u0161portovcov. Produkt sa<br \/>odpor\u00fa\u010da v obdob\u00ed zv\u00fd\u0161en\u00e9ho \u00fasilia a zv\u00fd\u0161en\u00e9ho dopytu po vy\u0161\u0161ie uvedenom. pr\u00edsady.<br \/>\u00a0Balenie obsahuje 90 tabliet<br \/>Na mesiac suplement\u00e1cie posta\u010duje 30 porci\u00ed produktu<br \/>\u00a01 d\u00e1vka = 3 tablety doplnku<br \/>\u00a0Produkt obohaten\u00fd o vitam\u00edn B6<\/p><div id=\"tab-description\" class=\"woocommerce-Tabs-panel woocommerce-Tabs-panel--description panel entry-content wc-tab\" role=\"tabpanel\" aria-labelledby=\"tab-title-description\"><p>Hor\u010d\u00edk je prvok, ktor\u00fd sa podie\u013ea na regul\u00e1cii mnoh\u00fdch procesov v \u013eudskom tele.\u00a0Vedecky je<br \/>dok\u00e1zan\u00e1 jeho \u00fa\u010das\u0165 na takmer 300 procesoch prebiehaj\u00facich v \u013eudskom tele.\u00a0Nedostatok<br \/>tejto mikro\u017eiviny m\u00f4\u017ee v\u00fdznamne ovplyvni\u0165 pohodu.\u00a0Preto stoj\u00ed za to vedie\u0165, ako magn\u00e9zium<br \/>funguje a ako doplni\u0165 jeho nedostatky.<br \/>Hor\u010d\u00edk medzi mnoh\u00fdmi \u00falohami zlep\u0161uje pr\u00e1cu siv\u00fdch buniek a zlep\u0161uje pam\u00e4\u0165, reguluje<br \/>\u0161t\u00edtnu \u017e\u013eazu, predch\u00e1dza z\u00e1palom a ur\u00fdch\u013euje proces hojenia po \u00farazoch.\u00a0Hor\u010d\u00edk sa pod\u00e1va aj<br \/>\u013eu\u010fom so srdcov\u00fdmi probl\u00e9mami, preto\u017ee zabra\u0148uje tvorbe \u017eivot ohrozuj\u00facich krvn\u00fdch<br \/>zrazen\u00edn.<\/p><p>Nedostatok hor\u010d\u00edka sa m\u00f4\u017ee prejavi\u0165 boles\u0165ami hlavy a z\u00e1vratmi, v\u0161eobecn\u00fdm podr\u00e1\u017eden\u00edm a<br \/>slabos\u0165ou tela.\u00a0Pri absencii tohto prvku sa m\u00f4\u017ee tie\u017e objavi\u0165 l\u00e1mavos\u0165 nechtov a nadmern\u00e9<br \/>vypad\u00e1vanie vlasov.\u00a0Ve\u013emi \u010dasto sa nedostatok hor\u010d\u00edka prejavuje aj \u0161klban\u00edm o\u010dn\u00fdch vie\u010dok<br \/>a \u010dast\u00fdmi a bolestiv\u00fdmi k\u0155\u010dmi.\u00a0Aby ste tomu zabr\u00e1nili, stoj\u00ed za to doplni\u0165 svoje telo hor\u010d\u00edkom<br \/>v spr\u00e1vnom mno\u017estve.\u00a0Najob\u013e\u00fabenej\u0161\u00edm zdrojom hor\u010d\u00edka je zelenina a ovocie, rovnako ako<br \/>poh\u00e1nka, tmav\u00fd chlieb a orechy.\u00a0Av\u0161ak \u013eudia, ktor\u00ed vykon\u00e1vaj\u00fa fyzick\u00fa pr\u00e1cu, s\u00fa vystaven\u00ed<br \/>vysok\u00e9mu stresu, dr\u017eia di\u00e9tu a s\u00fa tehotn\u00e9, s\u00fa vystaven\u00ed nedostatkom tohto prvku.\u00a0Ak denn\u00e1<br \/>strava nie je schopn\u00e1 vyrovna\u0165 nedostatok hor\u010d\u00edka v tele, mali by ste okam\u017eite siahnu\u0165 po<br \/>doplnkoch v\u00fd\u017eivy.<\/p><\/div>\t\t\t\t\t\t<\/div>\n\t\t\t\t<\/div>\n\t\t\t\t\t<\/div>\n\t\t<\/div>\n\t\t\t\t\t\t\t<\/div>\n\t\t<\/section>\n\t\t\t\t<section class=\"elementor-section elementor-top-section elementor-element elementor-element-8eddc18 elementor-section-content-middle elementor-section-boxed elementor-section-height-default elementor-section-height-default\" data-id=\"8eddc18\" data-element_type=\"section\">\n\t\t\t\t\t\t<div class=\"elementor-container elementor-column-gap-default\">\n\t\t\t\t\t<div class=\"elementor-column elementor-col-25 elementor-top-column elementor-element elementor-element-4d0b587\" data-id=\"4d0b587\" data-element_type=\"column\">\n\t\t\t<div class=\"elementor-widget-wrap elementor-element-populated\">\n\t\t\t\t\t\t\t\t<div class=\"elementor-element elementor-element-87b4ee4 elementor-widget elementor-widget-text-editor\" data-id=\"87b4ee4\" data-element_type=\"widget\" data-widget_type=\"text-editor.default\">\n\t\t\t\t<div class=\"elementor-widget-container\">\n\t\t\t\t\t\t\t<p><a href=\"https:\/\/www.bibifood.sk\/index.php\/vseobecne-obchodne-a-reklamacne-podmienky\/\" target=\"_blank\" rel=\"noopener\">V\u0161eobecn\u00e9 obchodn\u00e9 podmienky<\/a><\/p><p><a href=\"https:\/\/www.bibifood.sk\/index.php\/kontaktujte-nas\/\" target=\"_blank\" rel=\"noopener\">Nap\u00ed\u0161te n\u00e1m<\/a><\/p>\t\t\t\t\t\t<\/div>\n\t\t\t\t<\/div>\n\t\t\t\t<div class=\"elementor-element elementor-element-fb29f79 elementor-widget elementor-widget-text-editor\" data-id=\"fb29f79\" data-element_type=\"widget\" data-widget_type=\"text-editor.default\">\n\t\t\t\t<div class=\"elementor-widget-container\">\n\t\t\t\t\t\t\t<p>Kontakt:<br \/>SILMARK SK s.r.o.<br \/>Po\u013en\u00e1 850\/4<br \/>Ve\u013ek\u00fd Krt\u00ed\u0161 99001<\/p>\t\t\t\t\t\t<\/div>\n\t\t\t\t<\/div>\n\t\t\t\t\t<\/div>\n\t\t<\/div>\n\t\t\t\t<div class=\"elementor-column elementor-col-25 elementor-top-column elementor-element elementor-element-51d4007\" data-id=\"51d4007\" data-element_type=\"column\">\n\t\t\t<div class=\"elementor-widget-wrap elementor-element-populated\">\n\t\t\t\t\t\t\t\t<div class=\"elementor-element elementor-element-c1ccfce elementor-widget elementor-widget-wp-widget-zoom-social-icons-widget\" data-id=\"c1ccfce\" data-element_type=\"widget\" data-widget_type=\"wp-widget-zoom-social-icons-widget.default\">\n\t\t\t\t<div class=\"elementor-widget-container\">\n\t\t\t<h5>Sleduj n\u00e1s<\/h5>\n\t\t\n<ul class=\"zoom-social-icons-list zoom-social-icons-list--with-canvas zoom-social-icons-list--round zoom-social-icons-list--no-labels\">\n\n\t\t\n\t\t\t\t<li class=\"zoom-social_icons-list__item\">\n\t\t<a class=\"zoom-social_icons-list__link\" href=\"https:\/\/www.facebook.com\/bibifood.sk\/\" target=\"_blank\" title=\"Facebook\" >\n\t\t\t\t\t\t\t\t\t\n\t\t\t\t\t\t<span class=\"screen-reader-text\">facebook<\/span>\n\t\t\t\n\t\t\t\t\t\t<span class=\"zoom-social_icons-list-span social-icon socicon socicon-facebook\" data-hover-rule=\"background-color\" data-hover-color=\"#1877F2\" style=\"background-color : #1877F2; font-size: 18px; padding:8px\" ><\/span>\n\t\t\t\n\t\t\t\t\t<\/a>\n\t<\/li>\n\n\t\n\t\t\t\t<li class=\"zoom-social_icons-list__item\">\n\t\t<a class=\"zoom-social_icons-list__link\" href=\"https:\/\/www.youtube.com\/channel\/UCTQJpfVjcCYNvA5DkWhTRPA\" target=\"_blank\" title=\"Twitter\" >\n\t\t\t\t\t\t\t\t\t\n\t\t\t\t\t\t<span class=\"screen-reader-text\">youtube<\/span>\n\t\t\t\n\t\t\t\t\t\t<span class=\"zoom-social_icons-list-span social-icon socicon socicon-youtube\" data-hover-rule=\"background-color\" data-hover-color=\"#e02a20\" style=\"background-color : #e02a20; font-size: 18px; padding:8px\" ><\/span>\n\t\t\t\n\t\t\t\t\t<\/a>\n\t<\/li>\n\n\t\n\t\t\t\t<li class=\"zoom-social_icons-list__item\">\n\t\t<a class=\"zoom-social_icons-list__link\" href=\"https:\/\/www.instagram.com\/invites\/contact\/?i=161p9q7kd3cgy&#038;utm_content=lg2elnn\" target=\"_blank\" title=\"Instagram\" >\n\t\t\t\t\t\t\t\t\t\n\t\t\t\t\t\t<span class=\"screen-reader-text\">instagram<\/span>\n\t\t\t\n\t\t\t\t\t\t<span class=\"zoom-social_icons-list-span social-icon socicon socicon-instagram\" data-hover-rule=\"background-color\" data-hover-color=\"#e4405f\" style=\"background-color : #e4405f; font-size: 18px; padding:8px\" ><\/span>\n\t\t\t\n\t\t\t\t\t<\/a>\n\t<\/li>\n\n\t\n\t\t\t\t<li class=\"zoom-social_icons-list__item\">\n\t\t<a class=\"zoom-social_icons-list__link\" href=\"https:\/\/g.page\/r\/CR_4e9kw-7k8EA0\" target=\"_blank\" title=\"Default Label\" >\n\t\t\t\t\t\t\t\t\t\n\t\t\t\t\t\t<span class=\"screen-reader-text\">angieslist<\/span>\n\t\t\t\n\t\t\t\t\t\t<span class=\"zoom-social_icons-list-span social-icon socicon socicon-angieslist\" data-hover-rule=\"background-color\" data-hover-color=\"#299F37\" style=\"background-color : #299F37; font-size: 18px; padding:8px\" ><\/span>\n\t\t\t\n\t\t\t\t\t<\/a>\n\t<\/li>\n\n\t\n\t\t\t\t<li class=\"zoom-social_icons-list__item\">\n\t\t<a class=\"zoom-social_icons-list__link\" href=\"https:\/\/g.page\/r\/CZDT_sKOKcdYEA0\" target=\"_blank\" title=\"Default Label\" >\n\t\t\t\t\t\t\t\t\t\n\t\t\t\t\t\t<span class=\"screen-reader-text\">angieslist<\/span>\n\t\t\t\n\t\t\t\t\t\t<span class=\"zoom-social_icons-list-span social-icon socicon socicon-angieslist\" data-hover-rule=\"background-color\" data-hover-color=\"#299F37\" style=\"background-color : #299F37; font-size: 18px; padding:8px\" ><\/span>\n\t\t\t\n\t\t\t\t\t<\/a>\n\t<\/li>\n\n\t\n<\/ul>\n\n\t\t\t\t<\/div>\n\t\t\t\t<\/div>\n\t\t\t\t\t<\/div>\n\t\t<\/div>\n\t\t\t\t<div class=\"elementor-column elementor-col-25 elementor-top-column elementor-element elementor-element-ab6bba8\" data-id=\"ab6bba8\" data-element_type=\"column\">\n\t\t\t<div class=\"elementor-widget-wrap elementor-element-populated\">\n\t\t\t\t\t\t\t\t<div class=\"elementor-element elementor-element-59e23d7 elementor-widget elementor-widget-image\" data-id=\"59e23d7\" data-element_type=\"widget\" data-widget_type=\"image.default\">\n\t\t\t\t<div class=\"elementor-widget-container\">\n\t\t\t\t\t\t\t\t\t\t\t\t\t\t\t<img width=\"696\" height=\"1024\" src=\"https:\/\/www.bibifood.sk\/wp-content\/uploads\/2021\/06\/Macko-zeleny-696x1024.jpg\" class=\"attachment-large size-large wp-image-443\" alt=\"\" loading=\"lazy\" srcset=\"https:\/\/www.bibifood.sk\/wp-content\/uploads\/2021\/06\/Macko-zeleny-696x1024.jpg 696w, https:\/\/www.bibifood.sk\/wp-content\/uploads\/2021\/06\/Macko-zeleny-204x300.jpg 204w, https:\/\/www.bibifood.sk\/wp-content\/uploads\/2021\/06\/Macko-zeleny-768x1130.jpg 768w, https:\/\/www.bibifood.sk\/wp-content\/uploads\/2021\/06\/Macko-zeleny.jpg 922w\" sizes=\"(max-width: 696px) 100vw, 696px\" \/>\t\t\t\t\t\t\t\t\t\t\t\t\t\t\t<\/div>\n\t\t\t\t<\/div>\n\t\t\t\t\t<\/div>\n\t\t<\/div>\n\t\t\t\t<div class=\"elementor-column elementor-col-25 elementor-top-column elementor-element elementor-element-e71fd32\" data-id=\"e71fd32\" data-element_type=\"column\">\n\t\t\t<div class=\"elementor-widget-wrap elementor-element-populated\">\n\t\t\t\t\t\t\t\t<div class=\"elementor-element elementor-element-e20dc4b elementor-view-default elementor-mobile-position-top elementor-vertical-align-top elementor-widget elementor-widget-icon-box\" data-id=\"e20dc4b\" data-element_type=\"widget\" data-widget_type=\"icon-box.default\">\n\t\t\t\t<div class=\"elementor-widget-container\">\n\t\t\t\t\t<div class=\"elementor-icon-box-wrapper\">\n\t\t\t\t\t\t<div class=\"elementor-icon-box-icon\">\n\t\t\t\t<span class=\"elementor-icon elementor-animation-\" >\n\t\t\t\t<i aria-hidden=\"true\" class=\"fas fa-phone\"><\/i>\t\t\t\t<\/span>\n\t\t\t<\/div>\n\t\t\t\t\t\t<div class=\"elementor-icon-box-content\">\n\t\t\t\t<h3 class=\"elementor-icon-box-title\">\n\t\t\t\t\t<span  >\n\t\t\t\t\t\t\t\t\t\t\t<\/span>\n\t\t\t\t<\/h3>\n\t\t\t\t\t\t\t\t\t<p class=\"elementor-icon-box-description\">\n\t\t\t\t\t\t<a href=\"tel:+421474882222\">+421 47 4882222<\/a>\t\t\t\t\t<\/p>\n\t\t\t\t\t\t\t<\/div>\n\t\t<\/div>\n\t\t\t\t<\/div>\n\t\t\t\t<\/div>\n\t\t\t\t<div class=\"elementor-element elementor-element-3028329 elementor-view-default elementor-vertical-align-top elementor-widget elementor-widget-icon-box\" data-id=\"3028329\" data-element_type=\"widget\" data-widget_type=\"icon-box.default\">\n\t\t\t\t<div class=\"elementor-widget-container\">\n\t\t\t\t\t<div class=\"elementor-icon-box-wrapper\">\n\t\t\t\t\t\t<div class=\"elementor-icon-box-content\">\n\t\t\t\t<h3 class=\"elementor-icon-box-title\">\n\t\t\t\t\t<span  >\n\t\t\t\t\t\t\t\t\t\t\t<\/span>\n\t\t\t\t<\/h3>\n\t\t\t\t\t\t\t\t\t<p class=\"elementor-icon-box-description\">\n\t\t\t\t\t\t<a href=\"tel:+421917717727\">+421 47 4882222<\/a>\t\t\t\t\t<\/p>\n\t\t\t\t\t\t\t<\/div>\n\t\t<\/div>\n\t\t\t\t<\/div>\n\t\t\t\t<\/div>\n\t\t\t\t<div class=\"elementor-element elementor-element-aea532c elementor-view-default elementor-mobile-position-top elementor-vertical-align-top elementor-widget elementor-widget-icon-box\" data-id=\"aea532c\" data-element_type=\"widget\" data-widget_type=\"icon-box.default\">\n\t\t\t\t<div class=\"elementor-widget-container\">\n\t\t\t\t\t<div class=\"elementor-icon-box-wrapper\">\n\t\t\t\t\t\t<div class=\"elementor-icon-box-icon\">\n\t\t\t\t<span class=\"elementor-icon elementor-animation-\" >\n\t\t\t\t<i aria-hidden=\"true\" class=\"far fa-envelope\"><\/i>\t\t\t\t<\/span>\n\t\t\t<\/div>\n\t\t\t\t\t\t<div class=\"elementor-icon-box-content\">\n\t\t\t\t<h3 class=\"elementor-icon-box-title\">\n\t\t\t\t\t<span  >\n\t\t\t\t\t\t\t\t\t\t\t<\/span>\n\t\t\t\t<\/h3>\n\t\t\t\t\t\t\t\t\t<p class=\"elementor-icon-box-description\">\n\t\t\t\t\t\t<a href=\"mailto:bibi@bibifood.sk\">bibi@bibifood.sk<a\/>\t\t\t\t\t<\/p>\n\t\t\t\t\t\t\t<\/div>\n\t\t<\/div>\n\t\t\t\t<\/div>\n\t\t\t\t<\/div>\n\t\t\t\t\t<\/div>\n\t\t<\/div>\n\t\t\t\t\t\t\t<\/div>\n\t\t<\/section>\n\t\t\t\t\t\t\t<\/div>\n\t\t","protected":false},"excerpt":{"rendered":"<p>SILMARK Mg (Hor\u010d\u00edk) + B6 90 tabliet Forma produktu:tabletkyPo\u010det porci\u00ed:tridsa\u0165Po\u010det polo\u017eiek:90\u010cist\u00e1 hmotnos\u0165:120 gDominantn\u00e1 zlo\u017eka:hor\u010d\u00edkEAN k\u00f3d:SILMARK Mg + B6 90 tablietSILMARK Mg + B6 je doplnok v\u00fd\u017eivy vyvinut\u00fd s pou\u017eit\u00edm najkvalitnej\u0161\u00edch surov\u00edn, ktor\u00fdvo svojom zlo\u017een\u00ed obsahuje vysoko str\u00e1vite\u013en\u00fa formu hor\u010d\u00edka (citr\u00e1tu) a vitam\u00ednuB6. Doplnok je ur\u010den\u00fd pre fyzicky akt\u00edvnych dospel\u00fdch, najm\u00e4 \u0161portovcov. Produkt saodpor\u00fa\u010da v obdob\u00ed zv\u00fd\u0161en\u00e9ho \u00fasilia a zv\u00fd\u0161en\u00e9ho dopytu po vy\u0161\u0161ie uvedenom. pr\u00edsady.\u00a0Balenie obsahuje 90 tablietNa mesiac suplement\u00e1cie posta\u010duje 30 porci\u00ed produktu\u00a01 d\u00e1vka = 3 tablety doplnku\u00a0Produkt obohaten\u00fd o vitam\u00edn B6 Hor\u010d\u00edk je prvok, ktor\u00fd sa podie\u013ea na regul\u00e1cii mnoh\u00fdch procesov v \u013eudskom tele.\u00a0Vedecky jedok\u00e1zan\u00e1 jeho \u00fa\u010das\u0165 na takmer 300 procesoch prebiehaj\u00facich v \u013eudskom tele.\u00a0Nedostatoktejto mikro\u017eiviny m\u00f4\u017ee v\u00fdznamne ovplyvni\u0165 pohodu.\u00a0Preto stoj\u00ed za to vedie\u0165, ako magn\u00e9ziumfunguje a ako doplni\u0165 jeho nedostatky.Hor\u010d\u00edk medzi mnoh\u00fdmi \u00falohami zlep\u0161uje pr\u00e1cu siv\u00fdch buniek a zlep\u0161uje pam\u00e4\u0165, reguluje\u0161t\u00edtnu \u017e\u013eazu, predch\u00e1dza z\u00e1palom a ur\u00fdch\u013euje proces hojenia po \u00farazoch.\u00a0Hor\u010d\u00edk sa pod\u00e1va aj\u013eu\u010fom so srdcov\u00fdmi probl\u00e9mami, preto\u017ee zabra\u0148uje&hellip;<\/p>\n<p> <a class=\"more-link\" href=\"https:\/\/www.bibifood.sk\/index.php\/silmark-mg-horcik-b6-90-tabliet\/\">Read more<\/a><\/p>\n","protected":false},"author":1,"featured_media":0,"parent":0,"menu_order":0,"comment_status":"closed","ping_status":"closed","template":"elementor_header_footer","meta":[],"_links":{"self":[{"href":"https:\/\/www.bibifood.sk\/index.php\/wp-json\/wp\/v2\/pages\/302"}],"collection":[{"href":"https:\/\/www.bibifood.sk\/index.php\/wp-json\/wp\/v2\/pages"}],"about":[{"href":"https:\/\/www.bibifood.sk\/index.php\/wp-json\/wp\/v2\/types\/page"}],"author":[{"embeddable":true,"href":"https:\/\/www.bibifood.sk\/index.php\/wp-json\/wp\/v2\/users\/1"}],"replies":[{"embeddable":true,"href":"https:\/\/www.bibifood.sk\/index.php\/wp-json\/wp\/v2\/comments?post=302"}],"version-history":[{"count":7,"href":"https:\/\/www.bibifood.sk\/index.php\/wp-json\/wp\/v2\/pages\/302\/revisions"}],"predecessor-version":[{"id":543,"href":"https:\/\/www.bibifood.sk\/index.php\/wp-json\/wp\/v2\/pages\/302\/revisions\/543"}],"wp:attachment":[{"href":"https:\/\/www.bibifood.sk\/index.php\/wp-json\/wp\/v2\/media?parent=302"}],"curies":[{"name":"wp","href":"https:\/\/api.w.org\/{rel}","templated":true}]}}