{"id":307,"date":"2021-06-13T09:54:06","date_gmt":"2021-06-13T07:54:06","guid":{"rendered":"https:\/\/www.bibifood.sk\/?page_id=307"},"modified":"2021-06-16T18:44:07","modified_gmt":"2021-06-16T16:44:07","slug":"silmark-vitamin-d3-4000-k2-100-tabliet","status":"publish","type":"page","link":"https:\/\/www.bibifood.sk\/index.php\/silmark-vitamin-d3-4000-k2-100-tabliet\/","title":{"rendered":"SILMARK Vitam\u00edn D3 4000 + K2 100 tabliet"},"content":{"rendered":"\t\t<div data-elementor-type=\"wp-page\" data-elementor-id=\"307\" class=\"elementor elementor-307\">\n\t\t\t\t\t\t\t\t\t<section class=\"elementor-section elementor-top-section elementor-element elementor-element-c673d9d elementor-section-height-min-height elementor-section-content-middle elementor-section-boxed elementor-section-height-default elementor-section-items-middle\" data-id=\"c673d9d\" data-element_type=\"section\" data-settings=\"{&quot;background_background&quot;:&quot;classic&quot;,&quot;shape_divider_bottom&quot;:&quot;waves&quot;,&quot;shape_divider_bottom_negative&quot;:&quot;yes&quot;}\">\n\t\t\t\t\t\t\t<div class=\"elementor-background-overlay\"><\/div>\n\t\t\t\t\t\t<div class=\"elementor-shape elementor-shape-bottom\" data-negative=\"true\">\n\t\t\t<svg xmlns=\"http:\/\/www.w3.org\/2000\/svg\" viewBox=\"0 0 1000 100\" preserveAspectRatio=\"none\">\n\t<path class=\"elementor-shape-fill\" d=\"M790.5,93.1c-59.3-5.3-116.8-18-192.6-50c-29.6-12.7-76.9-31-100.5-35.9c-23.6-4.9-52.6-7.8-75.5-5.3\n\tc-10.2,1.1-22.6,1.4-50.1,7.4c-27.2,6.3-58.2,16.6-79.4,24.7c-41.3,15.9-94.9,21.9-134,22.6C72,58.2,0,25.8,0,25.8V100h1000V65.3\n\tc0,0-51.5,19.4-106.2,25.7C839.5,97,814.1,95.2,790.5,93.1z\"\/>\n<\/svg>\t\t<\/div>\n\t\t\t\t\t<div class=\"elementor-container elementor-column-gap-default\">\n\t\t\t\t\t<div class=\"elementor-column elementor-col-100 elementor-top-column elementor-element elementor-element-d4b0a43\" data-id=\"d4b0a43\" data-element_type=\"column\">\n\t\t\t<div class=\"elementor-widget-wrap elementor-element-populated\">\n\t\t\t\t\t\t\t\t<div class=\"elementor-element elementor-element-fad7794 elementor-invisible elementor-widget elementor-widget-text-editor\" data-id=\"fad7794\" data-element_type=\"widget\" data-settings=\"{&quot;_animation&quot;:&quot;fadeIn&quot;}\" data-widget_type=\"text-editor.default\">\n\t\t\t\t<div class=\"elementor-widget-container\">\n\t\t\t\t\t\t\t<p>SILMARK Vitam\u00edn D3 4000 + K2 100 tabliet<\/p>\t\t\t\t\t\t<\/div>\n\t\t\t\t<\/div>\n\t\t\t\t\t<\/div>\n\t\t<\/div>\n\t\t\t\t\t\t\t<\/div>\n\t\t<\/section>\n\t\t\t\t<section class=\"elementor-section elementor-top-section elementor-element elementor-element-0789df2 elementor-section-boxed elementor-section-height-default elementor-section-height-default\" data-id=\"0789df2\" data-element_type=\"section\">\n\t\t\t\t\t\t<div class=\"elementor-container elementor-column-gap-default\">\n\t\t\t\t\t<div class=\"elementor-column elementor-col-100 elementor-top-column elementor-element elementor-element-3c4451e\" data-id=\"3c4451e\" data-element_type=\"column\">\n\t\t\t<div class=\"elementor-widget-wrap elementor-element-populated\">\n\t\t\t\t\t\t\t\t<div class=\"elementor-element elementor-element-0bccadc elementor-widget elementor-widget-image\" data-id=\"0bccadc\" data-element_type=\"widget\" data-widget_type=\"image.default\">\n\t\t\t\t<div class=\"elementor-widget-container\">\n\t\t\t\t\t\t\t\t\t\t\t\t\t\t\t<img width=\"300\" height=\"300\" src=\"https:\/\/www.bibifood.sk\/wp-content\/uploads\/2021\/06\/SILMARK-D3K2-300x300.jpg\" class=\"attachment-medium size-medium wp-image-196\" alt=\"\" loading=\"lazy\" srcset=\"https:\/\/www.bibifood.sk\/wp-content\/uploads\/2021\/06\/SILMARK-D3K2-300x300.jpg 300w, https:\/\/www.bibifood.sk\/wp-content\/uploads\/2021\/06\/SILMARK-D3K2-150x150.jpg 150w, https:\/\/www.bibifood.sk\/wp-content\/uploads\/2021\/06\/SILMARK-D3K2-768x768.jpg 768w, https:\/\/www.bibifood.sk\/wp-content\/uploads\/2021\/06\/SILMARK-D3K2.jpg 800w\" sizes=\"(max-width: 300px) 100vw, 300px\" \/>\t\t\t\t\t\t\t\t\t\t\t\t\t\t\t<\/div>\n\t\t\t\t<\/div>\n\t\t\t\t\t<\/div>\n\t\t<\/div>\n\t\t\t\t\t\t\t<\/div>\n\t\t<\/section>\n\t\t\t\t<section class=\"elementor-section elementor-top-section elementor-element elementor-element-72aa772 elementor-section-boxed elementor-section-height-default elementor-section-height-default\" data-id=\"72aa772\" data-element_type=\"section\">\n\t\t\t\t\t\t<div class=\"elementor-container elementor-column-gap-default\">\n\t\t\t\t\t<div class=\"elementor-column elementor-col-100 elementor-top-column elementor-element elementor-element-4a8cb9c\" data-id=\"4a8cb9c\" data-element_type=\"column\">\n\t\t\t<div class=\"elementor-widget-wrap elementor-element-populated\">\n\t\t\t\t\t\t\t\t<div class=\"elementor-element elementor-element-798e7d7 elementor-widget elementor-widget-text-editor\" data-id=\"798e7d7\" data-element_type=\"widget\" data-widget_type=\"text-editor.default\">\n\t\t\t\t<div class=\"elementor-widget-container\">\n\t\t\t\t\t\t\t<div class=\"woocommerce-product-details__short-description\"><p>Vitam\u00edn D, tie\u017e zn\u00e1my ako \u201eslne\u010dn\u00fd vitam\u00edn\u201c, je nevyhnutn\u00fd pre spr\u00e1vne fungovanie nervov\u00e9ho, cievneho a imunitn\u00e9ho syst\u00e9mu.\u00a0Na\u0161e telo si ho dok\u00e1\u017ee vyrobi\u0165 pod vplyvom slnka, ale je to ve\u013emi komplikovan\u00fd proces a aj v lete m\u00f4\u017eeme trpie\u0165 jeho nedostatkom.\u00a0Pravideln\u00e9 dop\u013a\u0148anie vitam\u00ednu D reguluje rovnov\u00e1hu v\u00e1pniku a fosf\u00e1tov v tele, to znamen\u00e1 k\u013e\u00fa\u010dov\u00e9 prvky pre stav zubov, kost\u00ed a k\u013abov.<\/p><p>Je tie\u017e nevyhnutn\u00fd pri prevencii osteopor\u00f3zy.\u00a0Pom\u00e1ha vstreb\u00e1va\u0165 v\u00e1pnik a transportova\u0165 ho do kost\u00ed.\u00a0To je ve\u013emi d\u00f4le\u017eit\u00e9, preto\u017ee to pom\u00e1ha udr\u017eiava\u0165 kosti v hmote.\u00a0\u010eal\u0161ou d\u00f4le\u017eitou vlastnos\u0165ou vitam\u00ednu D je jeho vplyv na hladinu gluk\u00f3zy.\u00a0Jeho nedostatok m\u00f4\u017ee sp\u00f4sobi\u0165 poruchy hladiny cukru v krvi, \u010do v\u00e1s vystavuje riziku diabetick\u00fdch komplik\u00e1ci\u00ed.\u00a0Okrem toho m\u00e1 efekt podporuj\u00faci budovanie svalovej hmoty.\u00a0Je to preto, lebo sa okrem in\u00e9ho z\u00fa\u010dast\u0148uje\u00a0pri synt\u00e9ze testoster\u00f3nu, \u010do je anabolick\u00fd horm\u00f3n.\u00a0Je d\u00f4le\u017eit\u00e9 poskytn\u00fa\u0165 telu spr\u00e1vnu d\u00e1vku, ktor\u00e1 m\u00e1 vplyv na pevnos\u0165 a odolnos\u0165.\u00a0Podmienky v Po\u013esku bohu\u017eia\u013e uprednost\u0148uj\u00fa nedostatky tohto vitam\u00ednu.<\/p><p>Na\u0161a strava tie\u017e neposkytuje vitam\u00edn D, ktor\u00fd potrebujeme, preto\u017ee jeme pr\u00edli\u0161 m\u00e1lo morsk\u00fdch r\u00fdb, ktor\u00e9 nemo\u017eno nahradi\u0165 in\u00fdmi potravinami.\u00a0Okrem toho tr\u00e1vime \u010doraz viac \u010dasu v interi\u00e9roch ako vonku a to sp\u00f4sobuje obmedzen\u00fa synt\u00e9zu vitam\u00ednu D v poko\u017eke.\u00a0Preto je pre na\u0161e telo tak\u00e9 d\u00f4le\u017eit\u00e9 dod\u00e1va\u0165 vitam\u00edny pou\u017e\u00edvan\u00edm kvalitn\u00fdch doplnkov v\u00fd\u017eivy.<\/p><p><strong>Forma produktu:<\/strong><\/p><p>tabletky<\/p><p><strong>Po\u010det porci\u00ed:<\/strong><\/p><p>200<\/p><p><strong>Po\u010det polo\u017eiek:<\/strong><\/p><p>100<\/p><p><strong>\u010cist\u00e1 hmotnos\u0165:<\/strong><\/p><p>48 g<\/p><p><strong>Dominantn\u00e1 zlo\u017eka:<\/strong><\/p><p>vitam\u00edn D<\/p><p><strong>EAN k\u00f3d:<\/strong><\/p><p><strong>\u00a0<\/strong><\/p><h3>SILMARK Vitam\u00edn D3\u00a0 4000 + K2 100 tabliet<\/h3><p><strong>SILMARK Vitamin D3 4000 + K2 je doplnok v\u00fd\u017eivy vo forme tabliet obsahuj\u00facich zlo\u017eenie <\/strong><\/p><p><strong>vitam\u00ednov D a K poch\u00e1dzaj\u00facich z pr\u00edrodn\u00fdch surov\u00edn.<\/strong><\/p><p><strong>\u00a0<\/strong><\/p><ul><li>200 porci\u00ed v balen\u00ed<\/li><li>1 porcia = 1\/2 tablety<\/li><li>Pridanie vitam\u00ednu K2 v d\u00f4sledku ferment\u00e1cie bakt\u00e9ri\u00ed Bacillus subtilis natto<\/li><\/ul><h3>SILMARK Vitam\u00edn D3\u00a0 4000 + K2<\/h3><p>Je to zlo\u017eenie vitam\u00ednov poch\u00e1dzaj\u00facich z pr\u00edrodn\u00fdch surov\u00edn.\u00a0Vitam\u00edn K2 MK-7 je forma<\/p><p>vitam\u00ednu K2, ktor\u00fa na\u0161e telo absorbuje v najvy\u0161\u0161ej miere.\u00a0Z\u00edskava sa z tradi\u010dn\u00e9ho japonsk\u00e9ho fermentovan\u00e9ho s\u00f3jov\u00e9ho produktu v d\u00f4sledku ferment\u00e1cie bakt\u00e9ri\u00ed Bacillus subtilis natto.<\/p><ul><li><strong>VITAM\u00cdN K2 (menachin\u00f3n-7)<\/strong><\/li><\/ul><p>Vitam\u00edn K je nevyhnutn\u00fd pre spr\u00e1vne fungovanie tela, prispieva k spr\u00e1vnemu zr\u00e1\u017eaniu krvi a tie\u017e prispieva k udr\u017eaniu norm\u00e1lnej denzity kost\u00ed.\u00a0Zodpoved\u00e1 za spr\u00e1vny transport v\u00e1pniku z krvi do kostn\u00e9ho tkaniva, \u010do v\u00e1m umo\u017e\u0148uje udr\u017eiava\u0165 zdrav\u00e9 a pevn\u00e9 kosti.<\/p><ul><li><strong>VITAM\u00cdN D3 (cholekalciferol)<\/strong><\/li><\/ul><p>Vitam\u00edn D, tie\u017e zn\u00e1my ako \u201eslne\u010dn\u00fd vitam\u00edn\u201c, pom\u00e1ha pri spr\u00e1vnom vstreb\u00e1van\u00ed \/ pou\u017e\u00edvan\u00ed v\u00e1pniku a fosforu a pom\u00e1ha udr\u017eiava\u0165 spr\u00e1vnu hladinu v\u00e1pnika v krvi.\u00a0Okrem toho tento vitam\u00edn pom\u00e1ha udr\u017eiava\u0165 zdrav\u00e9 kosti a zuby, rovnako ako pom\u00e1ha pri spr\u00e1vnom fungovan\u00ed svalov a imunitn\u00e9ho syst\u00e9mu.\u00a0Vitam\u00edn D sa podie\u013ea na procese delenia buniek.<\/p><h3>SILMARK\u00a0 Vlastnosti \u00a0Vitam\u00edn D3 4000 + K2<\/h3><ul><li>Vitam\u00edny pom\u00e1haj\u00fa udr\u017eiava\u0165 zdrav\u00e9 kosti a zuby<\/li><li>Vitam\u00edn D pom\u00e1ha pri spr\u00e1vnom vstreb\u00e1van\u00ed \/ pou\u017eit\u00ed v\u00e1pniku a fosforu<\/li><li>Vitam\u00edn K prispieva k spr\u00e1vnemu zr\u00e1\u017eaniu krvi<\/li><\/ul><ul><li><strong>1 TABLETA OBSAHUJE 4 000 IU VITAM\u00cdNU D3<\/strong><\/li><li><strong>1\/2 TABLETY OBSAHUJE 2 000 IU VITAM\u00cdNU D3<\/strong><\/li><\/ul><p><strong>KA\u017dDODENN\u00c1 porcia,\u00a0 ODPOR\u00da\u010cAME \u00a01\/2 TABLETY V S\u00daLADE S \u00daRADOM GIS.<\/strong><\/p><h3>Laborat\u00f3rne potvrden\u00e1 kvalita<\/h3><p><strong>Z d\u00f4vodu ochrany zdravia na\u0161ich z\u00e1kazn\u00edkov s\u00fa na\u0161e v\u00fdrobky pravidelne testovan\u00e9 v <\/strong><\/p><p><strong>nez\u00e1vislom akreditovanom laborat\u00f3riu s cie\u013eom zabezpe\u010di\u0165 a udr\u017ea\u0165 najvy\u0161\u0161iu kvalitu.<\/strong><\/p><p><strong>\u00a0<\/strong><\/p><p><strong>Met\u00f3da pou\u017eitia<\/strong><\/p><p>Konzumujte 1 d\u00e1vku (1\/2 tablety) denne 30 min\u00fat pred jedlom.\u00a0V\u00fdrobok je ur\u010den\u00fd pre dospel\u00fdch.<\/p><p><strong>Pred pou\u017eit\u00edm je vhodn\u00e9 vykona\u0165 krvn\u00fd test 25- (OH) D a v\u00fdsledok testu konzultova\u0165 s lek\u00e1rom alebo lek\u00e1rnikom.<\/strong><\/p><p>Neprekra\u010dujte odpor\u00fa\u010dan\u00fa denn\u00fa d\u00e1vku.\u00a0Doplnok v\u00fd\u017eivy nemo\u017eno pou\u017ei\u0165 ako n\u00e1hradu (n\u00e1hradu) pestrej stravy.\u00a0Odpor\u00fa\u010da sa vyv\u00e1\u017een\u00e1 strava a zdrav\u00fd \u017eivotn\u00fd \u0161t\u00fdl.\u00a0Nejedzte, ak ste alergick\u00fd na niektor\u00fa zo zlo\u017eiek lieku.\u00a0V\u00fdrobok by nemali pou\u017e\u00edva\u0165 deti, tehotn\u00e9 \u017eeny a doj\u010diace matky.\u00a0Skladujte mimo dosahu mal\u00fdch det\u00ed.<\/p><p><strong>Inform\u00e1cie o v\u00fd\u017eivovej hodnote<\/strong><\/p><h3><strong>Zlo\u017eenie<\/strong><\/h3><p>Objemov\u00e9 \u010dinidlo: mikrokry\u0161talick\u00e1 celul\u00f3za;\u00a0\u0161krob, cholekalciferol z lanol\u00ednu (vitam\u00edn D),<\/p><p>protihrudkuj\u00face l\u00e1tky: hore\u010dnat\u00e9 soli mastn\u00fdch kysel\u00edn, oxid kremi\u010dit\u00fd;\u00a0menachin\u00f3n-7 MK-<\/p><p>7 (vitam\u00edn K) odvoden\u00fd z Bacillus subtilis natto.<\/p><p>\u00a0<\/p><p>V\u00fdrobok m\u00f4\u017ee obsahova\u0165 mlieko (vr\u00e1tane lakt\u00f3zy), s\u00f3ju, ara\u0161idy, in\u00e9 orechy, sezamov\u00e9 semia\u010dka, obilniny obsahuj\u00face lepok, vajcia, k\u00f4rovce, ryby.<\/p><p>\u00a0<\/p><p>\u00a0<\/p><h3><strong>Nutri\u010dn\u00e1 hodnota<\/strong><\/h3><p>\u010cist\u00e1 hmotnos\u0165 produktu: 48 g<\/p><p>\u00a0<\/p><p>Po\u010det porci\u00ed v balen\u00ed: 200<\/p><p>\u00a0<\/p><p>Ve\u013ekos\u0165 d\u00e1vky: 1\/2 tablety<\/p><\/div>\t\t\t\t\t\t<\/div>\n\t\t\t\t<\/div>\n\t\t\t\t\t<\/div>\n\t\t<\/div>\n\t\t\t\t\t\t\t<\/div>\n\t\t<\/section>\n\t\t\t\t<section class=\"elementor-section elementor-top-section elementor-element elementor-element-4609686 elementor-section-boxed elementor-section-height-default elementor-section-height-default\" data-id=\"4609686\" data-element_type=\"section\">\n\t\t\t\t\t\t<div class=\"elementor-container elementor-column-gap-default\">\n\t\t\t\t\t<div class=\"elementor-column elementor-col-100 elementor-top-column elementor-element elementor-element-808a733\" data-id=\"808a733\" data-element_type=\"column\">\n\t\t\t<div class=\"elementor-widget-wrap elementor-element-populated\">\n\t\t\t\t\t\t\t\t<div class=\"elementor-element elementor-element-0071170 elementor-widget elementor-widget-image\" data-id=\"0071170\" data-element_type=\"widget\" data-widget_type=\"image.default\">\n\t\t\t\t<div class=\"elementor-widget-container\">\n\t\t\t\t\t\t\t\t\t\t\t\t\t\t\t<img width=\"800\" height=\"108\" src=\"https:\/\/www.bibifood.sk\/wp-content\/uploads\/2021\/06\/Screenshot-2021-06-13-at-09-56-14-SILMARK-Vitamin-D3-4000-K2-100-tabliet-\u2013-SILMARK-s-r-o-.png\" class=\"attachment-large size-large wp-image-309\" alt=\"\" loading=\"lazy\" srcset=\"https:\/\/www.bibifood.sk\/wp-content\/uploads\/2021\/06\/Screenshot-2021-06-13-at-09-56-14-SILMARK-Vitamin-D3-4000-K2-100-tabliet-\u2013-SILMARK-s-r-o-.png 999w, https:\/\/www.bibifood.sk\/wp-content\/uploads\/2021\/06\/Screenshot-2021-06-13-at-09-56-14-SILMARK-Vitamin-D3-4000-K2-100-tabliet-\u2013-SILMARK-s-r-o--300x41.png 300w, https:\/\/www.bibifood.sk\/wp-content\/uploads\/2021\/06\/Screenshot-2021-06-13-at-09-56-14-SILMARK-Vitamin-D3-4000-K2-100-tabliet-\u2013-SILMARK-s-r-o--768x104.png 768w\" sizes=\"(max-width: 800px) 100vw, 800px\" \/>\t\t\t\t\t\t\t\t\t\t\t\t\t\t\t<\/div>\n\t\t\t\t<\/div>\n\t\t\t\t\t<\/div>\n\t\t<\/div>\n\t\t\t\t\t\t\t<\/div>\n\t\t<\/section>\n\t\t\t\t<section class=\"elementor-section elementor-top-section elementor-element elementor-element-222bff3 elementor-section-content-middle elementor-section-boxed elementor-section-height-default elementor-section-height-default\" data-id=\"222bff3\" data-element_type=\"section\">\n\t\t\t\t\t\t<div class=\"elementor-container elementor-column-gap-default\">\n\t\t\t\t\t<div class=\"elementor-column elementor-col-25 elementor-top-column elementor-element elementor-element-6c29098\" data-id=\"6c29098\" data-element_type=\"column\">\n\t\t\t<div class=\"elementor-widget-wrap elementor-element-populated\">\n\t\t\t\t\t\t\t\t<div class=\"elementor-element elementor-element-aac9323 elementor-widget elementor-widget-text-editor\" data-id=\"aac9323\" data-element_type=\"widget\" data-widget_type=\"text-editor.default\">\n\t\t\t\t<div class=\"elementor-widget-container\">\n\t\t\t\t\t\t\t<p><a href=\"https:\/\/www.bibifood.sk\/index.php\/vseobecne-obchodne-a-reklamacne-podmienky\/\" target=\"_blank\" rel=\"noopener\">V\u0161eobecn\u00e9 obchodn\u00e9 podmienky<\/a><\/p><p><a href=\"https:\/\/www.bibifood.sk\/index.php\/kontaktujte-nas\/\" target=\"_blank\" rel=\"noopener\">Nap\u00ed\u0161te n\u00e1m<\/a><\/p>\t\t\t\t\t\t<\/div>\n\t\t\t\t<\/div>\n\t\t\t\t<div class=\"elementor-element elementor-element-ffb8134 elementor-widget elementor-widget-text-editor\" data-id=\"ffb8134\" data-element_type=\"widget\" data-widget_type=\"text-editor.default\">\n\t\t\t\t<div class=\"elementor-widget-container\">\n\t\t\t\t\t\t\t<p>Kontakt:<br \/>SILMARK SK s.r.o.<br \/>Po\u013en\u00e1 850\/4<br \/>Ve\u013ek\u00fd Krt\u00ed\u0161 99001<\/p>\t\t\t\t\t\t<\/div>\n\t\t\t\t<\/div>\n\t\t\t\t\t<\/div>\n\t\t<\/div>\n\t\t\t\t<div class=\"elementor-column elementor-col-25 elementor-top-column elementor-element elementor-element-366a1d0\" data-id=\"366a1d0\" data-element_type=\"column\">\n\t\t\t<div class=\"elementor-widget-wrap elementor-element-populated\">\n\t\t\t\t\t\t\t\t<div class=\"elementor-element elementor-element-e1fc39a elementor-widget elementor-widget-wp-widget-zoom-social-icons-widget\" data-id=\"e1fc39a\" data-element_type=\"widget\" data-widget_type=\"wp-widget-zoom-social-icons-widget.default\">\n\t\t\t\t<div class=\"elementor-widget-container\">\n\t\t\t<h5>Sleduj n\u00e1s<\/h5>\n\t\t\n<ul class=\"zoom-social-icons-list zoom-social-icons-list--with-canvas zoom-social-icons-list--round zoom-social-icons-list--no-labels\">\n\n\t\t\n\t\t\t\t<li class=\"zoom-social_icons-list__item\">\n\t\t<a class=\"zoom-social_icons-list__link\" href=\"https:\/\/www.facebook.com\/bibifood.sk\/\" target=\"_blank\" title=\"Facebook\" >\n\t\t\t\t\t\t\t\t\t\n\t\t\t\t\t\t<span class=\"screen-reader-text\">facebook<\/span>\n\t\t\t\n\t\t\t\t\t\t<span class=\"zoom-social_icons-list-span social-icon socicon socicon-facebook\" data-hover-rule=\"background-color\" data-hover-color=\"#1877F2\" style=\"background-color : #1877F2; font-size: 18px; padding:8px\" ><\/span>\n\t\t\t\n\t\t\t\t\t<\/a>\n\t<\/li>\n\n\t\n\t\t\t\t<li class=\"zoom-social_icons-list__item\">\n\t\t<a class=\"zoom-social_icons-list__link\" href=\"https:\/\/www.youtube.com\/channel\/UCTQJpfVjcCYNvA5DkWhTRPA\" target=\"_blank\" title=\"Twitter\" >\n\t\t\t\t\t\t\t\t\t\n\t\t\t\t\t\t<span class=\"screen-reader-text\">youtube<\/span>\n\t\t\t\n\t\t\t\t\t\t<span class=\"zoom-social_icons-list-span social-icon socicon socicon-youtube\" data-hover-rule=\"background-color\" data-hover-color=\"#e02a20\" style=\"background-color : #e02a20; font-size: 18px; padding:8px\" ><\/span>\n\t\t\t\n\t\t\t\t\t<\/a>\n\t<\/li>\n\n\t\n\t\t\t\t<li class=\"zoom-social_icons-list__item\">\n\t\t<a class=\"zoom-social_icons-list__link\" href=\"https:\/\/www.instagram.com\/invites\/contact\/?i=161p9q7kd3cgy&#038;utm_content=lg2elnn\" target=\"_blank\" title=\"Instagram\" >\n\t\t\t\t\t\t\t\t\t\n\t\t\t\t\t\t<span class=\"screen-reader-text\">instagram<\/span>\n\t\t\t\n\t\t\t\t\t\t<span class=\"zoom-social_icons-list-span social-icon socicon socicon-instagram\" data-hover-rule=\"background-color\" data-hover-color=\"#e4405f\" style=\"background-color : #e4405f; font-size: 18px; padding:8px\" ><\/span>\n\t\t\t\n\t\t\t\t\t<\/a>\n\t<\/li>\n\n\t\n\t\t\t\t<li class=\"zoom-social_icons-list__item\">\n\t\t<a class=\"zoom-social_icons-list__link\" href=\"https:\/\/g.page\/r\/CR_4e9kw-7k8EA0\" target=\"_blank\" title=\"Default Label\" >\n\t\t\t\t\t\t\t\t\t\n\t\t\t\t\t\t<span class=\"screen-reader-text\">angieslist<\/span>\n\t\t\t\n\t\t\t\t\t\t<span class=\"zoom-social_icons-list-span social-icon socicon socicon-angieslist\" data-hover-rule=\"background-color\" data-hover-color=\"#299F37\" style=\"background-color : #299F37; font-size: 18px; padding:8px\" ><\/span>\n\t\t\t\n\t\t\t\t\t<\/a>\n\t<\/li>\n\n\t\n\t\t\t\t<li class=\"zoom-social_icons-list__item\">\n\t\t<a class=\"zoom-social_icons-list__link\" href=\"https:\/\/g.page\/r\/CZDT_sKOKcdYEA0\" target=\"_blank\" title=\"Default Label\" >\n\t\t\t\t\t\t\t\t\t\n\t\t\t\t\t\t<span class=\"screen-reader-text\">angieslist<\/span>\n\t\t\t\n\t\t\t\t\t\t<span class=\"zoom-social_icons-list-span social-icon socicon socicon-angieslist\" data-hover-rule=\"background-color\" data-hover-color=\"#299F37\" style=\"background-color : #299F37; font-size: 18px; padding:8px\" ><\/span>\n\t\t\t\n\t\t\t\t\t<\/a>\n\t<\/li>\n\n\t\n<\/ul>\n\n\t\t\t\t<\/div>\n\t\t\t\t<\/div>\n\t\t\t\t\t<\/div>\n\t\t<\/div>\n\t\t\t\t<div class=\"elementor-column elementor-col-25 elementor-top-column elementor-element elementor-element-2d7ae8f\" data-id=\"2d7ae8f\" data-element_type=\"column\">\n\t\t\t<div class=\"elementor-widget-wrap elementor-element-populated\">\n\t\t\t\t\t\t\t\t<div class=\"elementor-element elementor-element-1d6829c elementor-widget elementor-widget-image\" data-id=\"1d6829c\" data-element_type=\"widget\" data-widget_type=\"image.default\">\n\t\t\t\t<div class=\"elementor-widget-container\">\n\t\t\t\t\t\t\t\t\t\t\t\t\t\t\t<img width=\"696\" height=\"1024\" src=\"https:\/\/www.bibifood.sk\/wp-content\/uploads\/2021\/06\/Macko-zeleny-696x1024.jpg\" class=\"attachment-large size-large wp-image-443\" alt=\"\" loading=\"lazy\" srcset=\"https:\/\/www.bibifood.sk\/wp-content\/uploads\/2021\/06\/Macko-zeleny-696x1024.jpg 696w, https:\/\/www.bibifood.sk\/wp-content\/uploads\/2021\/06\/Macko-zeleny-204x300.jpg 204w, https:\/\/www.bibifood.sk\/wp-content\/uploads\/2021\/06\/Macko-zeleny-768x1130.jpg 768w, https:\/\/www.bibifood.sk\/wp-content\/uploads\/2021\/06\/Macko-zeleny.jpg 922w\" sizes=\"(max-width: 696px) 100vw, 696px\" \/>\t\t\t\t\t\t\t\t\t\t\t\t\t\t\t<\/div>\n\t\t\t\t<\/div>\n\t\t\t\t\t<\/div>\n\t\t<\/div>\n\t\t\t\t<div class=\"elementor-column elementor-col-25 elementor-top-column elementor-element elementor-element-6735398\" data-id=\"6735398\" data-element_type=\"column\">\n\t\t\t<div class=\"elementor-widget-wrap elementor-element-populated\">\n\t\t\t\t\t\t\t\t<div class=\"elementor-element elementor-element-379112a elementor-view-default elementor-mobile-position-top elementor-vertical-align-top elementor-widget elementor-widget-icon-box\" data-id=\"379112a\" data-element_type=\"widget\" data-widget_type=\"icon-box.default\">\n\t\t\t\t<div class=\"elementor-widget-container\">\n\t\t\t\t\t<div class=\"elementor-icon-box-wrapper\">\n\t\t\t\t\t\t<div class=\"elementor-icon-box-icon\">\n\t\t\t\t<span class=\"elementor-icon elementor-animation-\" >\n\t\t\t\t<i aria-hidden=\"true\" class=\"fas fa-phone\"><\/i>\t\t\t\t<\/span>\n\t\t\t<\/div>\n\t\t\t\t\t\t<div class=\"elementor-icon-box-content\">\n\t\t\t\t<h3 class=\"elementor-icon-box-title\">\n\t\t\t\t\t<span  >\n\t\t\t\t\t\t\t\t\t\t\t<\/span>\n\t\t\t\t<\/h3>\n\t\t\t\t\t\t\t\t\t<p class=\"elementor-icon-box-description\">\n\t\t\t\t\t\t<a href=\"tel:+421474882222\">+421 47 4882222<\/a>\t\t\t\t\t<\/p>\n\t\t\t\t\t\t\t<\/div>\n\t\t<\/div>\n\t\t\t\t<\/div>\n\t\t\t\t<\/div>\n\t\t\t\t<div class=\"elementor-element elementor-element-fc4a431 elementor-view-default elementor-vertical-align-top elementor-widget elementor-widget-icon-box\" data-id=\"fc4a431\" data-element_type=\"widget\" data-widget_type=\"icon-box.default\">\n\t\t\t\t<div class=\"elementor-widget-container\">\n\t\t\t\t\t<div class=\"elementor-icon-box-wrapper\">\n\t\t\t\t\t\t<div class=\"elementor-icon-box-content\">\n\t\t\t\t<h3 class=\"elementor-icon-box-title\">\n\t\t\t\t\t<span  >\n\t\t\t\t\t\t\t\t\t\t\t<\/span>\n\t\t\t\t<\/h3>\n\t\t\t\t\t\t\t\t\t<p class=\"elementor-icon-box-description\">\n\t\t\t\t\t\t<a href=\"tel:+421917717727\">+421 47 4882222<\/a>\t\t\t\t\t<\/p>\n\t\t\t\t\t\t\t<\/div>\n\t\t<\/div>\n\t\t\t\t<\/div>\n\t\t\t\t<\/div>\n\t\t\t\t<div class=\"elementor-element elementor-element-5b3b4c2 elementor-view-default elementor-mobile-position-top elementor-vertical-align-top elementor-widget elementor-widget-icon-box\" data-id=\"5b3b4c2\" data-element_type=\"widget\" data-widget_type=\"icon-box.default\">\n\t\t\t\t<div class=\"elementor-widget-container\">\n\t\t\t\t\t<div class=\"elementor-icon-box-wrapper\">\n\t\t\t\t\t\t<div class=\"elementor-icon-box-icon\">\n\t\t\t\t<span class=\"elementor-icon elementor-animation-\" >\n\t\t\t\t<i aria-hidden=\"true\" class=\"far fa-envelope\"><\/i>\t\t\t\t<\/span>\n\t\t\t<\/div>\n\t\t\t\t\t\t<div class=\"elementor-icon-box-content\">\n\t\t\t\t<h3 class=\"elementor-icon-box-title\">\n\t\t\t\t\t<span  >\n\t\t\t\t\t\t\t\t\t\t\t<\/span>\n\t\t\t\t<\/h3>\n\t\t\t\t\t\t\t\t\t<p class=\"elementor-icon-box-description\">\n\t\t\t\t\t\t<a href=\"mailto:bibi@bibifood.sk\">bibi@bibifood.sk<a\/>\t\t\t\t\t<\/p>\n\t\t\t\t\t\t\t<\/div>\n\t\t<\/div>\n\t\t\t\t<\/div>\n\t\t\t\t<\/div>\n\t\t\t\t\t<\/div>\n\t\t<\/div>\n\t\t\t\t\t\t\t<\/div>\n\t\t<\/section>\n\t\t\t\t\t\t\t<\/div>\n\t\t","protected":false},"excerpt":{"rendered":"<p>SILMARK Vitam\u00edn D3 4000 + K2 100 tabliet Vitam\u00edn D, tie\u017e zn\u00e1my ako \u201eslne\u010dn\u00fd vitam\u00edn\u201c, je nevyhnutn\u00fd pre spr\u00e1vne fungovanie nervov\u00e9ho, cievneho a imunitn\u00e9ho syst\u00e9mu.\u00a0Na\u0161e telo si ho dok\u00e1\u017ee vyrobi\u0165 pod vplyvom slnka, ale je to ve\u013emi komplikovan\u00fd proces a aj v lete m\u00f4\u017eeme trpie\u0165 jeho nedostatkom.\u00a0Pravideln\u00e9 dop\u013a\u0148anie vitam\u00ednu D reguluje rovnov\u00e1hu v\u00e1pniku a fosf\u00e1tov v tele, to znamen\u00e1 k\u013e\u00fa\u010dov\u00e9 prvky pre stav zubov, kost\u00ed a k\u013abov. Je tie\u017e nevyhnutn\u00fd pri prevencii osteopor\u00f3zy.\u00a0Pom\u00e1ha vstreb\u00e1va\u0165 v\u00e1pnik a transportova\u0165 ho do kost\u00ed.\u00a0To je ve\u013emi d\u00f4le\u017eit\u00e9, preto\u017ee to pom\u00e1ha udr\u017eiava\u0165 kosti v hmote.\u00a0\u010eal\u0161ou d\u00f4le\u017eitou vlastnos\u0165ou vitam\u00ednu D je jeho vplyv na hladinu gluk\u00f3zy.\u00a0Jeho nedostatok m\u00f4\u017ee sp\u00f4sobi\u0165 poruchy hladiny cukru v krvi, \u010do v\u00e1s vystavuje riziku diabetick\u00fdch komplik\u00e1ci\u00ed.\u00a0Okrem toho m\u00e1 efekt podporuj\u00faci budovanie svalovej hmoty.\u00a0Je to preto, lebo sa okrem in\u00e9ho z\u00fa\u010dast\u0148uje\u00a0pri synt\u00e9ze testoster\u00f3nu, \u010do je anabolick\u00fd horm\u00f3n.\u00a0Je d\u00f4le\u017eit\u00e9 poskytn\u00fa\u0165 telu spr\u00e1vnu d\u00e1vku, ktor\u00e1 m\u00e1 vplyv na pevnos\u0165 a odolnos\u0165.\u00a0Podmienky v Po\u013esku bohu\u017eia\u013e uprednost\u0148uj\u00fa&hellip;<\/p>\n<p> <a class=\"more-link\" href=\"https:\/\/www.bibifood.sk\/index.php\/silmark-vitamin-d3-4000-k2-100-tabliet\/\">Read more<\/a><\/p>\n","protected":false},"author":1,"featured_media":0,"parent":0,"menu_order":0,"comment_status":"closed","ping_status":"closed","template":"elementor_header_footer","meta":[],"_links":{"self":[{"href":"https:\/\/www.bibifood.sk\/index.php\/wp-json\/wp\/v2\/pages\/307"}],"collection":[{"href":"https:\/\/www.bibifood.sk\/index.php\/wp-json\/wp\/v2\/pages"}],"about":[{"href":"https:\/\/www.bibifood.sk\/index.php\/wp-json\/wp\/v2\/types\/page"}],"author":[{"embeddable":true,"href":"https:\/\/www.bibifood.sk\/index.php\/wp-json\/wp\/v2\/users\/1"}],"replies":[{"embeddable":true,"href":"https:\/\/www.bibifood.sk\/index.php\/wp-json\/wp\/v2\/comments?post=307"}],"version-history":[{"count":7,"href":"https:\/\/www.bibifood.sk\/index.php\/wp-json\/wp\/v2\/pages\/307\/revisions"}],"predecessor-version":[{"id":555,"href":"https:\/\/www.bibifood.sk\/index.php\/wp-json\/wp\/v2\/pages\/307\/revisions\/555"}],"wp:attachment":[{"href":"https:\/\/www.bibifood.sk\/index.php\/wp-json\/wp\/v2\/media?parent=307"}],"curies":[{"name":"wp","href":"https:\/\/api.w.org\/{rel}","templated":true}]}}