{"id":313,"date":"2021-06-13T09:57:16","date_gmt":"2021-06-13T07:57:16","guid":{"rendered":"https:\/\/www.bibifood.sk\/?page_id=313"},"modified":"2021-06-16T18:43:36","modified_gmt":"2021-06-16T16:43:36","slug":"silmark-vitamin-d3-2-000-iu-60-kapsul","status":"publish","type":"page","link":"https:\/\/www.bibifood.sk\/index.php\/silmark-vitamin-d3-2-000-iu-60-kapsul\/","title":{"rendered":"SILMARK Vitam\u00edn D3 2 000 IU 60 kaps\u00fal"},"content":{"rendered":"\t\t<div data-elementor-type=\"wp-page\" data-elementor-id=\"313\" class=\"elementor elementor-313\">\n\t\t\t\t\t\t\t\t\t<section class=\"elementor-section elementor-top-section elementor-element elementor-element-5c5452c elementor-section-height-min-height elementor-section-content-middle elementor-section-boxed elementor-section-height-default elementor-section-items-middle\" data-id=\"5c5452c\" data-element_type=\"section\" data-settings=\"{&quot;background_background&quot;:&quot;classic&quot;,&quot;shape_divider_bottom&quot;:&quot;waves&quot;,&quot;shape_divider_bottom_negative&quot;:&quot;yes&quot;}\">\n\t\t\t\t\t\t\t<div class=\"elementor-background-overlay\"><\/div>\n\t\t\t\t\t\t<div class=\"elementor-shape elementor-shape-bottom\" data-negative=\"true\">\n\t\t\t<svg xmlns=\"http:\/\/www.w3.org\/2000\/svg\" viewBox=\"0 0 1000 100\" preserveAspectRatio=\"none\">\n\t<path class=\"elementor-shape-fill\" d=\"M790.5,93.1c-59.3-5.3-116.8-18-192.6-50c-29.6-12.7-76.9-31-100.5-35.9c-23.6-4.9-52.6-7.8-75.5-5.3\n\tc-10.2,1.1-22.6,1.4-50.1,7.4c-27.2,6.3-58.2,16.6-79.4,24.7c-41.3,15.9-94.9,21.9-134,22.6C72,58.2,0,25.8,0,25.8V100h1000V65.3\n\tc0,0-51.5,19.4-106.2,25.7C839.5,97,814.1,95.2,790.5,93.1z\"\/>\n<\/svg>\t\t<\/div>\n\t\t\t\t\t<div class=\"elementor-container elementor-column-gap-default\">\n\t\t\t\t\t<div class=\"elementor-column elementor-col-100 elementor-top-column elementor-element elementor-element-20e5555\" data-id=\"20e5555\" data-element_type=\"column\">\n\t\t\t<div class=\"elementor-widget-wrap elementor-element-populated\">\n\t\t\t\t\t\t\t\t<div class=\"elementor-element elementor-element-a0eb223 elementor-invisible elementor-widget elementor-widget-text-editor\" data-id=\"a0eb223\" data-element_type=\"widget\" data-settings=\"{&quot;_animation&quot;:&quot;fadeIn&quot;}\" data-widget_type=\"text-editor.default\">\n\t\t\t\t<div class=\"elementor-widget-container\">\n\t\t\t\t\t\t\t<p>SILMARK Vitam\u00edn D3 2 000 IU 60 kaps\u00fal<\/p>\t\t\t\t\t\t<\/div>\n\t\t\t\t<\/div>\n\t\t\t\t\t<\/div>\n\t\t<\/div>\n\t\t\t\t\t\t\t<\/div>\n\t\t<\/section>\n\t\t\t\t<section class=\"elementor-section elementor-top-section elementor-element elementor-element-d14e4ea elementor-section-boxed elementor-section-height-default elementor-section-height-default\" data-id=\"d14e4ea\" data-element_type=\"section\">\n\t\t\t\t\t\t<div class=\"elementor-container elementor-column-gap-default\">\n\t\t\t\t\t<div class=\"elementor-column elementor-col-100 elementor-top-column elementor-element elementor-element-8f8843e\" data-id=\"8f8843e\" data-element_type=\"column\">\n\t\t\t<div class=\"elementor-widget-wrap elementor-element-populated\">\n\t\t\t\t\t\t\t\t<div class=\"elementor-element elementor-element-8dca202 elementor-widget elementor-widget-image\" data-id=\"8dca202\" data-element_type=\"widget\" data-widget_type=\"image.default\">\n\t\t\t\t<div class=\"elementor-widget-container\">\n\t\t\t\t\t\t\t\t\t\t\t\t\t\t\t<img width=\"300\" height=\"300\" src=\"https:\/\/www.bibifood.sk\/wp-content\/uploads\/2021\/06\/SILMARK-Vitamin-D3-300x300.jpg\" class=\"attachment-medium size-medium wp-image-195\" alt=\"\" loading=\"lazy\" srcset=\"https:\/\/www.bibifood.sk\/wp-content\/uploads\/2021\/06\/SILMARK-Vitamin-D3-300x300.jpg 300w, https:\/\/www.bibifood.sk\/wp-content\/uploads\/2021\/06\/SILMARK-Vitamin-D3-150x150.jpg 150w, https:\/\/www.bibifood.sk\/wp-content\/uploads\/2021\/06\/SILMARK-Vitamin-D3-768x768.jpg 768w, https:\/\/www.bibifood.sk\/wp-content\/uploads\/2021\/06\/SILMARK-Vitamin-D3.jpg 800w\" sizes=\"(max-width: 300px) 100vw, 300px\" \/>\t\t\t\t\t\t\t\t\t\t\t\t\t\t\t<\/div>\n\t\t\t\t<\/div>\n\t\t\t\t\t<\/div>\n\t\t<\/div>\n\t\t\t\t\t\t\t<\/div>\n\t\t<\/section>\n\t\t\t\t<section class=\"elementor-section elementor-top-section elementor-element elementor-element-48c2074 elementor-section-boxed elementor-section-height-default elementor-section-height-default\" data-id=\"48c2074\" data-element_type=\"section\">\n\t\t\t\t\t\t<div class=\"elementor-container elementor-column-gap-default\">\n\t\t\t\t\t<div class=\"elementor-column elementor-col-100 elementor-top-column elementor-element elementor-element-ceaaace\" data-id=\"ceaaace\" data-element_type=\"column\">\n\t\t\t<div class=\"elementor-widget-wrap elementor-element-populated\">\n\t\t\t\t\t\t\t\t<div class=\"elementor-element elementor-element-40b7f2a elementor-widget elementor-widget-text-editor\" data-id=\"40b7f2a\" data-element_type=\"widget\" data-widget_type=\"text-editor.default\">\n\t\t\t\t<div class=\"elementor-widget-container\">\n\t\t\t\t\t\t\t<div class=\"woocommerce-product-details__short-description\"><p>Vitam\u00edn D, tie\u017e zn\u00e1my ako \u201eslne\u010dn\u00fd vitam\u00edn\u201c, je nevyhnutn\u00fd pre spr\u00e1vne fungovanie nervov\u00e9ho, cievneho a imunitn\u00e9ho syst\u00e9mu.\u00a0Na\u0161e telo si ho dok\u00e1\u017ee vyrobi\u0165 pod vplyvom slnka, ale je to ve\u013emi komplikovan\u00fd proces a aj v lete m\u00f4\u017eeme trpie\u0165 jeho nedostatkom.\u00a0Pravideln\u00e9 dop\u013a\u0148anie vitam\u00ednu D reguluje rovnov\u00e1hu v\u00e1pniku a fosf\u00e1tov v tele, to znamen\u00e1 k\u013e\u00fa\u010dov\u00e9 prvky pre stav zubov, kost\u00ed a k\u013abov.<\/p><p>Je tie\u017e nevyhnutn\u00fd pri prevencii osteopor\u00f3zy.\u00a0Pom\u00e1ha vstreb\u00e1va\u0165 v\u00e1pnik a transportova\u0165 ho do kost\u00ed.\u00a0To je ve\u013emi d\u00f4le\u017eit\u00e9, preto\u017ee to pom\u00e1ha udr\u017eiava\u0165 kosti v hmote.\u00a0\u010eal\u0161ou d\u00f4le\u017eitou vlastnos\u0165ou vitam\u00ednu D je jeho vplyv na hladinu gluk\u00f3zy.\u00a0Jeho nedostatok m\u00f4\u017ee sp\u00f4sobi\u0165 poruchy hladiny cukru v krvi, \u010do v\u00e1s vystavuje riziku diabetick\u00fdch komplik\u00e1ci\u00ed.\u00a0Okrem toho m\u00e1 efekt podporuj\u00faci budovanie svalovej hmoty.\u00a0Je to preto, lebo sa okrem in\u00e9ho z\u00fa\u010dast\u0148uje\u00a0pri synt\u00e9ze testoster\u00f3nu, \u010do je anabolick\u00fd horm\u00f3n.\u00a0Je d\u00f4le\u017eit\u00e9 poskytn\u00fa\u0165 telu spr\u00e1vnu d\u00e1vku, ktor\u00e1 m\u00e1 vplyv na pevnos\u0165 a odolnos\u0165.\u00a0Podmienky v Po\u013esku bohu\u017eia\u013e uprednost\u0148uj\u00fa nedostatky tohto vitam\u00ednu.<\/p><p>Na\u0161a strava tie\u017e neposkytuje vitam\u00edn D, ktor\u00fd potrebujeme, preto\u017ee jeme pr\u00edli\u0161 m\u00e1lo morsk\u00fdch r\u00fdb, ktor\u00e9 nemo\u017eno nahradi\u0165 in\u00fdmi potravinami.\u00a0Okrem toho tr\u00e1vime \u010doraz viac \u010dasu v interi\u00e9roch ako vonku a to sp\u00f4sobuje obmedzen\u00fa synt\u00e9zu vitam\u00ednu D v poko\u017eke.\u00a0Preto je pre na\u0161e telo tak\u00e9 d\u00f4le\u017eit\u00e9 dod\u00e1va\u0165 vitam\u00edny pou\u017e\u00edvan\u00edm kvalitn\u00fdch doplnkov v\u00fd\u017eivy.<\/p><p><strong>Forma produktu:<\/strong><\/p><p>softgel<\/p><p><strong>Po\u010det porci\u00ed:<\/strong><\/p><p>60<\/p><p><strong>Po\u010det polo\u017eiek:<\/strong><\/p><p>60<\/p><p><strong>Cista hmotnost:<\/strong><\/p><p>15 g<\/p><p><strong>Dominantn\u00e1 zlo\u017eka:<\/strong><\/p><p>vitam\u00edn D<\/p><p><strong>EAN k\u00f3d:<\/strong><\/p><p><strong>\u00a0<\/strong><\/p><p><strong>\u00a0<\/strong><\/p><p><strong>\u00a0<\/strong><\/p><h3>SILMARK Vitam\u00edn D3 2 000 IU 60 kaps\u00fal<\/h3><p><strong>SILMARK Vitamin D3 2000 je najkvalitnej\u0161\u00ed zapuzdren\u00fd pr\u00edpravok vo vysoko vstrebate\u013enej m\u00e4kkej g\u00e9lovej forme. Produkt sa odpor\u00fa\u010da ako denn\u00fd doplnok v\u00fd\u017eivy, najm\u00e4 ako d\u00f4le\u017eit\u00fd prvok hlavn\u00e9ho nedostatku vitam\u00ednu D3, biologicky nevyhnutn\u00e9ho pre n\u00e1\u0161 organizmus, vo forme cholekalciferolu.<\/strong><\/p><ul><li>Obsahuje 60 porci\u00ed v balen\u00ed<\/li><li>1 porcia = 1 kapsula<\/li><li>Vysoko biologicky dostupn\u00e1 forma kaps\u00fal vo forme m\u00e4kk\u00e9ho g\u00e9lu<\/li><\/ul><h3>Vitam\u00edn D3 SILMARK<\/h3><p>Vitam\u00edn D, tie\u017e zn\u00e1my ako \u201eslne\u010dn\u00fd vitam\u00edn\u201c, pom\u00e1ha pri spr\u00e1vnom vstreb\u00e1van\u00ed \/ pou\u017e\u00edvan\u00ed<\/p><p>v\u00e1pniku a fosforu a pom\u00e1ha udr\u017eiava\u0165 spr\u00e1vnu hladinu v\u00e1pnika v krvi.\u00a0Okrem toho tento vitam\u00edn pom\u00e1ha udr\u017eiava\u0165 zdrav\u00e9 kosti a zuby, rovnako ako pom\u00e1ha pri spr\u00e1vnom fungovan\u00ed svalov a imunitn\u00e9ho syst\u00e9mu.\u00a0Vitam\u00edn D sa podie\u013ea na procese delenia buniek.\u00a0Nedostatok vitam\u00ednu D je ve\u013emi nebezpe\u010dn\u00fd.\u00a0U det\u00ed a kojencov sp\u00f4sobuj\u00fa zmeny krivky.\u00a0U tehotn\u00fdch a doj\u010diacich \u017eien m\u00f4\u017eu sp\u00f4sobi\u0165 odv\u00e1pnenie a m\u00e4knutie kost\u00ed, zatia\u013e \u010do u star\u0161\u00edch \u013eud\u00ed to m\u00f4\u017ee sp\u00f4sobi\u0165 zv\u00fd\u0161en\u00fa demineraliz\u00e1ciu, deform\u00e1ciu a nadmern\u00fa p\u00f3rovitos\u0165 a krehkos\u0165 kostry.<\/p><p>\u00a0<\/p><p>Vitam\u00edn D3 nie je len zdravie, ale aj sila a vitalita.\u00a0Existuj\u00fa \u0161t\u00fadie o mu\u017eoch, ktor\u00e9 potvrdzuj\u00fa v\u00fdznamn\u00e9 zv\u00fd\u0161enie fyziologick\u00e9ho mu\u017esk\u00e9ho horm\u00f3nu \u2013 testoster\u00f3nu po\u010das suplement\u00e1cie vhodnou d\u00e1vkou vitam\u00ednu D3.\u00a0V skupine mu\u017eov, ktor\u00ed u\u017e\u00edvali placebo, nebola tak\u00e1to reakcia zaznamenan\u00e1.<\/p><h3>Vlastnosti doplnku SILMARK \u00a0Vitamin \u00a0D3 2 000 IU<\/h3><ul><li>Zvy\u0161uje mineraliz\u00e1ciu kost\u00ed a zubov<\/li><li>Vitam\u00edn D pom\u00e1ha pri spr\u00e1vnom vstreb\u00e1van\u00ed \/ pou\u017eit\u00ed v\u00e1pniku a fosforu<\/li><li>Vitam\u00edn D pom\u00e1ha pri spr\u00e1vnom fungovan\u00ed svalov<\/li><li>Vitam\u00edn D pom\u00e1ha pri spr\u00e1vnom fungovan\u00ed imunitn\u00e9ho syst\u00e9mu<\/li><li>Podie\u013ea sa na procese bunkov\u00e9ho delenia<\/li><li>Je ide\u00e1lny na zv\u00fd\u0161enie va\u0161ej fyziologickej hladiny testoster\u00f3nu<\/li><\/ul><h3>Laborat\u00f3rne potvrden\u00e1 kvalita<\/h3><p><strong>Z d\u00f4vodu ochrany zdravia na\u0161ich z\u00e1kazn\u00edkov s\u00fa na\u0161e v\u00fdrobky pravidelne testovan\u00e9 v nez\u00e1vislom akreditovanom laborat\u00f3riu s cie\u013eom zabezpe\u010di\u0165 a udr\u017ea\u0165 najvy\u0161\u0161iu kvalitu.<\/strong><\/p><p><strong>\u00a0<\/strong><\/p><p><strong>Met\u00f3da pou\u017eitia<\/strong><\/p><p>Konzumujte 1 d\u00e1vku (1 kapsulu) denne 30 min\u00fat pred jedlom.<\/p><p><strong>Pred pou\u017eit\u00edm sa odpor\u00fa\u010da vykona\u0165 krvn\u00fd test 25- (OH) D a v\u00fdsledok testu konzultova\u0165 s lek\u00e1rom alebo lek\u00e1rnikom.<\/strong><\/p><p>Neprekra\u010dujte odpor\u00fa\u010dan\u00fa denn\u00fa d\u00e1vku.\u00a0Doplnok v\u00fd\u017eivy nemo\u017eno pou\u017ei\u0165 ako n\u00e1hradu (n\u00e1hradu) pestrej stravy.\u00a0Odpor\u00fa\u010da sa vyv\u00e1\u017een\u00e1 strava a zdrav\u00fd \u017eivotn\u00fd \u0161t\u00fdl.\u00a0Nejedzte, ak ste alergick\u00fd na niektor\u00fa zo zlo\u017eiek lieku.\u00a0V\u00fdrobok by nemali pou\u017e\u00edva\u0165 deti, tehotn\u00e9 \u017eeny a doj\u010diace matky.\u00a0Skladujte mimo dosahu mal\u00fdch det\u00ed.<\/p><p><strong>Inform\u00e1cie o v\u00fd\u017eivovej hodnote<\/strong><\/p><h3><strong>Zlo\u017eenie<\/strong><\/h3><p>Svetlicov\u00fd olej (Carthamus tinctorius L), \u017eelat\u00edna, zvlh\u010dovadlo \u2013 glycerol;\u00a0Vy\u010disten\u00e1 voda;\u00a0cholekalciferol (vitam\u00edn D).<\/p><p>V\u00fdrobok m\u00f4\u017ee obsahova\u0165 mlieko (vr\u00e1tane lakt\u00f3zy), s\u00f3jov\u00e9 b\u00f4by, ara\u0161idy, in\u00e9 orechy, sezamov\u00e9 semia\u010dko, ovos, vajcia, k\u00f4rovce, ryby.<\/p><h3><strong>Nutri\u010dn\u00e1 hodnota<\/strong><\/h3><p>\u010cist\u00e1 hmotnos\u0165 produktu: 15 g<\/p><p>Po\u010det porci\u00ed v balen\u00ed: 60<\/p><p>Ve\u013ekos\u0165 d\u00e1vky: 1 kapsula<\/p><\/div>\t\t\t\t\t\t<\/div>\n\t\t\t\t<\/div>\n\t\t\t\t\t<\/div>\n\t\t<\/div>\n\t\t\t\t\t\t\t<\/div>\n\t\t<\/section>\n\t\t\t\t<section class=\"elementor-section elementor-top-section elementor-element elementor-element-fc1a53a elementor-section-boxed elementor-section-height-default elementor-section-height-default\" data-id=\"fc1a53a\" data-element_type=\"section\">\n\t\t\t\t\t\t<div class=\"elementor-container elementor-column-gap-default\">\n\t\t\t\t\t<div class=\"elementor-column elementor-col-100 elementor-top-column elementor-element elementor-element-6ecd992\" data-id=\"6ecd992\" data-element_type=\"column\">\n\t\t\t<div class=\"elementor-widget-wrap elementor-element-populated\">\n\t\t\t\t\t\t\t\t<div class=\"elementor-element elementor-element-c548630 elementor-widget elementor-widget-image\" data-id=\"c548630\" data-element_type=\"widget\" data-widget_type=\"image.default\">\n\t\t\t\t<div class=\"elementor-widget-container\">\n\t\t\t\t\t\t\t\t\t\t\t\t\t\t\t<img width=\"800\" height=\"72\" src=\"https:\/\/www.bibifood.sk\/wp-content\/uploads\/2021\/06\/Screenshot-2021-06-13-at-09-59-04-SILMARK-Vitamin-D3-2-000-IU-60-kapsul-\u2013-SILMARK-s-r-o-.png\" class=\"attachment-large size-large wp-image-315\" alt=\"\" loading=\"lazy\" srcset=\"https:\/\/www.bibifood.sk\/wp-content\/uploads\/2021\/06\/Screenshot-2021-06-13-at-09-59-04-SILMARK-Vitamin-D3-2-000-IU-60-kapsul-\u2013-SILMARK-s-r-o-.png 999w, https:\/\/www.bibifood.sk\/wp-content\/uploads\/2021\/06\/Screenshot-2021-06-13-at-09-59-04-SILMARK-Vitamin-D3-2-000-IU-60-kapsul-\u2013-SILMARK-s-r-o--300x27.png 300w, https:\/\/www.bibifood.sk\/wp-content\/uploads\/2021\/06\/Screenshot-2021-06-13-at-09-59-04-SILMARK-Vitamin-D3-2-000-IU-60-kapsul-\u2013-SILMARK-s-r-o--768x69.png 768w\" sizes=\"(max-width: 800px) 100vw, 800px\" \/>\t\t\t\t\t\t\t\t\t\t\t\t\t\t\t<\/div>\n\t\t\t\t<\/div>\n\t\t\t\t\t<\/div>\n\t\t<\/div>\n\t\t\t\t\t\t\t<\/div>\n\t\t<\/section>\n\t\t\t\t<section class=\"elementor-section elementor-top-section elementor-element elementor-element-806cae9 elementor-section-content-middle elementor-section-boxed elementor-section-height-default elementor-section-height-default\" data-id=\"806cae9\" data-element_type=\"section\">\n\t\t\t\t\t\t<div class=\"elementor-container elementor-column-gap-default\">\n\t\t\t\t\t<div class=\"elementor-column elementor-col-25 elementor-top-column elementor-element elementor-element-0617f5e\" data-id=\"0617f5e\" data-element_type=\"column\">\n\t\t\t<div class=\"elementor-widget-wrap elementor-element-populated\">\n\t\t\t\t\t\t\t\t<div class=\"elementor-element elementor-element-35fc0ce elementor-widget elementor-widget-text-editor\" data-id=\"35fc0ce\" data-element_type=\"widget\" data-widget_type=\"text-editor.default\">\n\t\t\t\t<div class=\"elementor-widget-container\">\n\t\t\t\t\t\t\t<p><a href=\"https:\/\/www.bibifood.sk\/index.php\/vseobecne-obchodne-a-reklamacne-podmienky\/\" target=\"_blank\" rel=\"noopener\">V\u0161eobecn\u00e9 obchodn\u00e9 podmienky<\/a><\/p><p><a href=\"https:\/\/www.bibifood.sk\/index.php\/kontaktujte-nas\/\" target=\"_blank\" rel=\"noopener\">Nap\u00ed\u0161te n\u00e1m<\/a><\/p>\t\t\t\t\t\t<\/div>\n\t\t\t\t<\/div>\n\t\t\t\t<div class=\"elementor-element elementor-element-2475188 elementor-widget elementor-widget-text-editor\" data-id=\"2475188\" data-element_type=\"widget\" data-widget_type=\"text-editor.default\">\n\t\t\t\t<div class=\"elementor-widget-container\">\n\t\t\t\t\t\t\t<p>Kontakt:<br \/>SILMARK SK s.r.o.<br \/>Po\u013en\u00e1 850\/4<br \/>Ve\u013ek\u00fd Krt\u00ed\u0161 99001<\/p>\t\t\t\t\t\t<\/div>\n\t\t\t\t<\/div>\n\t\t\t\t\t<\/div>\n\t\t<\/div>\n\t\t\t\t<div class=\"elementor-column elementor-col-25 elementor-top-column elementor-element elementor-element-77bb8d7\" data-id=\"77bb8d7\" data-element_type=\"column\">\n\t\t\t<div class=\"elementor-widget-wrap elementor-element-populated\">\n\t\t\t\t\t\t\t\t<div class=\"elementor-element elementor-element-1eb6f8b elementor-widget elementor-widget-wp-widget-zoom-social-icons-widget\" data-id=\"1eb6f8b\" data-element_type=\"widget\" data-widget_type=\"wp-widget-zoom-social-icons-widget.default\">\n\t\t\t\t<div class=\"elementor-widget-container\">\n\t\t\t<h5>Sleduj n\u00e1s<\/h5>\n\t\t\n<ul class=\"zoom-social-icons-list zoom-social-icons-list--with-canvas zoom-social-icons-list--round zoom-social-icons-list--no-labels\">\n\n\t\t\n\t\t\t\t<li class=\"zoom-social_icons-list__item\">\n\t\t<a class=\"zoom-social_icons-list__link\" href=\"https:\/\/www.facebook.com\/bibifood.sk\/\" target=\"_blank\" title=\"Facebook\" >\n\t\t\t\t\t\t\t\t\t\n\t\t\t\t\t\t<span class=\"screen-reader-text\">facebook<\/span>\n\t\t\t\n\t\t\t\t\t\t<span class=\"zoom-social_icons-list-span social-icon socicon socicon-facebook\" data-hover-rule=\"background-color\" data-hover-color=\"#1877F2\" style=\"background-color : #1877F2; font-size: 18px; padding:8px\" ><\/span>\n\t\t\t\n\t\t\t\t\t<\/a>\n\t<\/li>\n\n\t\n\t\t\t\t<li class=\"zoom-social_icons-list__item\">\n\t\t<a class=\"zoom-social_icons-list__link\" href=\"https:\/\/www.youtube.com\/channel\/UCTQJpfVjcCYNvA5DkWhTRPA\" target=\"_blank\" title=\"Twitter\" >\n\t\t\t\t\t\t\t\t\t\n\t\t\t\t\t\t<span class=\"screen-reader-text\">youtube<\/span>\n\t\t\t\n\t\t\t\t\t\t<span class=\"zoom-social_icons-list-span social-icon socicon socicon-youtube\" data-hover-rule=\"background-color\" data-hover-color=\"#e02a20\" style=\"background-color : #e02a20; font-size: 18px; padding:8px\" ><\/span>\n\t\t\t\n\t\t\t\t\t<\/a>\n\t<\/li>\n\n\t\n\t\t\t\t<li class=\"zoom-social_icons-list__item\">\n\t\t<a class=\"zoom-social_icons-list__link\" href=\"https:\/\/www.instagram.com\/invites\/contact\/?i=161p9q7kd3cgy&#038;utm_content=lg2elnn\" target=\"_blank\" title=\"Instagram\" >\n\t\t\t\t\t\t\t\t\t\n\t\t\t\t\t\t<span class=\"screen-reader-text\">instagram<\/span>\n\t\t\t\n\t\t\t\t\t\t<span class=\"zoom-social_icons-list-span social-icon socicon socicon-instagram\" data-hover-rule=\"background-color\" data-hover-color=\"#e4405f\" style=\"background-color : #e4405f; font-size: 18px; padding:8px\" ><\/span>\n\t\t\t\n\t\t\t\t\t<\/a>\n\t<\/li>\n\n\t\n\t\t\t\t<li class=\"zoom-social_icons-list__item\">\n\t\t<a class=\"zoom-social_icons-list__link\" href=\"https:\/\/g.page\/r\/CR_4e9kw-7k8EA0\" target=\"_blank\" title=\"Default Label\" >\n\t\t\t\t\t\t\t\t\t\n\t\t\t\t\t\t<span class=\"screen-reader-text\">angieslist<\/span>\n\t\t\t\n\t\t\t\t\t\t<span class=\"zoom-social_icons-list-span social-icon socicon socicon-angieslist\" data-hover-rule=\"background-color\" data-hover-color=\"#299F37\" style=\"background-color : #299F37; font-size: 18px; padding:8px\" ><\/span>\n\t\t\t\n\t\t\t\t\t<\/a>\n\t<\/li>\n\n\t\n\t\t\t\t<li class=\"zoom-social_icons-list__item\">\n\t\t<a class=\"zoom-social_icons-list__link\" href=\"https:\/\/g.page\/r\/CZDT_sKOKcdYEA0\" target=\"_blank\" title=\"Default Label\" >\n\t\t\t\t\t\t\t\t\t\n\t\t\t\t\t\t<span class=\"screen-reader-text\">angieslist<\/span>\n\t\t\t\n\t\t\t\t\t\t<span class=\"zoom-social_icons-list-span social-icon socicon socicon-angieslist\" data-hover-rule=\"background-color\" data-hover-color=\"#299F37\" style=\"background-color : #299F37; font-size: 18px; padding:8px\" ><\/span>\n\t\t\t\n\t\t\t\t\t<\/a>\n\t<\/li>\n\n\t\n<\/ul>\n\n\t\t\t\t<\/div>\n\t\t\t\t<\/div>\n\t\t\t\t\t<\/div>\n\t\t<\/div>\n\t\t\t\t<div class=\"elementor-column elementor-col-25 elementor-top-column elementor-element elementor-element-efb4420\" data-id=\"efb4420\" data-element_type=\"column\">\n\t\t\t<div class=\"elementor-widget-wrap elementor-element-populated\">\n\t\t\t\t\t\t\t\t<div class=\"elementor-element elementor-element-380987a elementor-widget elementor-widget-image\" data-id=\"380987a\" data-element_type=\"widget\" data-widget_type=\"image.default\">\n\t\t\t\t<div class=\"elementor-widget-container\">\n\t\t\t\t\t\t\t\t\t\t\t\t\t\t\t<img width=\"696\" height=\"1024\" src=\"https:\/\/www.bibifood.sk\/wp-content\/uploads\/2021\/06\/Macko-zeleny-696x1024.jpg\" class=\"attachment-large size-large wp-image-443\" alt=\"\" loading=\"lazy\" srcset=\"https:\/\/www.bibifood.sk\/wp-content\/uploads\/2021\/06\/Macko-zeleny-696x1024.jpg 696w, https:\/\/www.bibifood.sk\/wp-content\/uploads\/2021\/06\/Macko-zeleny-204x300.jpg 204w, https:\/\/www.bibifood.sk\/wp-content\/uploads\/2021\/06\/Macko-zeleny-768x1130.jpg 768w, https:\/\/www.bibifood.sk\/wp-content\/uploads\/2021\/06\/Macko-zeleny.jpg 922w\" sizes=\"(max-width: 696px) 100vw, 696px\" \/>\t\t\t\t\t\t\t\t\t\t\t\t\t\t\t<\/div>\n\t\t\t\t<\/div>\n\t\t\t\t\t<\/div>\n\t\t<\/div>\n\t\t\t\t<div class=\"elementor-column elementor-col-25 elementor-top-column elementor-element elementor-element-5298763\" data-id=\"5298763\" data-element_type=\"column\">\n\t\t\t<div class=\"elementor-widget-wrap elementor-element-populated\">\n\t\t\t\t\t\t\t\t<div class=\"elementor-element elementor-element-4080c4a elementor-view-default elementor-mobile-position-top elementor-vertical-align-top elementor-widget elementor-widget-icon-box\" data-id=\"4080c4a\" data-element_type=\"widget\" data-widget_type=\"icon-box.default\">\n\t\t\t\t<div class=\"elementor-widget-container\">\n\t\t\t\t\t<div class=\"elementor-icon-box-wrapper\">\n\t\t\t\t\t\t<div class=\"elementor-icon-box-icon\">\n\t\t\t\t<span class=\"elementor-icon elementor-animation-\" >\n\t\t\t\t<i aria-hidden=\"true\" class=\"fas fa-phone\"><\/i>\t\t\t\t<\/span>\n\t\t\t<\/div>\n\t\t\t\t\t\t<div class=\"elementor-icon-box-content\">\n\t\t\t\t<h3 class=\"elementor-icon-box-title\">\n\t\t\t\t\t<span  >\n\t\t\t\t\t\t\t\t\t\t\t<\/span>\n\t\t\t\t<\/h3>\n\t\t\t\t\t\t\t\t\t<p class=\"elementor-icon-box-description\">\n\t\t\t\t\t\t<a href=\"tel:+421474882222\">+421 47 4882222<\/a>\t\t\t\t\t<\/p>\n\t\t\t\t\t\t\t<\/div>\n\t\t<\/div>\n\t\t\t\t<\/div>\n\t\t\t\t<\/div>\n\t\t\t\t<div class=\"elementor-element elementor-element-4df14ba elementor-view-default elementor-vertical-align-top elementor-widget elementor-widget-icon-box\" data-id=\"4df14ba\" data-element_type=\"widget\" data-widget_type=\"icon-box.default\">\n\t\t\t\t<div class=\"elementor-widget-container\">\n\t\t\t\t\t<div class=\"elementor-icon-box-wrapper\">\n\t\t\t\t\t\t<div class=\"elementor-icon-box-content\">\n\t\t\t\t<h3 class=\"elementor-icon-box-title\">\n\t\t\t\t\t<span  >\n\t\t\t\t\t\t\t\t\t\t\t<\/span>\n\t\t\t\t<\/h3>\n\t\t\t\t\t\t\t\t\t<p class=\"elementor-icon-box-description\">\n\t\t\t\t\t\t<a href=\"tel:+421917717727\">+421 47 4882222<\/a>\t\t\t\t\t<\/p>\n\t\t\t\t\t\t\t<\/div>\n\t\t<\/div>\n\t\t\t\t<\/div>\n\t\t\t\t<\/div>\n\t\t\t\t<div class=\"elementor-element elementor-element-5f32890 elementor-view-default elementor-mobile-position-top elementor-vertical-align-top elementor-widget elementor-widget-icon-box\" data-id=\"5f32890\" data-element_type=\"widget\" data-widget_type=\"icon-box.default\">\n\t\t\t\t<div class=\"elementor-widget-container\">\n\t\t\t\t\t<div class=\"elementor-icon-box-wrapper\">\n\t\t\t\t\t\t<div class=\"elementor-icon-box-icon\">\n\t\t\t\t<span class=\"elementor-icon elementor-animation-\" >\n\t\t\t\t<i aria-hidden=\"true\" class=\"far fa-envelope\"><\/i>\t\t\t\t<\/span>\n\t\t\t<\/div>\n\t\t\t\t\t\t<div class=\"elementor-icon-box-content\">\n\t\t\t\t<h3 class=\"elementor-icon-box-title\">\n\t\t\t\t\t<span  >\n\t\t\t\t\t\t\t\t\t\t\t<\/span>\n\t\t\t\t<\/h3>\n\t\t\t\t\t\t\t\t\t<p class=\"elementor-icon-box-description\">\n\t\t\t\t\t\t<a href=\"mailto:bibi@bibifood.sk\">bibi@bibifood.sk<a\/>\t\t\t\t\t<\/p>\n\t\t\t\t\t\t\t<\/div>\n\t\t<\/div>\n\t\t\t\t<\/div>\n\t\t\t\t<\/div>\n\t\t\t\t\t<\/div>\n\t\t<\/div>\n\t\t\t\t\t\t\t<\/div>\n\t\t<\/section>\n\t\t\t\t\t\t\t<\/div>\n\t\t","protected":false},"excerpt":{"rendered":"<p>SILMARK Vitam\u00edn D3 2 000 IU 60 kaps\u00fal Vitam\u00edn D, tie\u017e zn\u00e1my ako \u201eslne\u010dn\u00fd vitam\u00edn\u201c, je nevyhnutn\u00fd pre spr\u00e1vne fungovanie nervov\u00e9ho, cievneho a imunitn\u00e9ho syst\u00e9mu.\u00a0Na\u0161e telo si ho dok\u00e1\u017ee vyrobi\u0165 pod vplyvom slnka, ale je to ve\u013emi komplikovan\u00fd proces a aj v lete m\u00f4\u017eeme trpie\u0165 jeho nedostatkom.\u00a0Pravideln\u00e9 dop\u013a\u0148anie vitam\u00ednu D reguluje rovnov\u00e1hu v\u00e1pniku a fosf\u00e1tov v tele, to znamen\u00e1 k\u013e\u00fa\u010dov\u00e9 prvky pre stav zubov, kost\u00ed a k\u013abov. Je tie\u017e nevyhnutn\u00fd pri prevencii osteopor\u00f3zy.\u00a0Pom\u00e1ha vstreb\u00e1va\u0165 v\u00e1pnik a transportova\u0165 ho do kost\u00ed.\u00a0To je ve\u013emi d\u00f4le\u017eit\u00e9, preto\u017ee to pom\u00e1ha udr\u017eiava\u0165 kosti v hmote.\u00a0\u010eal\u0161ou d\u00f4le\u017eitou vlastnos\u0165ou vitam\u00ednu D je jeho vplyv na hladinu gluk\u00f3zy.\u00a0Jeho nedostatok m\u00f4\u017ee sp\u00f4sobi\u0165 poruchy hladiny cukru v krvi, \u010do v\u00e1s vystavuje riziku diabetick\u00fdch komplik\u00e1ci\u00ed.\u00a0Okrem toho m\u00e1 efekt podporuj\u00faci budovanie svalovej hmoty.\u00a0Je to preto, lebo sa okrem in\u00e9ho z\u00fa\u010dast\u0148uje\u00a0pri synt\u00e9ze testoster\u00f3nu, \u010do je anabolick\u00fd horm\u00f3n.\u00a0Je d\u00f4le\u017eit\u00e9 poskytn\u00fa\u0165 telu spr\u00e1vnu d\u00e1vku, ktor\u00e1 m\u00e1 vplyv na pevnos\u0165 a odolnos\u0165.\u00a0Podmienky v Po\u013esku bohu\u017eia\u013e uprednost\u0148uj\u00fa&hellip;<\/p>\n<p> <a class=\"more-link\" href=\"https:\/\/www.bibifood.sk\/index.php\/silmark-vitamin-d3-2-000-iu-60-kapsul\/\">Read more<\/a><\/p>\n","protected":false},"author":1,"featured_media":0,"parent":0,"menu_order":0,"comment_status":"closed","ping_status":"closed","template":"elementor_header_footer","meta":[],"_links":{"self":[{"href":"https:\/\/www.bibifood.sk\/index.php\/wp-json\/wp\/v2\/pages\/313"}],"collection":[{"href":"https:\/\/www.bibifood.sk\/index.php\/wp-json\/wp\/v2\/pages"}],"about":[{"href":"https:\/\/www.bibifood.sk\/index.php\/wp-json\/wp\/v2\/types\/page"}],"author":[{"embeddable":true,"href":"https:\/\/www.bibifood.sk\/index.php\/wp-json\/wp\/v2\/users\/1"}],"replies":[{"embeddable":true,"href":"https:\/\/www.bibifood.sk\/index.php\/wp-json\/wp\/v2\/comments?post=313"}],"version-history":[{"count":7,"href":"https:\/\/www.bibifood.sk\/index.php\/wp-json\/wp\/v2\/pages\/313\/revisions"}],"predecessor-version":[{"id":552,"href":"https:\/\/www.bibifood.sk\/index.php\/wp-json\/wp\/v2\/pages\/313\/revisions\/552"}],"wp:attachment":[{"href":"https:\/\/www.bibifood.sk\/index.php\/wp-json\/wp\/v2\/media?parent=313"}],"curies":[{"name":"wp","href":"https:\/\/api.w.org\/{rel}","templated":true}]}}