{"id":325,"date":"2021-06-13T10:03:42","date_gmt":"2021-06-13T08:03:42","guid":{"rendered":"https:\/\/www.bibifood.sk\/?page_id=325"},"modified":"2021-06-16T18:42:30","modified_gmt":"2021-06-16T16:42:30","slug":"silmark-melatonin-180-tabliet","status":"publish","type":"page","link":"https:\/\/www.bibifood.sk\/index.php\/silmark-melatonin-180-tabliet\/","title":{"rendered":"SILMARK Melaton\u00edn 180 tabliet"},"content":{"rendered":"\t\t<div data-elementor-type=\"wp-page\" data-elementor-id=\"325\" class=\"elementor elementor-325\">\n\t\t\t\t\t\t\t\t\t<section class=\"elementor-section elementor-top-section elementor-element elementor-element-e01c086 elementor-section-height-min-height elementor-section-content-middle elementor-section-boxed elementor-section-height-default elementor-section-items-middle\" data-id=\"e01c086\" data-element_type=\"section\" data-settings=\"{&quot;background_background&quot;:&quot;classic&quot;,&quot;shape_divider_bottom&quot;:&quot;waves&quot;,&quot;shape_divider_bottom_negative&quot;:&quot;yes&quot;}\">\n\t\t\t\t\t\t\t<div class=\"elementor-background-overlay\"><\/div>\n\t\t\t\t\t\t<div class=\"elementor-shape elementor-shape-bottom\" data-negative=\"true\">\n\t\t\t<svg xmlns=\"http:\/\/www.w3.org\/2000\/svg\" viewBox=\"0 0 1000 100\" preserveAspectRatio=\"none\">\n\t<path class=\"elementor-shape-fill\" d=\"M790.5,93.1c-59.3-5.3-116.8-18-192.6-50c-29.6-12.7-76.9-31-100.5-35.9c-23.6-4.9-52.6-7.8-75.5-5.3\n\tc-10.2,1.1-22.6,1.4-50.1,7.4c-27.2,6.3-58.2,16.6-79.4,24.7c-41.3,15.9-94.9,21.9-134,22.6C72,58.2,0,25.8,0,25.8V100h1000V65.3\n\tc0,0-51.5,19.4-106.2,25.7C839.5,97,814.1,95.2,790.5,93.1z\"\/>\n<\/svg>\t\t<\/div>\n\t\t\t\t\t<div class=\"elementor-container elementor-column-gap-default\">\n\t\t\t\t\t<div class=\"elementor-column elementor-col-100 elementor-top-column elementor-element elementor-element-39a85fd\" data-id=\"39a85fd\" data-element_type=\"column\">\n\t\t\t<div class=\"elementor-widget-wrap elementor-element-populated\">\n\t\t\t\t\t\t\t\t<div class=\"elementor-element elementor-element-aa03682 elementor-invisible elementor-widget elementor-widget-text-editor\" data-id=\"aa03682\" data-element_type=\"widget\" data-settings=\"{&quot;_animation&quot;:&quot;fadeIn&quot;}\" data-widget_type=\"text-editor.default\">\n\t\t\t\t<div class=\"elementor-widget-container\">\n\t\t\t\t\t\t\t<p>SILMARK Melaton\u00edn 180 tabliet<\/p>\t\t\t\t\t\t<\/div>\n\t\t\t\t<\/div>\n\t\t\t\t\t<\/div>\n\t\t<\/div>\n\t\t\t\t\t\t\t<\/div>\n\t\t<\/section>\n\t\t\t\t<section class=\"elementor-section elementor-top-section elementor-element elementor-element-654c33f elementor-section-boxed elementor-section-height-default elementor-section-height-default\" data-id=\"654c33f\" data-element_type=\"section\">\n\t\t\t\t\t\t<div class=\"elementor-container elementor-column-gap-default\">\n\t\t\t\t\t<div class=\"elementor-column elementor-col-100 elementor-top-column elementor-element elementor-element-e39dc6a\" data-id=\"e39dc6a\" data-element_type=\"column\">\n\t\t\t<div class=\"elementor-widget-wrap elementor-element-populated\">\n\t\t\t\t\t\t\t\t<div class=\"elementor-element elementor-element-7d6f7e2 elementor-widget elementor-widget-image\" data-id=\"7d6f7e2\" data-element_type=\"widget\" data-widget_type=\"image.default\">\n\t\t\t\t<div class=\"elementor-widget-container\">\n\t\t\t\t\t\t\t\t\t\t\t\t\t\t\t<img width=\"300\" height=\"300\" src=\"https:\/\/www.bibifood.sk\/wp-content\/uploads\/2021\/06\/SILMARK-MELATONIN-300x300.jpg\" class=\"attachment-medium size-medium wp-image-193\" alt=\"\" loading=\"lazy\" srcset=\"https:\/\/www.bibifood.sk\/wp-content\/uploads\/2021\/06\/SILMARK-MELATONIN-300x300.jpg 300w, https:\/\/www.bibifood.sk\/wp-content\/uploads\/2021\/06\/SILMARK-MELATONIN-150x150.jpg 150w, https:\/\/www.bibifood.sk\/wp-content\/uploads\/2021\/06\/SILMARK-MELATONIN-768x768.jpg 768w, https:\/\/www.bibifood.sk\/wp-content\/uploads\/2021\/06\/SILMARK-MELATONIN.jpg 800w\" sizes=\"(max-width: 300px) 100vw, 300px\" \/>\t\t\t\t\t\t\t\t\t\t\t\t\t\t\t<\/div>\n\t\t\t\t<\/div>\n\t\t\t\t\t<\/div>\n\t\t<\/div>\n\t\t\t\t\t\t\t<\/div>\n\t\t<\/section>\n\t\t\t\t<section class=\"elementor-section elementor-top-section elementor-element elementor-element-02ac418 elementor-section-boxed elementor-section-height-default elementor-section-height-default\" data-id=\"02ac418\" data-element_type=\"section\">\n\t\t\t\t\t\t<div class=\"elementor-container elementor-column-gap-default\">\n\t\t\t\t\t<div class=\"elementor-column elementor-col-100 elementor-top-column elementor-element elementor-element-0180013\" data-id=\"0180013\" data-element_type=\"column\">\n\t\t\t<div class=\"elementor-widget-wrap elementor-element-populated\">\n\t\t\t\t\t\t\t\t<div class=\"elementor-element elementor-element-3cd1d92 elementor-widget elementor-widget-text-editor\" data-id=\"3cd1d92\" data-element_type=\"widget\" data-widget_type=\"text-editor.default\">\n\t\t\t\t<div class=\"elementor-widget-container\">\n\t\t\t\t\t\t\t<div class=\"woocommerce-product-details__short-description\"><p>SILMARK Melatonin je doplnok v\u00fd\u017eivy v tablet\u00e1ch obsahuj\u00facich melaton\u00edn.\u00a0Produkt je<br \/>odpor\u00fa\u010dan\u00fd predov\u0161etk\u00fdm pre \u013eud\u00ed, ktor\u00ed bojuj\u00fa so zasp\u00e1van\u00edm, pri pr\u00e1ci na zmeny, pri<br \/>cestovan\u00ed a \u010dasto sa meniacich \u010dasov\u00fdch p\u00e1smach.<\/p><ul><li>Obsahuje 180 porci\u00ed v balen\u00ed<\/li><li>1 porcia = 1 tableta<\/li><li>Zlep\u0161ite kvalitu svojho sp\u00e1nku<\/li><li>Pr\u00edrodn\u00fd horm\u00f3n<\/li><\/ul><p>Melaton\u00edn je horm\u00f3n, ktor\u00fd ovplyv\u0148uje spr\u00e1vnu regul\u00e1ciu a koncentr\u00e1ciu sp\u00e1nku. Priemern\u00fd<br \/>\u010dlovek by mal spa\u0165 6 a\u017e 8 hod\u00edn denne nepretr\u017eite. Melaton\u00edn funguje ako hodiny a ur\u010duje, kedy<br \/>sa c\u00edtime unaven\u00ed a potrebujeme sp\u00e1nok. Jedn\u00fdm z prv\u00fdch nedostatkov melaton\u00ednu je denn\u00e1<br \/>ospalos\u0165 a no\u010dn\u00e1 nespavos\u0165. Probl\u00e9my so sp\u00e1nkom s\u00fa pre telo ve\u013emi nebezpe\u010dn\u00e9, preto\u017ee<br \/>prispievaj\u00fa k depresi\u00e1m, obezite a v extr\u00e9mnych pr\u00edpadoch k infarktu. Najviac ho vyrob\u00edme v noci,<br \/>a\u017e 80%. Probl\u00e9my so sp\u00e1nkom \u010dasto ovplyv\u0148uj\u00fa siln\u00e9 em\u00f3cie alebo ur\u010dit\u00e9 lieky. Mlad\u00ed \u013eudia \u010dasto<br \/>trpia nedostatkom, ktor\u00fd m\u00f4\u017ee zhor\u0161i\u0165 ich zdravie.<br \/>Melaton\u00edn m\u00e1 tie\u017e \u010fal\u0161ie prospe\u0161n\u00e9 vlastnosti pre telo. Okrem in\u00e9ho zni\u017euje krvn\u00fd tlak, zlep\u0161uje<br \/>\u010dinnos\u0165 srdca a m\u00f4\u017ee zn\u00ed\u017ei\u0165 v\u00fdskyt rakoviny. Je mo\u017en\u00e9 sa pred\u00e1vkova\u0165 melaton\u00ednom, ale je to<br \/>ve\u013emi zriedkav\u00e9. V pr\u00edpade pred\u00e1vkovania sa m\u00f4\u017eu vyskytn\u00fa\u0165 bolesti hlavy, no\u010dn\u00e9 mory a mierna<br \/>depresia. Pr\u00edznaky nie s\u00fa ru\u0161iv\u00e9 a nie s\u00fa nebezpe\u010dn\u00e9 pre va\u0161e zdravie. V porovnan\u00ed s v\u00fdhodami<br \/>pravideln\u00e9ho u\u017e\u00edvania s\u00fa skuto\u010dne mal\u00e9 a nepostrehnute\u013en\u00e9.<br \/>Mnoho \u013eud\u00ed trpiacich nedostatkom melaton\u00ednu sa u\u017e\u00edva k pr\u00e1\u0161kom na spanie, u ktor\u00fdch je<br \/>nepravdepodobn\u00e9, \u017ee by zlep\u0161ili komfort sp\u00e1nku. Na trhu je k dispoz\u00edcii ve\u013ea produktov s<br \/>melaton\u00ednom, ale je lep\u0161ie siahnu\u0165 po t\u00fdch, ktor\u00e9 maj\u00fa osved\u010den\u00e9 najlep\u0161ie ingrediencie. Nie je<br \/>n\u00e1vykov\u00fd, tak\u017ee sa d\u00e1 dlhodobo pou\u017e\u00edva\u0165. Najlep\u0161ie je u\u017ei\u0165 ho hodinu pred pl\u00e1novan\u00fdm<br \/>sp\u00e1nkom.<\/p><\/div>\t\t\t\t\t\t<\/div>\n\t\t\t\t<\/div>\n\t\t\t\t\t<\/div>\n\t\t<\/div>\n\t\t\t\t\t\t\t<\/div>\n\t\t<\/section>\n\t\t\t\t<section class=\"elementor-section elementor-top-section elementor-element elementor-element-08344b3 elementor-section-content-middle elementor-section-boxed elementor-section-height-default elementor-section-height-default\" data-id=\"08344b3\" data-element_type=\"section\">\n\t\t\t\t\t\t<div class=\"elementor-container elementor-column-gap-default\">\n\t\t\t\t\t<div class=\"elementor-column elementor-col-25 elementor-top-column elementor-element elementor-element-1624074\" data-id=\"1624074\" data-element_type=\"column\">\n\t\t\t<div class=\"elementor-widget-wrap elementor-element-populated\">\n\t\t\t\t\t\t\t\t<div class=\"elementor-element elementor-element-6714f60 elementor-widget elementor-widget-text-editor\" data-id=\"6714f60\" data-element_type=\"widget\" data-widget_type=\"text-editor.default\">\n\t\t\t\t<div class=\"elementor-widget-container\">\n\t\t\t\t\t\t\t<p><a href=\"https:\/\/www.bibifood.sk\/index.php\/vseobecne-obchodne-a-reklamacne-podmienky\/\" target=\"_blank\" rel=\"noopener\">V\u0161eobecn\u00e9 obchodn\u00e9 podmienky<\/a><\/p><p><a href=\"https:\/\/www.bibifood.sk\/index.php\/kontaktujte-nas\/\" target=\"_blank\" rel=\"noopener\">Nap\u00ed\u0161te n\u00e1m<\/a><\/p>\t\t\t\t\t\t<\/div>\n\t\t\t\t<\/div>\n\t\t\t\t<div class=\"elementor-element elementor-element-ee2f3e1 elementor-widget elementor-widget-text-editor\" data-id=\"ee2f3e1\" data-element_type=\"widget\" data-widget_type=\"text-editor.default\">\n\t\t\t\t<div class=\"elementor-widget-container\">\n\t\t\t\t\t\t\t<p>Kontakt:<br \/>SILMARK SK s.r.o.<br \/>Po\u013en\u00e1 850\/4<br \/>Ve\u013ek\u00fd Krt\u00ed\u0161 99001<\/p>\t\t\t\t\t\t<\/div>\n\t\t\t\t<\/div>\n\t\t\t\t\t<\/div>\n\t\t<\/div>\n\t\t\t\t<div class=\"elementor-column elementor-col-25 elementor-top-column elementor-element elementor-element-a148dd8\" data-id=\"a148dd8\" data-element_type=\"column\">\n\t\t\t<div class=\"elementor-widget-wrap elementor-element-populated\">\n\t\t\t\t\t\t\t\t<div class=\"elementor-element elementor-element-aa1b290 elementor-widget elementor-widget-wp-widget-zoom-social-icons-widget\" data-id=\"aa1b290\" data-element_type=\"widget\" data-widget_type=\"wp-widget-zoom-social-icons-widget.default\">\n\t\t\t\t<div class=\"elementor-widget-container\">\n\t\t\t<h5>Sleduj n\u00e1s<\/h5>\n\t\t\n<ul class=\"zoom-social-icons-list zoom-social-icons-list--with-canvas zoom-social-icons-list--round zoom-social-icons-list--no-labels\">\n\n\t\t\n\t\t\t\t<li class=\"zoom-social_icons-list__item\">\n\t\t<a class=\"zoom-social_icons-list__link\" href=\"https:\/\/www.facebook.com\/bibifood.sk\/\" target=\"_blank\" title=\"Facebook\" >\n\t\t\t\t\t\t\t\t\t\n\t\t\t\t\t\t<span class=\"screen-reader-text\">facebook<\/span>\n\t\t\t\n\t\t\t\t\t\t<span class=\"zoom-social_icons-list-span social-icon socicon socicon-facebook\" data-hover-rule=\"background-color\" data-hover-color=\"#1877F2\" style=\"background-color : #1877F2; font-size: 18px; padding:8px\" ><\/span>\n\t\t\t\n\t\t\t\t\t<\/a>\n\t<\/li>\n\n\t\n\t\t\t\t<li class=\"zoom-social_icons-list__item\">\n\t\t<a class=\"zoom-social_icons-list__link\" href=\"https:\/\/www.youtube.com\/channel\/UCTQJpfVjcCYNvA5DkWhTRPA\" target=\"_blank\" title=\"Twitter\" >\n\t\t\t\t\t\t\t\t\t\n\t\t\t\t\t\t<span class=\"screen-reader-text\">youtube<\/span>\n\t\t\t\n\t\t\t\t\t\t<span class=\"zoom-social_icons-list-span social-icon socicon socicon-youtube\" data-hover-rule=\"background-color\" data-hover-color=\"#e02a20\" style=\"background-color : #e02a20; font-size: 18px; padding:8px\" ><\/span>\n\t\t\t\n\t\t\t\t\t<\/a>\n\t<\/li>\n\n\t\n\t\t\t\t<li class=\"zoom-social_icons-list__item\">\n\t\t<a class=\"zoom-social_icons-list__link\" href=\"https:\/\/www.instagram.com\/invites\/contact\/?i=161p9q7kd3cgy&#038;utm_content=lg2elnn\" target=\"_blank\" title=\"Instagram\" >\n\t\t\t\t\t\t\t\t\t\n\t\t\t\t\t\t<span class=\"screen-reader-text\">instagram<\/span>\n\t\t\t\n\t\t\t\t\t\t<span class=\"zoom-social_icons-list-span social-icon socicon socicon-instagram\" data-hover-rule=\"background-color\" data-hover-color=\"#e4405f\" style=\"background-color : #e4405f; font-size: 18px; padding:8px\" ><\/span>\n\t\t\t\n\t\t\t\t\t<\/a>\n\t<\/li>\n\n\t\n\t\t\t\t<li class=\"zoom-social_icons-list__item\">\n\t\t<a class=\"zoom-social_icons-list__link\" href=\"https:\/\/g.page\/r\/CR_4e9kw-7k8EA0\" target=\"_blank\" title=\"Default Label\" >\n\t\t\t\t\t\t\t\t\t\n\t\t\t\t\t\t<span class=\"screen-reader-text\">angieslist<\/span>\n\t\t\t\n\t\t\t\t\t\t<span class=\"zoom-social_icons-list-span social-icon socicon socicon-angieslist\" data-hover-rule=\"background-color\" data-hover-color=\"#299F37\" style=\"background-color : #299F37; font-size: 18px; padding:8px\" ><\/span>\n\t\t\t\n\t\t\t\t\t<\/a>\n\t<\/li>\n\n\t\n\t\t\t\t<li class=\"zoom-social_icons-list__item\">\n\t\t<a class=\"zoom-social_icons-list__link\" href=\"https:\/\/g.page\/r\/CZDT_sKOKcdYEA0\" target=\"_blank\" title=\"Default Label\" >\n\t\t\t\t\t\t\t\t\t\n\t\t\t\t\t\t<span class=\"screen-reader-text\">angieslist<\/span>\n\t\t\t\n\t\t\t\t\t\t<span class=\"zoom-social_icons-list-span social-icon socicon socicon-angieslist\" data-hover-rule=\"background-color\" data-hover-color=\"#299F37\" style=\"background-color : #299F37; font-size: 18px; padding:8px\" ><\/span>\n\t\t\t\n\t\t\t\t\t<\/a>\n\t<\/li>\n\n\t\n<\/ul>\n\n\t\t\t\t<\/div>\n\t\t\t\t<\/div>\n\t\t\t\t\t<\/div>\n\t\t<\/div>\n\t\t\t\t<div class=\"elementor-column elementor-col-25 elementor-top-column elementor-element elementor-element-3229972\" data-id=\"3229972\" data-element_type=\"column\">\n\t\t\t<div class=\"elementor-widget-wrap elementor-element-populated\">\n\t\t\t\t\t\t\t\t<div class=\"elementor-element elementor-element-26fe64e elementor-widget elementor-widget-image\" data-id=\"26fe64e\" data-element_type=\"widget\" data-widget_type=\"image.default\">\n\t\t\t\t<div class=\"elementor-widget-container\">\n\t\t\t\t\t\t\t\t\t\t\t\t\t\t\t<img width=\"696\" height=\"1024\" src=\"https:\/\/www.bibifood.sk\/wp-content\/uploads\/2021\/06\/Macko-zeleny-696x1024.jpg\" class=\"attachment-large size-large wp-image-443\" alt=\"\" loading=\"lazy\" srcset=\"https:\/\/www.bibifood.sk\/wp-content\/uploads\/2021\/06\/Macko-zeleny-696x1024.jpg 696w, https:\/\/www.bibifood.sk\/wp-content\/uploads\/2021\/06\/Macko-zeleny-204x300.jpg 204w, https:\/\/www.bibifood.sk\/wp-content\/uploads\/2021\/06\/Macko-zeleny-768x1130.jpg 768w, https:\/\/www.bibifood.sk\/wp-content\/uploads\/2021\/06\/Macko-zeleny.jpg 922w\" sizes=\"(max-width: 696px) 100vw, 696px\" \/>\t\t\t\t\t\t\t\t\t\t\t\t\t\t\t<\/div>\n\t\t\t\t<\/div>\n\t\t\t\t\t<\/div>\n\t\t<\/div>\n\t\t\t\t<div class=\"elementor-column elementor-col-25 elementor-top-column elementor-element elementor-element-9a4096d\" data-id=\"9a4096d\" data-element_type=\"column\">\n\t\t\t<div class=\"elementor-widget-wrap elementor-element-populated\">\n\t\t\t\t\t\t\t\t<div class=\"elementor-element elementor-element-f11d7de elementor-view-default elementor-mobile-position-top elementor-vertical-align-top elementor-widget elementor-widget-icon-box\" data-id=\"f11d7de\" data-element_type=\"widget\" data-widget_type=\"icon-box.default\">\n\t\t\t\t<div class=\"elementor-widget-container\">\n\t\t\t\t\t<div class=\"elementor-icon-box-wrapper\">\n\t\t\t\t\t\t<div class=\"elementor-icon-box-icon\">\n\t\t\t\t<span class=\"elementor-icon elementor-animation-\" >\n\t\t\t\t<i aria-hidden=\"true\" class=\"fas fa-phone\"><\/i>\t\t\t\t<\/span>\n\t\t\t<\/div>\n\t\t\t\t\t\t<div class=\"elementor-icon-box-content\">\n\t\t\t\t<h3 class=\"elementor-icon-box-title\">\n\t\t\t\t\t<span  >\n\t\t\t\t\t\t\t\t\t\t\t<\/span>\n\t\t\t\t<\/h3>\n\t\t\t\t\t\t\t\t\t<p class=\"elementor-icon-box-description\">\n\t\t\t\t\t\t<a href=\"tel:+421474882222\">+421 47 4882222<\/a>\t\t\t\t\t<\/p>\n\t\t\t\t\t\t\t<\/div>\n\t\t<\/div>\n\t\t\t\t<\/div>\n\t\t\t\t<\/div>\n\t\t\t\t<div class=\"elementor-element elementor-element-ca59c7d elementor-view-default elementor-vertical-align-top elementor-widget elementor-widget-icon-box\" data-id=\"ca59c7d\" data-element_type=\"widget\" data-widget_type=\"icon-box.default\">\n\t\t\t\t<div class=\"elementor-widget-container\">\n\t\t\t\t\t<div class=\"elementor-icon-box-wrapper\">\n\t\t\t\t\t\t<div class=\"elementor-icon-box-content\">\n\t\t\t\t<h3 class=\"elementor-icon-box-title\">\n\t\t\t\t\t<span  >\n\t\t\t\t\t\t\t\t\t\t\t<\/span>\n\t\t\t\t<\/h3>\n\t\t\t\t\t\t\t\t\t<p class=\"elementor-icon-box-description\">\n\t\t\t\t\t\t<a href=\"tel:+421917717727\">+421 47 4882222<\/a>\t\t\t\t\t<\/p>\n\t\t\t\t\t\t\t<\/div>\n\t\t<\/div>\n\t\t\t\t<\/div>\n\t\t\t\t<\/div>\n\t\t\t\t<div class=\"elementor-element elementor-element-0494c23 elementor-view-default elementor-mobile-position-top elementor-vertical-align-top elementor-widget elementor-widget-icon-box\" data-id=\"0494c23\" data-element_type=\"widget\" data-widget_type=\"icon-box.default\">\n\t\t\t\t<div class=\"elementor-widget-container\">\n\t\t\t\t\t<div class=\"elementor-icon-box-wrapper\">\n\t\t\t\t\t\t<div class=\"elementor-icon-box-icon\">\n\t\t\t\t<span class=\"elementor-icon elementor-animation-\" >\n\t\t\t\t<i aria-hidden=\"true\" class=\"far fa-envelope\"><\/i>\t\t\t\t<\/span>\n\t\t\t<\/div>\n\t\t\t\t\t\t<div class=\"elementor-icon-box-content\">\n\t\t\t\t<h3 class=\"elementor-icon-box-title\">\n\t\t\t\t\t<span  >\n\t\t\t\t\t\t\t\t\t\t\t<\/span>\n\t\t\t\t<\/h3>\n\t\t\t\t\t\t\t\t\t<p class=\"elementor-icon-box-description\">\n\t\t\t\t\t\t<a href=\"mailto:bibi@bibifood.sk\">bibi@bibifood.sk<a\/>\t\t\t\t\t<\/p>\n\t\t\t\t\t\t\t<\/div>\n\t\t<\/div>\n\t\t\t\t<\/div>\n\t\t\t\t<\/div>\n\t\t\t\t\t<\/div>\n\t\t<\/div>\n\t\t\t\t\t\t\t<\/div>\n\t\t<\/section>\n\t\t\t\t\t\t\t<\/div>\n\t\t","protected":false},"excerpt":{"rendered":"<p>SILMARK Melaton\u00edn 180 tabliet SILMARK Melatonin je doplnok v\u00fd\u017eivy v tablet\u00e1ch obsahuj\u00facich melaton\u00edn.\u00a0Produkt jeodpor\u00fa\u010dan\u00fd predov\u0161etk\u00fdm pre \u013eud\u00ed, ktor\u00ed bojuj\u00fa so zasp\u00e1van\u00edm, pri pr\u00e1ci na zmeny, pricestovan\u00ed a \u010dasto sa meniacich \u010dasov\u00fdch p\u00e1smach. Obsahuje 180 porci\u00ed v balen\u00ed 1 porcia = 1 tableta Zlep\u0161ite kvalitu svojho sp\u00e1nku Pr\u00edrodn\u00fd horm\u00f3n Melaton\u00edn je horm\u00f3n, ktor\u00fd ovplyv\u0148uje spr\u00e1vnu regul\u00e1ciu a koncentr\u00e1ciu sp\u00e1nku. Priemern\u00fd\u010dlovek by mal spa\u0165 6 a\u017e 8 hod\u00edn denne nepretr\u017eite. Melaton\u00edn funguje ako hodiny a ur\u010duje, kedysa c\u00edtime unaven\u00ed a potrebujeme sp\u00e1nok. Jedn\u00fdm z prv\u00fdch nedostatkov melaton\u00ednu je denn\u00e1ospalos\u0165 a no\u010dn\u00e1 nespavos\u0165. Probl\u00e9my so sp\u00e1nkom s\u00fa pre telo ve\u013emi nebezpe\u010dn\u00e9, preto\u017eeprispievaj\u00fa k depresi\u00e1m, obezite a v extr\u00e9mnych pr\u00edpadoch k infarktu. Najviac ho vyrob\u00edme v noci,a\u017e 80%. Probl\u00e9my so sp\u00e1nkom \u010dasto ovplyv\u0148uj\u00fa siln\u00e9 em\u00f3cie alebo ur\u010dit\u00e9 lieky. Mlad\u00ed \u013eudia \u010dastotrpia nedostatkom, ktor\u00fd m\u00f4\u017ee zhor\u0161i\u0165 ich zdravie.Melaton\u00edn m\u00e1 tie\u017e \u010fal\u0161ie prospe\u0161n\u00e9 vlastnosti pre telo. Okrem in\u00e9ho zni\u017euje krvn\u00fd tlak, zlep\u0161uje\u010dinnos\u0165 srdca a m\u00f4\u017ee zn\u00ed\u017ei\u0165&hellip;<\/p>\n<p> <a class=\"more-link\" href=\"https:\/\/www.bibifood.sk\/index.php\/silmark-melatonin-180-tabliet\/\">Read more<\/a><\/p>\n","protected":false},"author":1,"featured_media":0,"parent":0,"menu_order":0,"comment_status":"closed","ping_status":"closed","template":"elementor_header_footer","meta":[],"_links":{"self":[{"href":"https:\/\/www.bibifood.sk\/index.php\/wp-json\/wp\/v2\/pages\/325"}],"collection":[{"href":"https:\/\/www.bibifood.sk\/index.php\/wp-json\/wp\/v2\/pages"}],"about":[{"href":"https:\/\/www.bibifood.sk\/index.php\/wp-json\/wp\/v2\/types\/page"}],"author":[{"embeddable":true,"href":"https:\/\/www.bibifood.sk\/index.php\/wp-json\/wp\/v2\/users\/1"}],"replies":[{"embeddable":true,"href":"https:\/\/www.bibifood.sk\/index.php\/wp-json\/wp\/v2\/comments?post=325"}],"version-history":[{"count":7,"href":"https:\/\/www.bibifood.sk\/index.php\/wp-json\/wp\/v2\/pages\/325\/revisions"}],"predecessor-version":[{"id":540,"href":"https:\/\/www.bibifood.sk\/index.php\/wp-json\/wp\/v2\/pages\/325\/revisions\/540"}],"wp:attachment":[{"href":"https:\/\/www.bibifood.sk\/index.php\/wp-json\/wp\/v2\/media?parent=325"}],"curies":[{"name":"wp","href":"https:\/\/api.w.org\/{rel}","templated":true}]}}