{"id":363,"date":"2021-06-13T15:13:02","date_gmt":"2021-06-13T13:13:02","guid":{"rendered":"https:\/\/www.bibifood.sk\/?page_id=363"},"modified":"2021-06-16T18:41:45","modified_gmt":"2021-06-16T16:41:45","slug":"kakaove-vankusiky-s-naplnou","status":"publish","type":"page","link":"https:\/\/www.bibifood.sk\/index.php\/kakaove-vankusiky-s-naplnou\/","title":{"rendered":"Kakaov\u00e9 vank\u00fa\u0161iky s n\u00e1pl\u0148ou"},"content":{"rendered":"\t\t<div data-elementor-type=\"wp-page\" data-elementor-id=\"363\" class=\"elementor elementor-363\">\n\t\t\t\t\t\t\t\t\t<section class=\"elementor-section elementor-top-section elementor-element elementor-element-a905e8b elementor-section-height-min-height elementor-section-content-middle elementor-section-boxed elementor-section-height-default elementor-section-items-middle\" data-id=\"a905e8b\" data-element_type=\"section\" data-settings=\"{&quot;background_background&quot;:&quot;classic&quot;,&quot;shape_divider_bottom&quot;:&quot;waves&quot;,&quot;shape_divider_bottom_negative&quot;:&quot;yes&quot;}\">\n\t\t\t\t\t\t\t<div class=\"elementor-background-overlay\"><\/div>\n\t\t\t\t\t\t<div class=\"elementor-shape elementor-shape-bottom\" data-negative=\"true\">\n\t\t\t<svg xmlns=\"http:\/\/www.w3.org\/2000\/svg\" viewBox=\"0 0 1000 100\" preserveAspectRatio=\"none\">\n\t<path class=\"elementor-shape-fill\" d=\"M790.5,93.1c-59.3-5.3-116.8-18-192.6-50c-29.6-12.7-76.9-31-100.5-35.9c-23.6-4.9-52.6-7.8-75.5-5.3\n\tc-10.2,1.1-22.6,1.4-50.1,7.4c-27.2,6.3-58.2,16.6-79.4,24.7c-41.3,15.9-94.9,21.9-134,22.6C72,58.2,0,25.8,0,25.8V100h1000V65.3\n\tc0,0-51.5,19.4-106.2,25.7C839.5,97,814.1,95.2,790.5,93.1z\"\/>\n<\/svg>\t\t<\/div>\n\t\t\t\t\t<div class=\"elementor-container elementor-column-gap-default\">\n\t\t\t\t\t<div class=\"elementor-column elementor-col-100 elementor-top-column elementor-element elementor-element-fe34457\" data-id=\"fe34457\" data-element_type=\"column\">\n\t\t\t<div class=\"elementor-widget-wrap elementor-element-populated\">\n\t\t\t\t\t\t\t\t<div class=\"elementor-element elementor-element-f748afb elementor-invisible elementor-widget elementor-widget-text-editor\" data-id=\"f748afb\" data-element_type=\"widget\" data-settings=\"{&quot;_animation&quot;:&quot;fadeIn&quot;}\" data-widget_type=\"text-editor.default\">\n\t\t\t\t<div class=\"elementor-widget-container\">\n\t\t\t\t\t\t\t<p>Kakaov\u00e9 vank\u00fa\u0161iky s\u00a0n\u00e1pl\u0148ou\/ kakaov\u00e1 pr\u00edchu\u0165 &#8211; bez lepku, bez palmov\u00e9ho oleja<\/p>\t\t\t\t\t\t<\/div>\n\t\t\t\t<\/div>\n\t\t\t\t\t<\/div>\n\t\t<\/div>\n\t\t\t\t\t\t\t<\/div>\n\t\t<\/section>\n\t\t\t\t<section class=\"elementor-section elementor-top-section elementor-element elementor-element-37f1ec5 elementor-section-boxed elementor-section-height-default elementor-section-height-default\" data-id=\"37f1ec5\" data-element_type=\"section\">\n\t\t\t\t\t\t<div class=\"elementor-container elementor-column-gap-default\">\n\t\t\t\t\t<div class=\"elementor-column elementor-col-100 elementor-top-column elementor-element elementor-element-213f2a8\" data-id=\"213f2a8\" data-element_type=\"column\">\n\t\t\t<div class=\"elementor-widget-wrap elementor-element-populated\">\n\t\t\t\t\t\t\t\t<div class=\"elementor-element elementor-element-4125581 elementor-widget elementor-widget-image\" data-id=\"4125581\" data-element_type=\"widget\" data-widget_type=\"image.default\">\n\t\t\t\t<div class=\"elementor-widget-container\">\n\t\t\t\t\t\t\t\t\t\t\t\t\t\t\t<img width=\"184\" height=\"300\" src=\"https:\/\/www.bibifood.sk\/wp-content\/uploads\/2021\/06\/vankusiky-kakaove-krabicka-184x300.jpg\" class=\"attachment-medium size-medium wp-image-44\" alt=\"\" loading=\"lazy\" srcset=\"https:\/\/www.bibifood.sk\/wp-content\/uploads\/2021\/06\/vankusiky-kakaove-krabicka-184x300.jpg 184w, https:\/\/www.bibifood.sk\/wp-content\/uploads\/2021\/06\/vankusiky-kakaove-krabicka-627x1024.jpg 627w, https:\/\/www.bibifood.sk\/wp-content\/uploads\/2021\/06\/vankusiky-kakaove-krabicka-768x1255.jpg 768w, https:\/\/www.bibifood.sk\/wp-content\/uploads\/2021\/06\/vankusiky-kakaove-krabicka-940x1536.jpg 940w, https:\/\/www.bibifood.sk\/wp-content\/uploads\/2021\/06\/vankusiky-kakaove-krabicka.jpg 1009w\" sizes=\"(max-width: 184px) 100vw, 184px\" \/>\t\t\t\t\t\t\t\t\t\t\t\t\t\t\t<\/div>\n\t\t\t\t<\/div>\n\t\t\t\t\t<\/div>\n\t\t<\/div>\n\t\t\t\t\t\t\t<\/div>\n\t\t<\/section>\n\t\t\t\t<section class=\"elementor-section elementor-top-section elementor-element elementor-element-6b879f5 elementor-section-boxed elementor-section-height-default elementor-section-height-default\" data-id=\"6b879f5\" data-element_type=\"section\">\n\t\t\t\t\t\t<div class=\"elementor-container elementor-column-gap-default\">\n\t\t\t\t\t<div class=\"elementor-column elementor-col-100 elementor-top-column elementor-element elementor-element-cf54444\" data-id=\"cf54444\" data-element_type=\"column\">\n\t\t\t<div class=\"elementor-widget-wrap elementor-element-populated\">\n\t\t\t\t\t\t\t\t<div class=\"elementor-element elementor-element-586a1b7 elementor-widget elementor-widget-text-editor\" data-id=\"586a1b7\" data-element_type=\"widget\" data-widget_type=\"text-editor.default\">\n\t\t\t\t<div class=\"elementor-widget-container\">\n\t\t\t\t\t\t\t<p>Trvanliv\u00e9 pe\u010divo &#8211; extrudovan\u00fd v\u00fdrobok.<\/p><p>\u00a0<\/p><p>zlo\u017eenie:<\/p><p>\u00a0<\/p><p>extrud\u00e1t (kukuri\u010dn\u00e1 m\u00faka, ry\u017eov\u00e1 m\u00faka, cukor, kakaov\u00fd pr\u00e1\u0161ok so zn\u00ed\u017een\u00fdm obsahom tuku,<strong> lakt\u00f3za<\/strong>, jedl\u00e1 so\u013e), n\u00e1pl\u0148 s\u00a0kakaovou pr\u00edchu\u0165ou 30% (cukor, rastlinn\u00e9 tuky (olej z maslovn\u00edka), su\u0161en\u00e1 <strong>srv\u00e1tka<\/strong>, kakaov\u00e1 hmota 5%, kakaov\u00fd pr\u00e1\u0161ok so zn\u00ed\u017een\u00fdm obsahom tuku 4,6%, zemiakov\u00fd \u0161krob, su\u0161en\u00e9 odstreden\u00e9 <strong>mlieko<\/strong>, emulg\u00e1tor: slne\u010dnicov\u00fd lecit\u00edn; pr\u00edrodn\u00e1 vanilkov\u00e1 ar\u00f3ma).<\/p><p>\u00a0<\/p><p><strong>V\u00fdrobok m\u00f4\u017ee obsahova\u0165 stopy ara\u0161idov, orechov, s\u00f3je a sezamu.<\/strong><\/p><p>\u00a0<\/p><p>Skladujte v suchu a chr\u00e1\u0148te pred teplom.<\/p><p>\u00a0<\/p><p>V\u00fd\u017eivov\u00e9 \u00fadaje na: 100 g<\/p><p>\u00a0<\/p><p>Energia 1893 kJ (450 kcal)<\/p><p>Tuky 14 g<\/p><p>&#8211; z toho nas\u00fdten\u00e9 mastn\u00e9 kyseliny 5,3 g<\/p><p>Sacharidy 76 g<\/p><p>&#8211; z toho cukry 33 g<\/p><p>Vl\u00e1knina 1,1 g<\/p><p>Bielkoviny 5,5 g<\/p><p>So\u013e 0,3 g<\/p>\t\t\t\t\t\t<\/div>\n\t\t\t\t<\/div>\n\t\t\t\t\t<\/div>\n\t\t<\/div>\n\t\t\t\t\t\t\t<\/div>\n\t\t<\/section>\n\t\t\t\t<section class=\"elementor-section elementor-top-section elementor-element elementor-element-a1e7d94 elementor-section-content-middle elementor-section-boxed elementor-section-height-default elementor-section-height-default\" data-id=\"a1e7d94\" data-element_type=\"section\">\n\t\t\t\t\t\t<div class=\"elementor-container elementor-column-gap-default\">\n\t\t\t\t\t<div class=\"elementor-column elementor-col-25 elementor-top-column elementor-element elementor-element-562e951\" data-id=\"562e951\" data-element_type=\"column\">\n\t\t\t<div class=\"elementor-widget-wrap elementor-element-populated\">\n\t\t\t\t\t\t\t\t<div class=\"elementor-element elementor-element-0e8a719 elementor-widget elementor-widget-text-editor\" data-id=\"0e8a719\" data-element_type=\"widget\" data-widget_type=\"text-editor.default\">\n\t\t\t\t<div class=\"elementor-widget-container\">\n\t\t\t\t\t\t\t<p><a href=\"https:\/\/www.bibifood.sk\/index.php\/vseobecne-obchodne-a-reklamacne-podmienky\/\" target=\"_blank\" rel=\"noopener\">V\u0161eobecn\u00e9 obchodn\u00e9 podmienky<\/a><\/p><p><a href=\"https:\/\/www.bibifood.sk\/index.php\/kontaktujte-nas\/\" target=\"_blank\" rel=\"noopener\">Nap\u00ed\u0161te n\u00e1m<\/a><\/p>\t\t\t\t\t\t<\/div>\n\t\t\t\t<\/div>\n\t\t\t\t<div class=\"elementor-element elementor-element-48922b6 elementor-widget elementor-widget-text-editor\" data-id=\"48922b6\" data-element_type=\"widget\" data-widget_type=\"text-editor.default\">\n\t\t\t\t<div class=\"elementor-widget-container\">\n\t\t\t\t\t\t\t<p>Kontakt:<br \/>SILMARK SK s.r.o.<br \/>Po\u013en\u00e1 850\/4<br \/>Ve\u013ek\u00fd Krt\u00ed\u0161 99001<\/p>\t\t\t\t\t\t<\/div>\n\t\t\t\t<\/div>\n\t\t\t\t\t<\/div>\n\t\t<\/div>\n\t\t\t\t<div class=\"elementor-column elementor-col-25 elementor-top-column elementor-element elementor-element-0cd363c\" data-id=\"0cd363c\" data-element_type=\"column\">\n\t\t\t<div class=\"elementor-widget-wrap elementor-element-populated\">\n\t\t\t\t\t\t\t\t<div class=\"elementor-element elementor-element-f61c1df elementor-widget elementor-widget-wp-widget-zoom-social-icons-widget\" data-id=\"f61c1df\" data-element_type=\"widget\" data-widget_type=\"wp-widget-zoom-social-icons-widget.default\">\n\t\t\t\t<div class=\"elementor-widget-container\">\n\t\t\t<h5>Sleduj n\u00e1s<\/h5>\n\t\t\n<ul class=\"zoom-social-icons-list zoom-social-icons-list--with-canvas zoom-social-icons-list--round zoom-social-icons-list--no-labels\">\n\n\t\t\n\t\t\t\t<li class=\"zoom-social_icons-list__item\">\n\t\t<a class=\"zoom-social_icons-list__link\" href=\"https:\/\/www.facebook.com\/bibifood.sk\/\" target=\"_blank\" title=\"Facebook\" >\n\t\t\t\t\t\t\t\t\t\n\t\t\t\t\t\t<span class=\"screen-reader-text\">facebook<\/span>\n\t\t\t\n\t\t\t\t\t\t<span class=\"zoom-social_icons-list-span social-icon socicon socicon-facebook\" data-hover-rule=\"background-color\" data-hover-color=\"#1877F2\" style=\"background-color : #1877F2; font-size: 18px; padding:8px\" ><\/span>\n\t\t\t\n\t\t\t\t\t<\/a>\n\t<\/li>\n\n\t\n\t\t\t\t<li class=\"zoom-social_icons-list__item\">\n\t\t<a class=\"zoom-social_icons-list__link\" href=\"https:\/\/www.youtube.com\/channel\/UCTQJpfVjcCYNvA5DkWhTRPA\" target=\"_blank\" title=\"Twitter\" >\n\t\t\t\t\t\t\t\t\t\n\t\t\t\t\t\t<span class=\"screen-reader-text\">youtube<\/span>\n\t\t\t\n\t\t\t\t\t\t<span class=\"zoom-social_icons-list-span social-icon socicon socicon-youtube\" data-hover-rule=\"background-color\" data-hover-color=\"#e02a20\" style=\"background-color : #e02a20; font-size: 18px; padding:8px\" ><\/span>\n\t\t\t\n\t\t\t\t\t<\/a>\n\t<\/li>\n\n\t\n\t\t\t\t<li class=\"zoom-social_icons-list__item\">\n\t\t<a class=\"zoom-social_icons-list__link\" href=\"https:\/\/www.instagram.com\/invites\/contact\/?i=161p9q7kd3cgy&#038;utm_content=lg2elnn\" target=\"_blank\" title=\"Instagram\" >\n\t\t\t\t\t\t\t\t\t\n\t\t\t\t\t\t<span class=\"screen-reader-text\">instagram<\/span>\n\t\t\t\n\t\t\t\t\t\t<span class=\"zoom-social_icons-list-span social-icon socicon socicon-instagram\" data-hover-rule=\"background-color\" data-hover-color=\"#e4405f\" style=\"background-color : #e4405f; font-size: 18px; padding:8px\" ><\/span>\n\t\t\t\n\t\t\t\t\t<\/a>\n\t<\/li>\n\n\t\n\t\t\t\t<li class=\"zoom-social_icons-list__item\">\n\t\t<a class=\"zoom-social_icons-list__link\" href=\"https:\/\/g.page\/r\/CR_4e9kw-7k8EA0\" target=\"_blank\" title=\"Default Label\" >\n\t\t\t\t\t\t\t\t\t\n\t\t\t\t\t\t<span class=\"screen-reader-text\">angieslist<\/span>\n\t\t\t\n\t\t\t\t\t\t<span class=\"zoom-social_icons-list-span social-icon socicon socicon-angieslist\" data-hover-rule=\"background-color\" data-hover-color=\"#299F37\" style=\"background-color : #299F37; font-size: 18px; padding:8px\" ><\/span>\n\t\t\t\n\t\t\t\t\t<\/a>\n\t<\/li>\n\n\t\n\t\t\t\t<li class=\"zoom-social_icons-list__item\">\n\t\t<a class=\"zoom-social_icons-list__link\" href=\"https:\/\/g.page\/r\/CZDT_sKOKcdYEA0\" target=\"_blank\" title=\"Default Label\" >\n\t\t\t\t\t\t\t\t\t\n\t\t\t\t\t\t<span class=\"screen-reader-text\">angieslist<\/span>\n\t\t\t\n\t\t\t\t\t\t<span class=\"zoom-social_icons-list-span social-icon socicon socicon-angieslist\" data-hover-rule=\"background-color\" data-hover-color=\"#299F37\" style=\"background-color : #299F37; font-size: 18px; padding:8px\" ><\/span>\n\t\t\t\n\t\t\t\t\t<\/a>\n\t<\/li>\n\n\t\n<\/ul>\n\n\t\t\t\t<\/div>\n\t\t\t\t<\/div>\n\t\t\t\t\t<\/div>\n\t\t<\/div>\n\t\t\t\t<div class=\"elementor-column elementor-col-25 elementor-top-column elementor-element elementor-element-f6840a9\" data-id=\"f6840a9\" data-element_type=\"column\">\n\t\t\t<div class=\"elementor-widget-wrap elementor-element-populated\">\n\t\t\t\t\t\t\t\t<div class=\"elementor-element elementor-element-f86f83f elementor-widget elementor-widget-image\" data-id=\"f86f83f\" data-element_type=\"widget\" data-widget_type=\"image.default\">\n\t\t\t\t<div class=\"elementor-widget-container\">\n\t\t\t\t\t\t\t\t\t\t\t\t\t\t\t<img width=\"696\" height=\"1024\" src=\"https:\/\/www.bibifood.sk\/wp-content\/uploads\/2021\/06\/Macko-zeleny-696x1024.jpg\" class=\"attachment-large size-large wp-image-443\" alt=\"\" loading=\"lazy\" srcset=\"https:\/\/www.bibifood.sk\/wp-content\/uploads\/2021\/06\/Macko-zeleny-696x1024.jpg 696w, https:\/\/www.bibifood.sk\/wp-content\/uploads\/2021\/06\/Macko-zeleny-204x300.jpg 204w, https:\/\/www.bibifood.sk\/wp-content\/uploads\/2021\/06\/Macko-zeleny-768x1130.jpg 768w, https:\/\/www.bibifood.sk\/wp-content\/uploads\/2021\/06\/Macko-zeleny.jpg 922w\" sizes=\"(max-width: 696px) 100vw, 696px\" \/>\t\t\t\t\t\t\t\t\t\t\t\t\t\t\t<\/div>\n\t\t\t\t<\/div>\n\t\t\t\t\t<\/div>\n\t\t<\/div>\n\t\t\t\t<div class=\"elementor-column elementor-col-25 elementor-top-column elementor-element elementor-element-a889a06\" data-id=\"a889a06\" data-element_type=\"column\">\n\t\t\t<div class=\"elementor-widget-wrap elementor-element-populated\">\n\t\t\t\t\t\t\t\t<div class=\"elementor-element elementor-element-b29dec1 elementor-view-default elementor-mobile-position-top elementor-vertical-align-top elementor-widget elementor-widget-icon-box\" data-id=\"b29dec1\" data-element_type=\"widget\" data-widget_type=\"icon-box.default\">\n\t\t\t\t<div class=\"elementor-widget-container\">\n\t\t\t\t\t<div class=\"elementor-icon-box-wrapper\">\n\t\t\t\t\t\t<div class=\"elementor-icon-box-icon\">\n\t\t\t\t<span class=\"elementor-icon elementor-animation-\" >\n\t\t\t\t<i aria-hidden=\"true\" class=\"fas fa-phone\"><\/i>\t\t\t\t<\/span>\n\t\t\t<\/div>\n\t\t\t\t\t\t<div class=\"elementor-icon-box-content\">\n\t\t\t\t<h3 class=\"elementor-icon-box-title\">\n\t\t\t\t\t<span  >\n\t\t\t\t\t\t\t\t\t\t\t<\/span>\n\t\t\t\t<\/h3>\n\t\t\t\t\t\t\t\t\t<p class=\"elementor-icon-box-description\">\n\t\t\t\t\t\t<a href=\"tel:+421474882222\">+421 47 4882222<\/a>\t\t\t\t\t<\/p>\n\t\t\t\t\t\t\t<\/div>\n\t\t<\/div>\n\t\t\t\t<\/div>\n\t\t\t\t<\/div>\n\t\t\t\t<div class=\"elementor-element elementor-element-2e0f08f elementor-view-default elementor-vertical-align-top elementor-widget elementor-widget-icon-box\" data-id=\"2e0f08f\" data-element_type=\"widget\" data-widget_type=\"icon-box.default\">\n\t\t\t\t<div class=\"elementor-widget-container\">\n\t\t\t\t\t<div class=\"elementor-icon-box-wrapper\">\n\t\t\t\t\t\t<div class=\"elementor-icon-box-content\">\n\t\t\t\t<h3 class=\"elementor-icon-box-title\">\n\t\t\t\t\t<span  >\n\t\t\t\t\t\t\t\t\t\t\t<\/span>\n\t\t\t\t<\/h3>\n\t\t\t\t\t\t\t\t\t<p class=\"elementor-icon-box-description\">\n\t\t\t\t\t\t<a href=\"tel:+421917717727\">+421 47 4882222<\/a>\t\t\t\t\t<\/p>\n\t\t\t\t\t\t\t<\/div>\n\t\t<\/div>\n\t\t\t\t<\/div>\n\t\t\t\t<\/div>\n\t\t\t\t<div class=\"elementor-element elementor-element-73dda34 elementor-view-default elementor-mobile-position-top elementor-vertical-align-top elementor-widget elementor-widget-icon-box\" data-id=\"73dda34\" data-element_type=\"widget\" data-widget_type=\"icon-box.default\">\n\t\t\t\t<div class=\"elementor-widget-container\">\n\t\t\t\t\t<div class=\"elementor-icon-box-wrapper\">\n\t\t\t\t\t\t<div class=\"elementor-icon-box-icon\">\n\t\t\t\t<span class=\"elementor-icon elementor-animation-\" >\n\t\t\t\t<i aria-hidden=\"true\" class=\"far fa-envelope\"><\/i>\t\t\t\t<\/span>\n\t\t\t<\/div>\n\t\t\t\t\t\t<div class=\"elementor-icon-box-content\">\n\t\t\t\t<h3 class=\"elementor-icon-box-title\">\n\t\t\t\t\t<span  >\n\t\t\t\t\t\t\t\t\t\t\t<\/span>\n\t\t\t\t<\/h3>\n\t\t\t\t\t\t\t\t\t<p class=\"elementor-icon-box-description\">\n\t\t\t\t\t\t<a href=\"mailto:bibi@bibifood.sk\">bibi@bibifood.sk<a\/>\t\t\t\t\t<\/p>\n\t\t\t\t\t\t\t<\/div>\n\t\t<\/div>\n\t\t\t\t<\/div>\n\t\t\t\t<\/div>\n\t\t\t\t\t<\/div>\n\t\t<\/div>\n\t\t\t\t\t\t\t<\/div>\n\t\t<\/section>\n\t\t\t\t\t\t\t<\/div>\n\t\t","protected":false},"excerpt":{"rendered":"<p>Kakaov\u00e9 vank\u00fa\u0161iky s\u00a0n\u00e1pl\u0148ou\/ kakaov\u00e1 pr\u00edchu\u0165 &#8211; bez lepku, bez palmov\u00e9ho oleja Trvanliv\u00e9 pe\u010divo &#8211; extrudovan\u00fd v\u00fdrobok. \u00a0 zlo\u017eenie: \u00a0 extrud\u00e1t (kukuri\u010dn\u00e1 m\u00faka, ry\u017eov\u00e1 m\u00faka, cukor, kakaov\u00fd pr\u00e1\u0161ok so zn\u00ed\u017een\u00fdm obsahom tuku, lakt\u00f3za, jedl\u00e1 so\u013e), n\u00e1pl\u0148 s\u00a0kakaovou pr\u00edchu\u0165ou 30% (cukor, rastlinn\u00e9 tuky (olej z maslovn\u00edka), su\u0161en\u00e1 srv\u00e1tka, kakaov\u00e1 hmota 5%, kakaov\u00fd pr\u00e1\u0161ok so zn\u00ed\u017een\u00fdm obsahom tuku 4,6%, zemiakov\u00fd \u0161krob, su\u0161en\u00e9 odstreden\u00e9 mlieko, emulg\u00e1tor: slne\u010dnicov\u00fd lecit\u00edn; pr\u00edrodn\u00e1 vanilkov\u00e1 ar\u00f3ma). \u00a0 V\u00fdrobok m\u00f4\u017ee obsahova\u0165 stopy ara\u0161idov, orechov, s\u00f3je a sezamu. \u00a0 Skladujte v suchu a chr\u00e1\u0148te pred teplom. \u00a0 V\u00fd\u017eivov\u00e9 \u00fadaje na: 100 g \u00a0 Energia 1893 kJ (450 kcal) Tuky 14 g &#8211; z toho nas\u00fdten\u00e9 mastn\u00e9 kyseliny 5,3 g Sacharidy 76 g &#8211; z toho cukry 33 g Vl\u00e1knina 1,1 g Bielkoviny 5,5 g So\u013e 0,3 g V\u0161eobecn\u00e9 obchodn\u00e9 podmienky Nap\u00ed\u0161te n\u00e1m Kontakt:SILMARK SK s.r.o.Po\u013en\u00e1 850\/4Ve\u013ek\u00fd Krt\u00ed\u0161 99001 +421 47 4882222 +421 47 4882222 bibi@bibifood.sk<\/p>\n","protected":false},"author":1,"featured_media":0,"parent":0,"menu_order":0,"comment_status":"closed","ping_status":"closed","template":"elementor_header_footer","meta":[],"_links":{"self":[{"href":"https:\/\/www.bibifood.sk\/index.php\/wp-json\/wp\/v2\/pages\/363"}],"collection":[{"href":"https:\/\/www.bibifood.sk\/index.php\/wp-json\/wp\/v2\/pages"}],"about":[{"href":"https:\/\/www.bibifood.sk\/index.php\/wp-json\/wp\/v2\/types\/page"}],"author":[{"embeddable":true,"href":"https:\/\/www.bibifood.sk\/index.php\/wp-json\/wp\/v2\/users\/1"}],"replies":[{"embeddable":true,"href":"https:\/\/www.bibifood.sk\/index.php\/wp-json\/wp\/v2\/comments?post=363"}],"version-history":[{"count":7,"href":"https:\/\/www.bibifood.sk\/index.php\/wp-json\/wp\/v2\/pages\/363\/revisions"}],"predecessor-version":[{"id":534,"href":"https:\/\/www.bibifood.sk\/index.php\/wp-json\/wp\/v2\/pages\/363\/revisions\/534"}],"wp:attachment":[{"href":"https:\/\/www.bibifood.sk\/index.php\/wp-json\/wp\/v2\/media?parent=363"}],"curies":[{"name":"wp","href":"https:\/\/api.w.org\/{rel}","templated":true}]}}